{"id":970,"date":"2021-10-20T09:28:19","date_gmt":"2021-10-20T07:28:19","guid":{"rendered":"http:\/\/www.keol-services.com\/?page_id=970"},"modified":"2022-02-23T10:10:27","modified_gmt":"2022-02-23T09:10:27","slug":"traiter-une-surface","status":"publish","type":"page","link":"https:\/\/keol.agencezebra.link\/fr\/produits-keol\/traiter-une-surface\/","title":{"rendered":"Pr\u00e9paration de surface"},"content":{"rendered":"<p>Traiter une surface avant collage pr\u00e9pare le support et garantit la tenue longue dur\u00e9e et la fiabilit\u00e9 des assemblages.<\/p>\n<p>Pourquoi traiter une surface avant collage\/enrobage ?<\/p>\n<ul>\n<li>Pour modifier la propri\u00e9t\u00e9 de la surface (activation de surface)<\/li>\n<li>Pour am\u00e9liorer l\u2019adh\u00e9rence du support<\/li>\n<li>Pour nettoyer, d\u00e9poussi\u00e9rer, d\u00e9graisser le mat\u00e9riau<\/li>\n<\/ul>\n","protected":false},"excerpt":{"rendered":"Traiter une surface avant collage pr\u00e9pare le support et garantit la tenue longue dur\u00e9e et la fiabilit\u00e9 des assemblages. Pourquoi traiter une surface avant collage\/enrobage ? Pour modifier la propri\u00e9t\u00e9&#8230;","protected":false},"author":1,"featured_media":2385,"parent":897,"menu_order":0,"comment_status":"closed","ping_status":"closed","template":"page-templates\/page-produits-autres.php","meta":{"_acf_changed":false,"inline_featured_image":false,"footnotes":""},"tags":[],"class_list":["post-970","page","type-page","status-publish","has-post-thumbnail","hentry"],"acf":[],"yoast_head":"<!-- This site is optimized with the Yoast SEO plugin v25.6 - https:\/\/yoast.com\/wordpress\/plugins\/seo\/ -->\n<title>Traiter une surface - KEOL<\/title>\n<meta name=\"description\" content=\"Traitement de surface KEOL .Traiter une surface pr\u00e9pare le support et garantit la tenue longue dur\u00e9e et la fiabilit\u00e9 des assemblages.\" \/>\n<meta name=\"robots\" content=\"index, follow, max-snippet:-1, max-image-preview:large, max-video-preview:-1\" \/>\n<link rel=\"canonical\" href=\"https:\/\/keol.agencezebra.link\/fr\/produits-keol\/traiter-une-surface\/\" \/>\n<meta property=\"og:locale\" content=\"fr_FR\" \/>\n<meta property=\"og:type\" content=\"article\" \/>\n<meta property=\"og:title\" content=\"Traiter une surface - KEOL\" \/>\n<meta property=\"og:description\" content=\"Traitement de surface KEOL .Traiter une surface pr\u00e9pare le support et garantit la tenue longue dur\u00e9e et la fiabilit\u00e9 des assemblages.\" \/>\n<meta property=\"og:url\" content=\"https:\/\/keol.agencezebra.link\/fr\/produits-keol\/traiter-une-surface\/\" \/>\n<meta property=\"og:site_name\" content=\"Keol\" \/>\n<meta property=\"article:modified_time\" content=\"2022-02-23T09:10:27+00:00\" \/>\n<meta property=\"og:image\" content=\"https:\/\/keol.agencezebra.link\/wp-content\/uploads\/2021\/11\/PLASMASTAR.png\" \/>\n\t<meta property=\"og:image:width\" content=\"454\" \/>\n\t<meta property=\"og:image:height\" content=\"172\" \/>\n\t<meta property=\"og:image:type\" content=\"image\/png\" \/>\n<meta name=\"twitter:card\" content=\"summary_large_image\" \/>\n<script type=\"application\/ld+json\" class=\"yoast-schema-graph\">{\"@context\":\"https:\/\/schema.org\",\"@graph\":[{\"@type\":\"WebPage\",\"@id\":\"https:\/\/keol.agencezebra.link\/fr\/produits-keol\/traiter-une-surface\/\",\"url\":\"https:\/\/keol.agencezebra.link\/fr\/produits-keol\/traiter-une-surface\/\",\"name\":\"Traiter une surface - KEOL\",\"isPartOf\":{\"@id\":\"https:\/\/keol.agencezebra.link\/fr\/#website\"},\"primaryImageOfPage\":{\"@id\":\"https:\/\/keol.agencezebra.link\/fr\/produits-keol\/traiter-une-surface\/#primaryimage\"},\"image\":{\"@id\":\"https:\/\/keol.agencezebra.link\/fr\/produits-keol\/traiter-une-surface\/#primaryimage\"},\"thumbnailUrl\":\"https:\/\/keol.agencezebra.link\/wp-content\/uploads\/2021\/11\/PLASMASTAR.png\",\"datePublished\":\"2021-10-20T07:28:19+00:00\",\"dateModified\":\"2022-02-23T09:10:27+00:00\",\"description\":\"Traitement de surface KEOL .Traiter une surface pr\u00e9pare le support et garantit la tenue longue dur\u00e9e et la fiabilit\u00e9 des assemblages.\",\"breadcrumb\":{\"@id\":\"https:\/\/keol.agencezebra.link\/fr\/produits-keol\/traiter-une-surface\/#breadcrumb\"},\"inLanguage\":\"fr-FR\",\"potentialAction\":[{\"@type\":\"ReadAction\",\"target\":[\"https:\/\/keol.agencezebra.link\/fr\/produits-keol\/traiter-une-surface\/\"]}]},{\"@type\":\"ImageObject\",\"inLanguage\":\"fr-FR\",\"@id\":\"https:\/\/keol.agencezebra.link\/fr\/produits-keol\/traiter-une-surface\/#primaryimage\",\"url\":\"https:\/\/keol.agencezebra.link\/wp-content\/uploads\/2021\/11\/PLASMASTAR.png\",\"contentUrl\":\"https:\/\/keol.agencezebra.link\/wp-content\/uploads\/2021\/11\/PLASMASTAR.png\",\"width\":454,\"height\":172},{\"@type\":\"BreadcrumbList\",\"@id\":\"https:\/\/keol.agencezebra.link\/fr\/produits-keol\/traiter-une-surface\/#breadcrumb\",\"itemListElement\":[{\"@type\":\"ListItem\",\"position\":1,\"name\":\"Produits\",\"item\":\"https:\/\/keol.agencezebra.link\/fr\/produits-keol\/\"},{\"@type\":\"ListItem\",\"position\":2,\"name\":\"Pr\u00e9paration de surface\"}]},{\"@type\":\"WebSite\",\"@id\":\"https:\/\/keol.agencezebra.link\/fr\/#website\",\"url\":\"https:\/\/keol.agencezebra.link\/fr\/\",\"name\":\"Keol\",\"description\":\"Collage haute pr\u00e9cision\",\"potentialAction\":[{\"@type\":\"SearchAction\",\"target\":{\"@type\":\"EntryPoint\",\"urlTemplate\":\"https:\/\/keol.agencezebra.link\/fr\/?s={search_term_string}\"},\"query-input\":{\"@type\":\"PropertyValueSpecification\",\"valueRequired\":true,\"valueName\":\"search_term_string\"}}],\"inLanguage\":\"fr-FR\"}]}<\/script>\n<!-- \/ Yoast SEO plugin. -->","yoast_head_json":{"title":"Traiter une surface - KEOL","description":"Traitement de surface KEOL .Traiter une surface pr\u00e9pare le support et garantit la tenue longue dur\u00e9e et la fiabilit\u00e9 des assemblages.","robots":{"index":"index","follow":"follow","max-snippet":"max-snippet:-1","max-image-preview":"max-image-preview:large","max-video-preview":"max-video-preview:-1"},"canonical":"https:\/\/keol.agencezebra.link\/fr\/produits-keol\/traiter-une-surface\/","og_locale":"fr_FR","og_type":"article","og_title":"Traiter une surface - KEOL","og_description":"Traitement de surface KEOL .Traiter une surface pr\u00e9pare le support et garantit la tenue longue dur\u00e9e et la fiabilit\u00e9 des assemblages.","og_url":"https:\/\/keol.agencezebra.link\/fr\/produits-keol\/traiter-une-surface\/","og_site_name":"Keol","article_modified_time":"2022-02-23T09:10:27+00:00","og_image":[{"width":454,"height":172,"url":"https:\/\/keol.agencezebra.link\/wp-content\/uploads\/2021\/11\/PLASMASTAR.png","type":"image\/png"}],"twitter_card":"summary_large_image","schema":{"@context":"https:\/\/schema.org","@graph":[{"@type":"WebPage","@id":"https:\/\/keol.agencezebra.link\/fr\/produits-keol\/traiter-une-surface\/","url":"https:\/\/keol.agencezebra.link\/fr\/produits-keol\/traiter-une-surface\/","name":"Traiter une surface - KEOL","isPartOf":{"@id":"https:\/\/keol.agencezebra.link\/fr\/#website"},"primaryImageOfPage":{"@id":"https:\/\/keol.agencezebra.link\/fr\/produits-keol\/traiter-une-surface\/#primaryimage"},"image":{"@id":"https:\/\/keol.agencezebra.link\/fr\/produits-keol\/traiter-une-surface\/#primaryimage"},"thumbnailUrl":"https:\/\/keol.agencezebra.link\/wp-content\/uploads\/2021\/11\/PLASMASTAR.png","datePublished":"2021-10-20T07:28:19+00:00","dateModified":"2022-02-23T09:10:27+00:00","description":"Traitement de surface KEOL .Traiter une surface pr\u00e9pare le support et garantit la tenue longue dur\u00e9e et la fiabilit\u00e9 des assemblages.","breadcrumb":{"@id":"https:\/\/keol.agencezebra.link\/fr\/produits-keol\/traiter-une-surface\/#breadcrumb"},"inLanguage":"fr-FR","potentialAction":[{"@type":"ReadAction","target":["https:\/\/keol.agencezebra.link\/fr\/produits-keol\/traiter-une-surface\/"]}]},{"@type":"ImageObject","inLanguage":"fr-FR","@id":"https:\/\/keol.agencezebra.link\/fr\/produits-keol\/traiter-une-surface\/#primaryimage","url":"https:\/\/keol.agencezebra.link\/wp-content\/uploads\/2021\/11\/PLASMASTAR.png","contentUrl":"https:\/\/keol.agencezebra.link\/wp-content\/uploads\/2021\/11\/PLASMASTAR.png","width":454,"height":172},{"@type":"BreadcrumbList","@id":"https:\/\/keol.agencezebra.link\/fr\/produits-keol\/traiter-une-surface\/#breadcrumb","itemListElement":[{"@type":"ListItem","position":1,"name":"Produits","item":"https:\/\/keol.agencezebra.link\/fr\/produits-keol\/"},{"@type":"ListItem","position":2,"name":"Pr\u00e9paration de surface"}]},{"@type":"WebSite","@id":"https:\/\/keol.agencezebra.link\/fr\/#website","url":"https:\/\/keol.agencezebra.link\/fr\/","name":"Keol","description":"Collage haute pr\u00e9cision","potentialAction":[{"@type":"SearchAction","target":{"@type":"EntryPoint","urlTemplate":"https:\/\/keol.agencezebra.link\/fr\/?s={search_term_string}"},"query-input":{"@type":"PropertyValueSpecification","valueRequired":true,"valueName":"search_term_string"}}],"inLanguage":"fr-FR"}]}},"_links":{"self":[{"href":"https:\/\/keol.agencezebra.link\/fr\/wp-json\/wp\/v2\/pages\/970"}],"collection":[{"href":"https:\/\/keol.agencezebra.link\/fr\/wp-json\/wp\/v2\/pages"}],"about":[{"href":"https:\/\/keol.agencezebra.link\/fr\/wp-json\/wp\/v2\/types\/page"}],"author":[{"embeddable":true,"href":"https:\/\/keol.agencezebra.link\/fr\/wp-json\/wp\/v2\/users\/1"}],"replies":[{"embeddable":true,"href":"https:\/\/keol.agencezebra.link\/fr\/wp-json\/wp\/v2\/comments?post=970"}],"version-history":[{"count":19,"href":"https:\/\/keol.agencezebra.link\/fr\/wp-json\/wp\/v2\/pages\/970\/revisions"}],"predecessor-version":[{"id":5885,"href":"https:\/\/keol.agencezebra.link\/fr\/wp-json\/wp\/v2\/pages\/970\/revisions\/5885"}],"up":[{"embeddable":true,"href":"https:\/\/keol.agencezebra.link\/fr\/wp-json\/wp\/v2\/pages\/897"}],"wp:featuredmedia":[{"embeddable":true,"href":"https:\/\/keol.agencezebra.link\/fr\/wp-json\/wp\/v2\/media\/2385"}],"wp:attachment":[{"href":"https:\/\/keol.agencezebra.link\/fr\/wp-json\/wp\/v2\/media?parent=970"}],"wp:term":[{"taxonomy":"post_tag","embeddable":true,"href":"https:\/\/keol.agencezebra.link\/fr\/wp-json\/wp\/v2\/tags?post=970"}],"curies":[{"name":"wp","href":"https:\/\/api.w.org\/{rel}","templated":true}]}}