{"id":962,"date":"2021-10-19T17:29:59","date_gmt":"2021-10-19T15:29:59","guid":{"rendered":"http:\/\/www.keol-services.com\/?page_id=962"},"modified":"2022-02-23T10:13:32","modified_gmt":"2022-02-23T09:13:32","slug":"colles-gamme-hybrides","status":"publish","type":"page","link":"https:\/\/keol.agencezebra.link\/fr\/produits-keol\/colles-gamme-hybrides\/","title":{"rendered":"Colles Gamme HYBRIDES"},"content":{"rendered":"<p>La colle hybride est un adh\u00e9sif bi-composants polym\u00e9risable disponible en base cyanoacrylate d\u2019\u00e9thyle ou de m\u00e9thyle et destin\u00e9 aux applications d\u2019assemblage de m\u00e9taux, plastique et du verre. Le durcissement de la colle hybride s\u2019effectue par le m\u00e9lange des deux composants.<\/p>\n<p>La colle hybride est extr\u00eamement rapide \u00e0 polym\u00e9riser. Elle colle en quelques secondes et r\u00e9pare en quelques minutes. Elle est r\u00e9siste, usinable et peut \u00eatre peinte, id\u00e9ale pour combler les jeux entre les assembl\u00e9s.<\/p>\n","protected":false},"excerpt":{"rendered":"La colle hybride est un adh\u00e9sif bi-composants polym\u00e9risable disponible en base cyanoacrylate d\u2019\u00e9thyle ou de m\u00e9thyle et destin\u00e9 aux applications d\u2019assemblage de m\u00e9taux, plastique et du verre. Le durcissement de&#8230;","protected":false},"author":1,"featured_media":1727,"parent":897,"menu_order":0,"comment_status":"closed","ping_status":"closed","template":"page-templates\/page-produits-colles.php","meta":{"_acf_changed":false,"inline_featured_image":false,"footnotes":""},"tags":[],"class_list":["post-962","page","type-page","status-publish","has-post-thumbnail","hentry"],"acf":[],"yoast_head":"<!-- This site is optimized with the Yoast SEO plugin v25.6 - https:\/\/yoast.com\/wordpress\/plugins\/seo\/ -->\n<title>Colles GAMME HYBRIDES<\/title>\n<meta name=\"description\" content=\"Colles GAMME HYBRIDES. La colle hybride est un adh\u00e9sif bi-composants polym\u00e9risable disponible en base cyanoacrylate d\u2019\u00e9thyle ou de m\u00e9thyle\" \/>\n<meta name=\"robots\" content=\"index, follow, max-snippet:-1, max-image-preview:large, max-video-preview:-1\" \/>\n<link rel=\"canonical\" href=\"https:\/\/keol.agencezebra.link\/fr\/produits-keol\/colles-gamme-hybrides\/\" \/>\n<meta property=\"og:locale\" content=\"fr_FR\" \/>\n<meta property=\"og:type\" content=\"article\" \/>\n<meta property=\"og:title\" content=\"Colles GAMME HYBRIDES\" \/>\n<meta property=\"og:description\" content=\"Colles GAMME HYBRIDES. La colle hybride est un adh\u00e9sif bi-composants polym\u00e9risable disponible en base cyanoacrylate d\u2019\u00e9thyle ou de m\u00e9thyle\" \/>\n<meta property=\"og:url\" content=\"https:\/\/keol.agencezebra.link\/fr\/produits-keol\/colles-gamme-hybrides\/\" \/>\n<meta property=\"og:site_name\" content=\"Keol\" \/>\n<meta property=\"article:modified_time\" content=\"2022-02-23T09:13:32+00:00\" \/>\n<meta property=\"og:image\" content=\"https:\/\/keol.agencezebra.link\/wp-content\/uploads\/2021\/11\/COLLES-HYBRIDES.jpg\" \/>\n\t<meta property=\"og:image:width\" content=\"455\" \/>\n\t<meta property=\"og:image:height\" content=\"303\" \/>\n\t<meta property=\"og:image:type\" content=\"image\/jpeg\" \/>\n<meta name=\"twitter:card\" content=\"summary_large_image\" \/>\n<script type=\"application\/ld+json\" class=\"yoast-schema-graph\">{\"@context\":\"https:\/\/schema.org\",\"@graph\":[{\"@type\":\"WebPage\",\"@id\":\"https:\/\/keol.agencezebra.link\/fr\/produits-keol\/colles-gamme-hybrides\/\",\"url\":\"https:\/\/keol.agencezebra.link\/fr\/produits-keol\/colles-gamme-hybrides\/\",\"name\":\"Colles GAMME HYBRIDES\",\"isPartOf\":{\"@id\":\"https:\/\/keol.agencezebra.link\/fr\/#website\"},\"primaryImageOfPage\":{\"@id\":\"https:\/\/keol.agencezebra.link\/fr\/produits-keol\/colles-gamme-hybrides\/#primaryimage\"},\"image\":{\"@id\":\"https:\/\/keol.agencezebra.link\/fr\/produits-keol\/colles-gamme-hybrides\/#primaryimage\"},\"thumbnailUrl\":\"https:\/\/keol.agencezebra.link\/wp-content\/uploads\/2021\/11\/COLLES-HYBRIDES.jpg\",\"datePublished\":\"2021-10-19T15:29:59+00:00\",\"dateModified\":\"2022-02-23T09:13:32+00:00\",\"description\":\"Colles GAMME HYBRIDES. La colle hybride est un adh\u00e9sif bi-composants polym\u00e9risable disponible en base cyanoacrylate d\u2019\u00e9thyle ou de m\u00e9thyle\",\"breadcrumb\":{\"@id\":\"https:\/\/keol.agencezebra.link\/fr\/produits-keol\/colles-gamme-hybrides\/#breadcrumb\"},\"inLanguage\":\"fr-FR\",\"potentialAction\":[{\"@type\":\"ReadAction\",\"target\":[\"https:\/\/keol.agencezebra.link\/fr\/produits-keol\/colles-gamme-hybrides\/\"]}]},{\"@type\":\"ImageObject\",\"inLanguage\":\"fr-FR\",\"@id\":\"https:\/\/keol.agencezebra.link\/fr\/produits-keol\/colles-gamme-hybrides\/#primaryimage\",\"url\":\"https:\/\/keol.agencezebra.link\/wp-content\/uploads\/2021\/11\/COLLES-HYBRIDES.jpg\",\"contentUrl\":\"https:\/\/keol.agencezebra.link\/wp-content\/uploads\/2021\/11\/COLLES-HYBRIDES.jpg\",\"width\":455,\"height\":303},{\"@type\":\"BreadcrumbList\",\"@id\":\"https:\/\/keol.agencezebra.link\/fr\/produits-keol\/colles-gamme-hybrides\/#breadcrumb\",\"itemListElement\":[{\"@type\":\"ListItem\",\"position\":1,\"name\":\"Produits\",\"item\":\"https:\/\/keol.agencezebra.link\/fr\/produits-keol\/\"},{\"@type\":\"ListItem\",\"position\":2,\"name\":\"Colles Gamme HYBRIDES\"}]},{\"@type\":\"WebSite\",\"@id\":\"https:\/\/keol.agencezebra.link\/fr\/#website\",\"url\":\"https:\/\/keol.agencezebra.link\/fr\/\",\"name\":\"Keol\",\"description\":\"Collage haute pr\u00e9cision\",\"potentialAction\":[{\"@type\":\"SearchAction\",\"target\":{\"@type\":\"EntryPoint\",\"urlTemplate\":\"https:\/\/keol.agencezebra.link\/fr\/?s={search_term_string}\"},\"query-input\":{\"@type\":\"PropertyValueSpecification\",\"valueRequired\":true,\"valueName\":\"search_term_string\"}}],\"inLanguage\":\"fr-FR\"}]}<\/script>\n<!-- \/ Yoast SEO plugin. -->","yoast_head_json":{"title":"Colles GAMME HYBRIDES","description":"Colles GAMME HYBRIDES. La colle hybride est un adh\u00e9sif bi-composants polym\u00e9risable disponible en base cyanoacrylate d\u2019\u00e9thyle ou de m\u00e9thyle","robots":{"index":"index","follow":"follow","max-snippet":"max-snippet:-1","max-image-preview":"max-image-preview:large","max-video-preview":"max-video-preview:-1"},"canonical":"https:\/\/keol.agencezebra.link\/fr\/produits-keol\/colles-gamme-hybrides\/","og_locale":"fr_FR","og_type":"article","og_title":"Colles GAMME HYBRIDES","og_description":"Colles GAMME HYBRIDES. La colle hybride est un adh\u00e9sif bi-composants polym\u00e9risable disponible en base cyanoacrylate d\u2019\u00e9thyle ou de m\u00e9thyle","og_url":"https:\/\/keol.agencezebra.link\/fr\/produits-keol\/colles-gamme-hybrides\/","og_site_name":"Keol","article_modified_time":"2022-02-23T09:13:32+00:00","og_image":[{"width":455,"height":303,"url":"https:\/\/keol.agencezebra.link\/wp-content\/uploads\/2021\/11\/COLLES-HYBRIDES.jpg","type":"image\/jpeg"}],"twitter_card":"summary_large_image","schema":{"@context":"https:\/\/schema.org","@graph":[{"@type":"WebPage","@id":"https:\/\/keol.agencezebra.link\/fr\/produits-keol\/colles-gamme-hybrides\/","url":"https:\/\/keol.agencezebra.link\/fr\/produits-keol\/colles-gamme-hybrides\/","name":"Colles GAMME HYBRIDES","isPartOf":{"@id":"https:\/\/keol.agencezebra.link\/fr\/#website"},"primaryImageOfPage":{"@id":"https:\/\/keol.agencezebra.link\/fr\/produits-keol\/colles-gamme-hybrides\/#primaryimage"},"image":{"@id":"https:\/\/keol.agencezebra.link\/fr\/produits-keol\/colles-gamme-hybrides\/#primaryimage"},"thumbnailUrl":"https:\/\/keol.agencezebra.link\/wp-content\/uploads\/2021\/11\/COLLES-HYBRIDES.jpg","datePublished":"2021-10-19T15:29:59+00:00","dateModified":"2022-02-23T09:13:32+00:00","description":"Colles GAMME HYBRIDES. La colle hybride est un adh\u00e9sif bi-composants polym\u00e9risable disponible en base cyanoacrylate d\u2019\u00e9thyle ou de m\u00e9thyle","breadcrumb":{"@id":"https:\/\/keol.agencezebra.link\/fr\/produits-keol\/colles-gamme-hybrides\/#breadcrumb"},"inLanguage":"fr-FR","potentialAction":[{"@type":"ReadAction","target":["https:\/\/keol.agencezebra.link\/fr\/produits-keol\/colles-gamme-hybrides\/"]}]},{"@type":"ImageObject","inLanguage":"fr-FR","@id":"https:\/\/keol.agencezebra.link\/fr\/produits-keol\/colles-gamme-hybrides\/#primaryimage","url":"https:\/\/keol.agencezebra.link\/wp-content\/uploads\/2021\/11\/COLLES-HYBRIDES.jpg","contentUrl":"https:\/\/keol.agencezebra.link\/wp-content\/uploads\/2021\/11\/COLLES-HYBRIDES.jpg","width":455,"height":303},{"@type":"BreadcrumbList","@id":"https:\/\/keol.agencezebra.link\/fr\/produits-keol\/colles-gamme-hybrides\/#breadcrumb","itemListElement":[{"@type":"ListItem","position":1,"name":"Produits","item":"https:\/\/keol.agencezebra.link\/fr\/produits-keol\/"},{"@type":"ListItem","position":2,"name":"Colles Gamme HYBRIDES"}]},{"@type":"WebSite","@id":"https:\/\/keol.agencezebra.link\/fr\/#website","url":"https:\/\/keol.agencezebra.link\/fr\/","name":"Keol","description":"Collage haute pr\u00e9cision","potentialAction":[{"@type":"SearchAction","target":{"@type":"EntryPoint","urlTemplate":"https:\/\/keol.agencezebra.link\/fr\/?s={search_term_string}"},"query-input":{"@type":"PropertyValueSpecification","valueRequired":true,"valueName":"search_term_string"}}],"inLanguage":"fr-FR"}]}},"_links":{"self":[{"href":"https:\/\/keol.agencezebra.link\/fr\/wp-json\/wp\/v2\/pages\/962"}],"collection":[{"href":"https:\/\/keol.agencezebra.link\/fr\/wp-json\/wp\/v2\/pages"}],"about":[{"href":"https:\/\/keol.agencezebra.link\/fr\/wp-json\/wp\/v2\/types\/page"}],"author":[{"embeddable":true,"href":"https:\/\/keol.agencezebra.link\/fr\/wp-json\/wp\/v2\/users\/1"}],"replies":[{"embeddable":true,"href":"https:\/\/keol.agencezebra.link\/fr\/wp-json\/wp\/v2\/comments?post=962"}],"version-history":[{"count":10,"href":"https:\/\/keol.agencezebra.link\/fr\/wp-json\/wp\/v2\/pages\/962\/revisions"}],"predecessor-version":[{"id":3155,"href":"https:\/\/keol.agencezebra.link\/fr\/wp-json\/wp\/v2\/pages\/962\/revisions\/3155"}],"up":[{"embeddable":true,"href":"https:\/\/keol.agencezebra.link\/fr\/wp-json\/wp\/v2\/pages\/897"}],"wp:featuredmedia":[{"embeddable":true,"href":"https:\/\/keol.agencezebra.link\/fr\/wp-json\/wp\/v2\/media\/1727"}],"wp:attachment":[{"href":"https:\/\/keol.agencezebra.link\/fr\/wp-json\/wp\/v2\/media?parent=962"}],"wp:term":[{"taxonomy":"post_tag","embeddable":true,"href":"https:\/\/keol.agencezebra.link\/fr\/wp-json\/wp\/v2\/tags?post=962"}],"curies":[{"name":"wp","href":"https:\/\/api.w.org\/{rel}","templated":true}]}}