{"id":960,"date":"2021-10-19T17:28:31","date_gmt":"2021-10-19T15:28:31","guid":{"rendered":"http:\/\/www.keol-services.com\/?page_id=960"},"modified":"2022-02-21T11:14:13","modified_gmt":"2022-02-21T10:14:13","slug":"colles-gamme-cyanoacrylate","status":"publish","type":"page","link":"https:\/\/keol.agencezebra.link\/fr\/produits-keol\/colles-gamme-cyanoacrylate\/","title":{"rendered":"Colles Gamme CYANOACRYLATE"},"content":{"rendered":"<p>La colle cyanoacrylate est un adh\u00e9sif mono-composant polym\u00e9risable disponible en base cyanoacrylate d\u2019\u00e9thyle ou de m\u00e9thyle et destin\u00e9 aux applications d\u2019assemblage de m\u00e9taux, caoutchouc, cuir, plastique et bois. Le durcissement de la colle cyanoacrylate s\u2019effectue par exposition de l\u2019adh\u00e9sif \u00e0 lumi\u00e8re visible et \u00e0 l\u2019humidit\u00e9 de l\u2019air et donne un tr\u00e8s bon rendu esth\u00e9tique.<\/p>\n<p>Pris\u00e9e pour les op\u00e9rations de collage \u00e0 fortes contraintes de forte r\u00e9sistance et rapide.<\/p>\n<p>Cette propri\u00e9t\u00e9 essentielle pour une colle cyanoacrylate offre une discr\u00e9tion totale du collage \u00e0 l\u2019issue de l\u2019assemblage des mat\u00e9riaux.<\/p>\n","protected":false},"excerpt":{"rendered":"La colle cyanoacrylate est un adh\u00e9sif mono-composant polym\u00e9risable disponible en base cyanoacrylate d\u2019\u00e9thyle ou de m\u00e9thyle et destin\u00e9 aux applications d\u2019assemblage de m\u00e9taux, caoutchouc, cuir, plastique et bois. Le durcissement&#8230;","protected":false},"author":1,"featured_media":1728,"parent":897,"menu_order":0,"comment_status":"closed","ping_status":"closed","template":"page-templates\/page-produits-colles.php","meta":{"_acf_changed":false,"inline_featured_image":false,"footnotes":""},"tags":[],"class_list":["post-960","page","type-page","status-publish","has-post-thumbnail","hentry"],"acf":[],"yoast_head":"<!-- This site is optimized with the Yoast SEO plugin v25.6 - https:\/\/yoast.com\/wordpress\/plugins\/seo\/ -->\n<title>Colles gamme cyanoacrylate<\/title>\n<meta name=\"description\" content=\"colles gamme cyanoacrylate destin\u00e9 aux applications d\u2019assemblage de m\u00e9taux, caoutchouc, cuir, plastique et bois.\" \/>\n<meta name=\"robots\" content=\"index, follow, max-snippet:-1, max-image-preview:large, max-video-preview:-1\" \/>\n<link rel=\"canonical\" href=\"https:\/\/keol.agencezebra.link\/fr\/produits-keol\/colles-gamme-cyanoacrylate\/\" \/>\n<meta property=\"og:locale\" content=\"fr_FR\" \/>\n<meta property=\"og:type\" content=\"article\" \/>\n<meta property=\"og:title\" content=\"Colles gamme cyanoacrylate\" \/>\n<meta property=\"og:description\" content=\"colles gamme cyanoacrylate destin\u00e9 aux applications d\u2019assemblage de m\u00e9taux, caoutchouc, cuir, plastique et bois.\" \/>\n<meta property=\"og:url\" content=\"https:\/\/keol.agencezebra.link\/fr\/produits-keol\/colles-gamme-cyanoacrylate\/\" \/>\n<meta property=\"og:site_name\" content=\"Keol\" \/>\n<meta property=\"article:modified_time\" content=\"2022-02-21T10:14:13+00:00\" \/>\n<meta property=\"og:image\" content=\"https:\/\/keol.agencezebra.link\/wp-content\/uploads\/2021\/11\/COLLES-CYANO-1.jpg\" \/>\n\t<meta property=\"og:image:width\" content=\"455\" \/>\n\t<meta property=\"og:image:height\" content=\"303\" \/>\n\t<meta property=\"og:image:type\" content=\"image\/jpeg\" \/>\n<meta name=\"twitter:card\" content=\"summary_large_image\" \/>\n<meta name=\"twitter:label1\" content=\"Dur\u00e9e de lecture estim\u00e9e\" \/>\n\t<meta name=\"twitter:data1\" content=\"1 minute\" \/>\n<script type=\"application\/ld+json\" class=\"yoast-schema-graph\">{\"@context\":\"https:\/\/schema.org\",\"@graph\":[{\"@type\":\"WebPage\",\"@id\":\"https:\/\/keol.agencezebra.link\/fr\/produits-keol\/colles-gamme-cyanoacrylate\/\",\"url\":\"https:\/\/keol.agencezebra.link\/fr\/produits-keol\/colles-gamme-cyanoacrylate\/\",\"name\":\"Colles gamme cyanoacrylate\",\"isPartOf\":{\"@id\":\"https:\/\/keol.agencezebra.link\/fr\/#website\"},\"primaryImageOfPage\":{\"@id\":\"https:\/\/keol.agencezebra.link\/fr\/produits-keol\/colles-gamme-cyanoacrylate\/#primaryimage\"},\"image\":{\"@id\":\"https:\/\/keol.agencezebra.link\/fr\/produits-keol\/colles-gamme-cyanoacrylate\/#primaryimage\"},\"thumbnailUrl\":\"https:\/\/keol.agencezebra.link\/wp-content\/uploads\/2021\/11\/COLLES-CYANO-1.jpg\",\"datePublished\":\"2021-10-19T15:28:31+00:00\",\"dateModified\":\"2022-02-21T10:14:13+00:00\",\"description\":\"colles gamme cyanoacrylate destin\u00e9 aux applications d\u2019assemblage de m\u00e9taux, caoutchouc, cuir, plastique et bois.\",\"breadcrumb\":{\"@id\":\"https:\/\/keol.agencezebra.link\/fr\/produits-keol\/colles-gamme-cyanoacrylate\/#breadcrumb\"},\"inLanguage\":\"fr-FR\",\"potentialAction\":[{\"@type\":\"ReadAction\",\"target\":[\"https:\/\/keol.agencezebra.link\/fr\/produits-keol\/colles-gamme-cyanoacrylate\/\"]}]},{\"@type\":\"ImageObject\",\"inLanguage\":\"fr-FR\",\"@id\":\"https:\/\/keol.agencezebra.link\/fr\/produits-keol\/colles-gamme-cyanoacrylate\/#primaryimage\",\"url\":\"https:\/\/keol.agencezebra.link\/wp-content\/uploads\/2021\/11\/COLLES-CYANO-1.jpg\",\"contentUrl\":\"https:\/\/keol.agencezebra.link\/wp-content\/uploads\/2021\/11\/COLLES-CYANO-1.jpg\",\"width\":455,\"height\":303,\"caption\":\"KEOL COLLES CYANO\"},{\"@type\":\"BreadcrumbList\",\"@id\":\"https:\/\/keol.agencezebra.link\/fr\/produits-keol\/colles-gamme-cyanoacrylate\/#breadcrumb\",\"itemListElement\":[{\"@type\":\"ListItem\",\"position\":1,\"name\":\"Produits\",\"item\":\"https:\/\/keol.agencezebra.link\/fr\/produits-keol\/\"},{\"@type\":\"ListItem\",\"position\":2,\"name\":\"Colles Gamme CYANOACRYLATE\"}]},{\"@type\":\"WebSite\",\"@id\":\"https:\/\/keol.agencezebra.link\/fr\/#website\",\"url\":\"https:\/\/keol.agencezebra.link\/fr\/\",\"name\":\"Keol\",\"description\":\"Collage haute pr\u00e9cision\",\"potentialAction\":[{\"@type\":\"SearchAction\",\"target\":{\"@type\":\"EntryPoint\",\"urlTemplate\":\"https:\/\/keol.agencezebra.link\/fr\/?s={search_term_string}\"},\"query-input\":{\"@type\":\"PropertyValueSpecification\",\"valueRequired\":true,\"valueName\":\"search_term_string\"}}],\"inLanguage\":\"fr-FR\"}]}<\/script>\n<!-- \/ Yoast SEO plugin. -->","yoast_head_json":{"title":"Colles gamme cyanoacrylate","description":"colles gamme cyanoacrylate destin\u00e9 aux applications d\u2019assemblage de m\u00e9taux, caoutchouc, cuir, plastique et bois.","robots":{"index":"index","follow":"follow","max-snippet":"max-snippet:-1","max-image-preview":"max-image-preview:large","max-video-preview":"max-video-preview:-1"},"canonical":"https:\/\/keol.agencezebra.link\/fr\/produits-keol\/colles-gamme-cyanoacrylate\/","og_locale":"fr_FR","og_type":"article","og_title":"Colles gamme cyanoacrylate","og_description":"colles gamme cyanoacrylate destin\u00e9 aux applications d\u2019assemblage de m\u00e9taux, caoutchouc, cuir, plastique et bois.","og_url":"https:\/\/keol.agencezebra.link\/fr\/produits-keol\/colles-gamme-cyanoacrylate\/","og_site_name":"Keol","article_modified_time":"2022-02-21T10:14:13+00:00","og_image":[{"width":455,"height":303,"url":"https:\/\/keol.agencezebra.link\/wp-content\/uploads\/2021\/11\/COLLES-CYANO-1.jpg","type":"image\/jpeg"}],"twitter_card":"summary_large_image","twitter_misc":{"Dur\u00e9e de lecture estim\u00e9e":"1 minute"},"schema":{"@context":"https:\/\/schema.org","@graph":[{"@type":"WebPage","@id":"https:\/\/keol.agencezebra.link\/fr\/produits-keol\/colles-gamme-cyanoacrylate\/","url":"https:\/\/keol.agencezebra.link\/fr\/produits-keol\/colles-gamme-cyanoacrylate\/","name":"Colles gamme cyanoacrylate","isPartOf":{"@id":"https:\/\/keol.agencezebra.link\/fr\/#website"},"primaryImageOfPage":{"@id":"https:\/\/keol.agencezebra.link\/fr\/produits-keol\/colles-gamme-cyanoacrylate\/#primaryimage"},"image":{"@id":"https:\/\/keol.agencezebra.link\/fr\/produits-keol\/colles-gamme-cyanoacrylate\/#primaryimage"},"thumbnailUrl":"https:\/\/keol.agencezebra.link\/wp-content\/uploads\/2021\/11\/COLLES-CYANO-1.jpg","datePublished":"2021-10-19T15:28:31+00:00","dateModified":"2022-02-21T10:14:13+00:00","description":"colles gamme cyanoacrylate destin\u00e9 aux applications d\u2019assemblage de m\u00e9taux, caoutchouc, cuir, plastique et bois.","breadcrumb":{"@id":"https:\/\/keol.agencezebra.link\/fr\/produits-keol\/colles-gamme-cyanoacrylate\/#breadcrumb"},"inLanguage":"fr-FR","potentialAction":[{"@type":"ReadAction","target":["https:\/\/keol.agencezebra.link\/fr\/produits-keol\/colles-gamme-cyanoacrylate\/"]}]},{"@type":"ImageObject","inLanguage":"fr-FR","@id":"https:\/\/keol.agencezebra.link\/fr\/produits-keol\/colles-gamme-cyanoacrylate\/#primaryimage","url":"https:\/\/keol.agencezebra.link\/wp-content\/uploads\/2021\/11\/COLLES-CYANO-1.jpg","contentUrl":"https:\/\/keol.agencezebra.link\/wp-content\/uploads\/2021\/11\/COLLES-CYANO-1.jpg","width":455,"height":303,"caption":"KEOL COLLES CYANO"},{"@type":"BreadcrumbList","@id":"https:\/\/keol.agencezebra.link\/fr\/produits-keol\/colles-gamme-cyanoacrylate\/#breadcrumb","itemListElement":[{"@type":"ListItem","position":1,"name":"Produits","item":"https:\/\/keol.agencezebra.link\/fr\/produits-keol\/"},{"@type":"ListItem","position":2,"name":"Colles Gamme CYANOACRYLATE"}]},{"@type":"WebSite","@id":"https:\/\/keol.agencezebra.link\/fr\/#website","url":"https:\/\/keol.agencezebra.link\/fr\/","name":"Keol","description":"Collage haute pr\u00e9cision","potentialAction":[{"@type":"SearchAction","target":{"@type":"EntryPoint","urlTemplate":"https:\/\/keol.agencezebra.link\/fr\/?s={search_term_string}"},"query-input":{"@type":"PropertyValueSpecification","valueRequired":true,"valueName":"search_term_string"}}],"inLanguage":"fr-FR"}]}},"_links":{"self":[{"href":"https:\/\/keol.agencezebra.link\/fr\/wp-json\/wp\/v2\/pages\/960"}],"collection":[{"href":"https:\/\/keol.agencezebra.link\/fr\/wp-json\/wp\/v2\/pages"}],"about":[{"href":"https:\/\/keol.agencezebra.link\/fr\/wp-json\/wp\/v2\/types\/page"}],"author":[{"embeddable":true,"href":"https:\/\/keol.agencezebra.link\/fr\/wp-json\/wp\/v2\/users\/1"}],"replies":[{"embeddable":true,"href":"https:\/\/keol.agencezebra.link\/fr\/wp-json\/wp\/v2\/comments?post=960"}],"version-history":[{"count":5,"href":"https:\/\/keol.agencezebra.link\/fr\/wp-json\/wp\/v2\/pages\/960\/revisions"}],"predecessor-version":[{"id":3147,"href":"https:\/\/keol.agencezebra.link\/fr\/wp-json\/wp\/v2\/pages\/960\/revisions\/3147"}],"up":[{"embeddable":true,"href":"https:\/\/keol.agencezebra.link\/fr\/wp-json\/wp\/v2\/pages\/897"}],"wp:featuredmedia":[{"embeddable":true,"href":"https:\/\/keol.agencezebra.link\/fr\/wp-json\/wp\/v2\/media\/1728"}],"wp:attachment":[{"href":"https:\/\/keol.agencezebra.link\/fr\/wp-json\/wp\/v2\/media?parent=960"}],"wp:term":[{"taxonomy":"post_tag","embeddable":true,"href":"https:\/\/keol.agencezebra.link\/fr\/wp-json\/wp\/v2\/tags?post=960"}],"curies":[{"name":"wp","href":"https:\/\/api.w.org\/{rel}","templated":true}]}}