{"id":956,"date":"2021-10-19T17:13:27","date_gmt":"2021-10-19T15:13:27","guid":{"rendered":"http:\/\/www.keol-services.com\/?page_id=956"},"modified":"2022-02-21T10:52:40","modified_gmt":"2022-02-21T09:52:40","slug":"colles-gamme-epoxy","status":"publish","type":"page","link":"https:\/\/keol.agencezebra.link\/fr\/produits-keol\/colles-gamme-epoxy\/","title":{"rendered":"Colles Gamme \u00c9POXY"},"content":{"rendered":"<p><strong><em>Colle structurale multi-mat\u00e9riaux durcissement \u00e0 chaud ou \u00e0 temp\u00e9rature ambiante.<\/em><\/strong><\/p>\n<p>La colle \u00e9poxy est une colle structurale principalement destin\u00e9e \u00e0 l\u2019<strong>assemblage industriel<\/strong>\u00a0et aux\u00a0<strong>assemblages multi-mat\u00e9riaux<\/strong>. Gr\u00e2ce \u00e0 son fort pouvoir adh\u00e9sif, la colle \u00e9poxy offre une tenue m\u00e9canique sup\u00e9rieure aux assemblages industriels. Ainsi, elle r\u00e9pond aux applications de collage sans cesse plus exigeantes des industries de pointe.<\/p>\n<p>La colle \u00e9poxy existe en\u00a0<strong>base mono-composante et bi-composante<\/strong>. S\u2019agissant du premier cas, la r\u00e9sine r\u00e9active durcit \u00e0 des temp\u00e9ratures \u00e9lev\u00e9es tandis que la r\u00e9sine bi-composante durcit \u00e0 temp\u00e9rature ambiante. La colle \u00e9poxy offre une v\u00e9ritable alternative aux proc\u00e9d\u00e9s d\u2019assemblage classiques : rivetage, soudage et brassage.<\/p>\n<p>Ces diff\u00e9rentes typologies de r\u00e9sines \u00e9poxy s\u2019utilisent notamment dans la\u00a0<strong>production de cartes \u00e0 puces et d\u2019\u00e9tiquettes RFID<\/strong>\u00a0ainsi que pour des composants volumineux ou sensibles \u00e0 la chaleur.<\/p>\n","protected":false},"excerpt":{"rendered":"Colle structurale multi-mat\u00e9riaux durcissement \u00e0 chaud ou \u00e0 temp\u00e9rature ambiante. La colle \u00e9poxy est une colle structurale principalement destin\u00e9e \u00e0 l\u2019assemblage industriel\u00a0et aux\u00a0assemblages multi-mat\u00e9riaux. Gr\u00e2ce \u00e0 son fort pouvoir adh\u00e9sif,&#8230;","protected":false},"author":1,"featured_media":1723,"parent":897,"menu_order":0,"comment_status":"closed","ping_status":"closed","template":"page-templates\/page-produits-colles.php","meta":{"_acf_changed":false,"inline_featured_image":false,"footnotes":""},"tags":[122],"class_list":["post-956","page","type-page","status-publish","has-post-thumbnail","hentry","tag-keol-ep-4012"],"acf":[],"yoast_head":"<!-- This site is optimized with the Yoast SEO plugin v25.6 - https:\/\/yoast.com\/wordpress\/plugins\/seo\/ -->\n<title>Colles gamme \u00e9poxy KEOL<\/title>\n<meta name=\"description\" content=\"Colles gamme \u00e9poxy KEOL. colle structurale principalement destin\u00e9e \u00e0 l\u2019assemblage industriel et aux assemblages multi-mat\u00e9riaux.\" \/>\n<meta name=\"robots\" content=\"index, follow, max-snippet:-1, max-image-preview:large, max-video-preview:-1\" \/>\n<link rel=\"canonical\" href=\"https:\/\/keol.agencezebra.link\/fr\/produits-keol\/colles-gamme-epoxy\/\" \/>\n<meta property=\"og:locale\" content=\"fr_FR\" \/>\n<meta property=\"og:type\" content=\"article\" \/>\n<meta property=\"og:title\" content=\"Colles gamme \u00e9poxy KEOL\" \/>\n<meta property=\"og:description\" content=\"Colles gamme \u00e9poxy KEOL. colle structurale principalement destin\u00e9e \u00e0 l\u2019assemblage industriel et aux assemblages multi-mat\u00e9riaux.\" \/>\n<meta property=\"og:url\" content=\"https:\/\/keol.agencezebra.link\/fr\/produits-keol\/colles-gamme-epoxy\/\" \/>\n<meta property=\"og:site_name\" content=\"Keol\" \/>\n<meta property=\"article:modified_time\" content=\"2022-02-21T09:52:40+00:00\" \/>\n<meta property=\"og:image\" content=\"https:\/\/keol.agencezebra.link\/wp-content\/uploads\/2021\/11\/COLLES-EPOXY.jpg\" \/>\n\t<meta property=\"og:image:width\" content=\"455\" \/>\n\t<meta property=\"og:image:height\" content=\"303\" \/>\n\t<meta property=\"og:image:type\" content=\"image\/jpeg\" \/>\n<meta name=\"twitter:card\" content=\"summary_large_image\" \/>\n<meta name=\"twitter:label1\" content=\"Dur\u00e9e de lecture estim\u00e9e\" \/>\n\t<meta name=\"twitter:data1\" content=\"1 minute\" \/>\n<script type=\"application\/ld+json\" class=\"yoast-schema-graph\">{\"@context\":\"https:\/\/schema.org\",\"@graph\":[{\"@type\":\"WebPage\",\"@id\":\"https:\/\/keol.agencezebra.link\/fr\/produits-keol\/colles-gamme-epoxy\/\",\"url\":\"https:\/\/keol.agencezebra.link\/fr\/produits-keol\/colles-gamme-epoxy\/\",\"name\":\"Colles gamme \u00e9poxy KEOL\",\"isPartOf\":{\"@id\":\"https:\/\/keol.agencezebra.link\/fr\/#website\"},\"primaryImageOfPage\":{\"@id\":\"https:\/\/keol.agencezebra.link\/fr\/produits-keol\/colles-gamme-epoxy\/#primaryimage\"},\"image\":{\"@id\":\"https:\/\/keol.agencezebra.link\/fr\/produits-keol\/colles-gamme-epoxy\/#primaryimage\"},\"thumbnailUrl\":\"https:\/\/keol.agencezebra.link\/wp-content\/uploads\/2021\/11\/COLLES-EPOXY.jpg\",\"datePublished\":\"2021-10-19T15:13:27+00:00\",\"dateModified\":\"2022-02-21T09:52:40+00:00\",\"description\":\"Colles gamme \u00e9poxy KEOL. colle structurale principalement destin\u00e9e \u00e0 l\u2019assemblage industriel et aux assemblages multi-mat\u00e9riaux.\",\"breadcrumb\":{\"@id\":\"https:\/\/keol.agencezebra.link\/fr\/produits-keol\/colles-gamme-epoxy\/#breadcrumb\"},\"inLanguage\":\"fr-FR\",\"potentialAction\":[{\"@type\":\"ReadAction\",\"target\":[\"https:\/\/keol.agencezebra.link\/fr\/produits-keol\/colles-gamme-epoxy\/\"]}]},{\"@type\":\"ImageObject\",\"inLanguage\":\"fr-FR\",\"@id\":\"https:\/\/keol.agencezebra.link\/fr\/produits-keol\/colles-gamme-epoxy\/#primaryimage\",\"url\":\"https:\/\/keol.agencezebra.link\/wp-content\/uploads\/2021\/11\/COLLES-EPOXY.jpg\",\"contentUrl\":\"https:\/\/keol.agencezebra.link\/wp-content\/uploads\/2021\/11\/COLLES-EPOXY.jpg\",\"width\":455,\"height\":303,\"caption\":\"KEOL COLLES EPOXY\"},{\"@type\":\"BreadcrumbList\",\"@id\":\"https:\/\/keol.agencezebra.link\/fr\/produits-keol\/colles-gamme-epoxy\/#breadcrumb\",\"itemListElement\":[{\"@type\":\"ListItem\",\"position\":1,\"name\":\"Produits\",\"item\":\"https:\/\/keol.agencezebra.link\/fr\/produits-keol\/\"},{\"@type\":\"ListItem\",\"position\":2,\"name\":\"Colles Gamme \u00c9POXY\"}]},{\"@type\":\"WebSite\",\"@id\":\"https:\/\/keol.agencezebra.link\/fr\/#website\",\"url\":\"https:\/\/keol.agencezebra.link\/fr\/\",\"name\":\"Keol\",\"description\":\"Collage haute pr\u00e9cision\",\"potentialAction\":[{\"@type\":\"SearchAction\",\"target\":{\"@type\":\"EntryPoint\",\"urlTemplate\":\"https:\/\/keol.agencezebra.link\/fr\/?s={search_term_string}\"},\"query-input\":{\"@type\":\"PropertyValueSpecification\",\"valueRequired\":true,\"valueName\":\"search_term_string\"}}],\"inLanguage\":\"fr-FR\"}]}<\/script>\n<!-- \/ Yoast SEO plugin. -->","yoast_head_json":{"title":"Colles gamme \u00e9poxy KEOL","description":"Colles gamme \u00e9poxy KEOL. colle structurale principalement destin\u00e9e \u00e0 l\u2019assemblage industriel et aux assemblages multi-mat\u00e9riaux.","robots":{"index":"index","follow":"follow","max-snippet":"max-snippet:-1","max-image-preview":"max-image-preview:large","max-video-preview":"max-video-preview:-1"},"canonical":"https:\/\/keol.agencezebra.link\/fr\/produits-keol\/colles-gamme-epoxy\/","og_locale":"fr_FR","og_type":"article","og_title":"Colles gamme \u00e9poxy KEOL","og_description":"Colles gamme \u00e9poxy KEOL. colle structurale principalement destin\u00e9e \u00e0 l\u2019assemblage industriel et aux assemblages multi-mat\u00e9riaux.","og_url":"https:\/\/keol.agencezebra.link\/fr\/produits-keol\/colles-gamme-epoxy\/","og_site_name":"Keol","article_modified_time":"2022-02-21T09:52:40+00:00","og_image":[{"width":455,"height":303,"url":"https:\/\/keol.agencezebra.link\/wp-content\/uploads\/2021\/11\/COLLES-EPOXY.jpg","type":"image\/jpeg"}],"twitter_card":"summary_large_image","twitter_misc":{"Dur\u00e9e de lecture estim\u00e9e":"1 minute"},"schema":{"@context":"https:\/\/schema.org","@graph":[{"@type":"WebPage","@id":"https:\/\/keol.agencezebra.link\/fr\/produits-keol\/colles-gamme-epoxy\/","url":"https:\/\/keol.agencezebra.link\/fr\/produits-keol\/colles-gamme-epoxy\/","name":"Colles gamme \u00e9poxy KEOL","isPartOf":{"@id":"https:\/\/keol.agencezebra.link\/fr\/#website"},"primaryImageOfPage":{"@id":"https:\/\/keol.agencezebra.link\/fr\/produits-keol\/colles-gamme-epoxy\/#primaryimage"},"image":{"@id":"https:\/\/keol.agencezebra.link\/fr\/produits-keol\/colles-gamme-epoxy\/#primaryimage"},"thumbnailUrl":"https:\/\/keol.agencezebra.link\/wp-content\/uploads\/2021\/11\/COLLES-EPOXY.jpg","datePublished":"2021-10-19T15:13:27+00:00","dateModified":"2022-02-21T09:52:40+00:00","description":"Colles gamme \u00e9poxy KEOL. colle structurale principalement destin\u00e9e \u00e0 l\u2019assemblage industriel et aux assemblages multi-mat\u00e9riaux.","breadcrumb":{"@id":"https:\/\/keol.agencezebra.link\/fr\/produits-keol\/colles-gamme-epoxy\/#breadcrumb"},"inLanguage":"fr-FR","potentialAction":[{"@type":"ReadAction","target":["https:\/\/keol.agencezebra.link\/fr\/produits-keol\/colles-gamme-epoxy\/"]}]},{"@type":"ImageObject","inLanguage":"fr-FR","@id":"https:\/\/keol.agencezebra.link\/fr\/produits-keol\/colles-gamme-epoxy\/#primaryimage","url":"https:\/\/keol.agencezebra.link\/wp-content\/uploads\/2021\/11\/COLLES-EPOXY.jpg","contentUrl":"https:\/\/keol.agencezebra.link\/wp-content\/uploads\/2021\/11\/COLLES-EPOXY.jpg","width":455,"height":303,"caption":"KEOL COLLES EPOXY"},{"@type":"BreadcrumbList","@id":"https:\/\/keol.agencezebra.link\/fr\/produits-keol\/colles-gamme-epoxy\/#breadcrumb","itemListElement":[{"@type":"ListItem","position":1,"name":"Produits","item":"https:\/\/keol.agencezebra.link\/fr\/produits-keol\/"},{"@type":"ListItem","position":2,"name":"Colles Gamme \u00c9POXY"}]},{"@type":"WebSite","@id":"https:\/\/keol.agencezebra.link\/fr\/#website","url":"https:\/\/keol.agencezebra.link\/fr\/","name":"Keol","description":"Collage haute pr\u00e9cision","potentialAction":[{"@type":"SearchAction","target":{"@type":"EntryPoint","urlTemplate":"https:\/\/keol.agencezebra.link\/fr\/?s={search_term_string}"},"query-input":{"@type":"PropertyValueSpecification","valueRequired":true,"valueName":"search_term_string"}}],"inLanguage":"fr-FR"}]}},"_links":{"self":[{"href":"https:\/\/keol.agencezebra.link\/fr\/wp-json\/wp\/v2\/pages\/956"}],"collection":[{"href":"https:\/\/keol.agencezebra.link\/fr\/wp-json\/wp\/v2\/pages"}],"about":[{"href":"https:\/\/keol.agencezebra.link\/fr\/wp-json\/wp\/v2\/types\/page"}],"author":[{"embeddable":true,"href":"https:\/\/keol.agencezebra.link\/fr\/wp-json\/wp\/v2\/users\/1"}],"replies":[{"embeddable":true,"href":"https:\/\/keol.agencezebra.link\/fr\/wp-json\/wp\/v2\/comments?post=956"}],"version-history":[{"count":10,"href":"https:\/\/keol.agencezebra.link\/fr\/wp-json\/wp\/v2\/pages\/956\/revisions"}],"predecessor-version":[{"id":3156,"href":"https:\/\/keol.agencezebra.link\/fr\/wp-json\/wp\/v2\/pages\/956\/revisions\/3156"}],"up":[{"embeddable":true,"href":"https:\/\/keol.agencezebra.link\/fr\/wp-json\/wp\/v2\/pages\/897"}],"wp:featuredmedia":[{"embeddable":true,"href":"https:\/\/keol.agencezebra.link\/fr\/wp-json\/wp\/v2\/media\/1723"}],"wp:attachment":[{"href":"https:\/\/keol.agencezebra.link\/fr\/wp-json\/wp\/v2\/media?parent=956"}],"wp:term":[{"taxonomy":"post_tag","embeddable":true,"href":"https:\/\/keol.agencezebra.link\/fr\/wp-json\/wp\/v2\/tags?post=956"}],"curies":[{"name":"wp","href":"https:\/\/api.w.org\/{rel}","templated":true}]}}