{"id":953,"date":"2021-10-19T17:10:57","date_gmt":"2021-10-19T15:10:57","guid":{"rendered":"http:\/\/www.keol-services.com\/?page_id=953"},"modified":"2022-02-23T10:17:12","modified_gmt":"2022-02-23T09:17:12","slug":"colles-gamme-polyurethane","status":"publish","type":"page","link":"https:\/\/keol.agencezebra.link\/fr\/produits-keol\/colles-gamme-polyurethane\/","title":{"rendered":"Colles Gamme POLYUR\u00c9THANE"},"content":{"rendered":"<p>La colle polyur\u00e9thane fait partie de la\u00a0<strong>gamme des colles structurales<\/strong>. Celles-ci se destinent principalement \u00e0 l\u2019assemblage industriel ainsi qu\u2019\u00e0 la\u00a0<strong>construction d\u2019ensembles m\u00e9caniques<\/strong>\u00a0associant divers mat\u00e9riaux comme le m\u00e9tal, le plastique ou encore le bois. Gr\u00e2ce \u00e0 son fort pouvoir adh\u00e9sif, la colle polyur\u00e9thane d\u00e9livre une tenue m\u00e9canique sup\u00e9rieure aux assemblages industriels. Dans un contexte d\u2019exigence accrue des industries de pointe, elle fait face \u00e0 ces besoins gr\u00e2ce \u00e0 des propri\u00e9t\u00e9s nouvelles.<\/p>\n<p>De plus, la colle polyur\u00e9thane est tr\u00e8s r\u00e9sistante aux chocs et aux vibrations, \u00e0 l\u2019humidit\u00e9 et \u00e0 l\u2019exposition aux hautes temp\u00e9ratures. C\u2019est donc le parfait alli\u00e9 pour des besoins divers et vari\u00e9s qui n\u00e9cessitent des op\u00e9rations sp\u00e9ciales en raison des caract\u00e9ristiques des mat\u00e9riaux.<\/p>\n","protected":false},"excerpt":{"rendered":"La colle polyur\u00e9thane fait partie de la\u00a0gamme des colles structurales. Celles-ci se destinent principalement \u00e0 l\u2019assemblage industriel ainsi qu\u2019\u00e0 la\u00a0construction d\u2019ensembles m\u00e9caniques\u00a0associant divers mat\u00e9riaux comme le m\u00e9tal, le plastique ou&#8230;","protected":false},"author":1,"featured_media":1725,"parent":897,"menu_order":0,"comment_status":"closed","ping_status":"closed","template":"page-templates\/page-produits-colles.php","meta":{"_acf_changed":false,"inline_featured_image":false,"footnotes":""},"tags":[],"class_list":["post-953","page","type-page","status-publish","has-post-thumbnail","hentry"],"acf":[],"yoast_head":"<!-- This site is optimized with the Yoast SEO plugin v25.6 - https:\/\/yoast.com\/wordpress\/plugins\/seo\/ -->\n<title>Colles Gamme POLYUR\u00c9THANE - Keol<\/title>\n<meta name=\"description\" content=\"Colles GAMME POLYUR\u00c9THANE. Avec sa forte adh\u00e9sion, la colle polyur\u00e9thane d\u00e9livre une tenue m\u00e9canique sup\u00e9rieure aux assemblages industriels.\" \/>\n<meta name=\"robots\" content=\"index, follow, max-snippet:-1, max-image-preview:large, max-video-preview:-1\" \/>\n<link rel=\"canonical\" href=\"https:\/\/keol.agencezebra.link\/fr\/produits-keol\/colles-gamme-polyurethane\/\" \/>\n<meta property=\"og:locale\" content=\"fr_FR\" \/>\n<meta property=\"og:type\" content=\"article\" \/>\n<meta property=\"og:title\" content=\"Colles Gamme POLYUR\u00c9THANE - Keol\" \/>\n<meta property=\"og:description\" content=\"Colles GAMME POLYUR\u00c9THANE. Avec sa forte adh\u00e9sion, la colle polyur\u00e9thane d\u00e9livre une tenue m\u00e9canique sup\u00e9rieure aux assemblages industriels.\" \/>\n<meta property=\"og:url\" content=\"https:\/\/keol.agencezebra.link\/fr\/produits-keol\/colles-gamme-polyurethane\/\" \/>\n<meta property=\"og:site_name\" content=\"Keol\" \/>\n<meta property=\"article:modified_time\" content=\"2022-02-23T09:17:12+00:00\" \/>\n<meta property=\"og:image\" content=\"https:\/\/keol.agencezebra.link\/wp-content\/uploads\/2021\/11\/COLLE-POLYURETHANE.png\" \/>\n\t<meta property=\"og:image:width\" content=\"455\" \/>\n\t<meta property=\"og:image:height\" content=\"303\" \/>\n\t<meta property=\"og:image:type\" content=\"image\/png\" \/>\n<meta name=\"twitter:card\" content=\"summary_large_image\" \/>\n<meta name=\"twitter:label1\" content=\"Dur\u00e9e de lecture estim\u00e9e\" \/>\n\t<meta name=\"twitter:data1\" content=\"1 minute\" \/>\n<script type=\"application\/ld+json\" class=\"yoast-schema-graph\">{\"@context\":\"https:\/\/schema.org\",\"@graph\":[{\"@type\":\"WebPage\",\"@id\":\"https:\/\/keol.agencezebra.link\/fr\/produits-keol\/colles-gamme-polyurethane\/\",\"url\":\"https:\/\/keol.agencezebra.link\/fr\/produits-keol\/colles-gamme-polyurethane\/\",\"name\":\"Colles Gamme POLYUR\u00c9THANE - Keol\",\"isPartOf\":{\"@id\":\"https:\/\/keol.agencezebra.link\/fr\/#website\"},\"primaryImageOfPage\":{\"@id\":\"https:\/\/keol.agencezebra.link\/fr\/produits-keol\/colles-gamme-polyurethane\/#primaryimage\"},\"image\":{\"@id\":\"https:\/\/keol.agencezebra.link\/fr\/produits-keol\/colles-gamme-polyurethane\/#primaryimage\"},\"thumbnailUrl\":\"https:\/\/keol.agencezebra.link\/wp-content\/uploads\/2021\/11\/COLLE-POLYURETHANE.png\",\"datePublished\":\"2021-10-19T15:10:57+00:00\",\"dateModified\":\"2022-02-23T09:17:12+00:00\",\"description\":\"Colles GAMME POLYUR\u00c9THANE. Avec sa forte adh\u00e9sion, la colle polyur\u00e9thane d\u00e9livre une tenue m\u00e9canique sup\u00e9rieure aux assemblages industriels.\",\"breadcrumb\":{\"@id\":\"https:\/\/keol.agencezebra.link\/fr\/produits-keol\/colles-gamme-polyurethane\/#breadcrumb\"},\"inLanguage\":\"fr-FR\",\"potentialAction\":[{\"@type\":\"ReadAction\",\"target\":[\"https:\/\/keol.agencezebra.link\/fr\/produits-keol\/colles-gamme-polyurethane\/\"]}]},{\"@type\":\"ImageObject\",\"inLanguage\":\"fr-FR\",\"@id\":\"https:\/\/keol.agencezebra.link\/fr\/produits-keol\/colles-gamme-polyurethane\/#primaryimage\",\"url\":\"https:\/\/keol.agencezebra.link\/wp-content\/uploads\/2021\/11\/COLLE-POLYURETHANE.png\",\"contentUrl\":\"https:\/\/keol.agencezebra.link\/wp-content\/uploads\/2021\/11\/COLLE-POLYURETHANE.png\",\"width\":455,\"height\":303,\"caption\":\"KEOL COLLE POLYURETHANE\"},{\"@type\":\"BreadcrumbList\",\"@id\":\"https:\/\/keol.agencezebra.link\/fr\/produits-keol\/colles-gamme-polyurethane\/#breadcrumb\",\"itemListElement\":[{\"@type\":\"ListItem\",\"position\":1,\"name\":\"Produits\",\"item\":\"https:\/\/keol.agencezebra.link\/fr\/produits-keol\/\"},{\"@type\":\"ListItem\",\"position\":2,\"name\":\"Colles Gamme POLYUR\u00c9THANE\"}]},{\"@type\":\"WebSite\",\"@id\":\"https:\/\/keol.agencezebra.link\/fr\/#website\",\"url\":\"https:\/\/keol.agencezebra.link\/fr\/\",\"name\":\"Keol\",\"description\":\"Collage haute pr\u00e9cision\",\"potentialAction\":[{\"@type\":\"SearchAction\",\"target\":{\"@type\":\"EntryPoint\",\"urlTemplate\":\"https:\/\/keol.agencezebra.link\/fr\/?s={search_term_string}\"},\"query-input\":{\"@type\":\"PropertyValueSpecification\",\"valueRequired\":true,\"valueName\":\"search_term_string\"}}],\"inLanguage\":\"fr-FR\"}]}<\/script>\n<!-- \/ Yoast SEO plugin. -->","yoast_head_json":{"title":"Colles Gamme POLYUR\u00c9THANE - Keol","description":"Colles GAMME POLYUR\u00c9THANE. Avec sa forte adh\u00e9sion, la colle polyur\u00e9thane d\u00e9livre une tenue m\u00e9canique sup\u00e9rieure aux assemblages industriels.","robots":{"index":"index","follow":"follow","max-snippet":"max-snippet:-1","max-image-preview":"max-image-preview:large","max-video-preview":"max-video-preview:-1"},"canonical":"https:\/\/keol.agencezebra.link\/fr\/produits-keol\/colles-gamme-polyurethane\/","og_locale":"fr_FR","og_type":"article","og_title":"Colles Gamme POLYUR\u00c9THANE - Keol","og_description":"Colles GAMME POLYUR\u00c9THANE. Avec sa forte adh\u00e9sion, la colle polyur\u00e9thane d\u00e9livre une tenue m\u00e9canique sup\u00e9rieure aux assemblages industriels.","og_url":"https:\/\/keol.agencezebra.link\/fr\/produits-keol\/colles-gamme-polyurethane\/","og_site_name":"Keol","article_modified_time":"2022-02-23T09:17:12+00:00","og_image":[{"width":455,"height":303,"url":"https:\/\/keol.agencezebra.link\/wp-content\/uploads\/2021\/11\/COLLE-POLYURETHANE.png","type":"image\/png"}],"twitter_card":"summary_large_image","twitter_misc":{"Dur\u00e9e de lecture estim\u00e9e":"1 minute"},"schema":{"@context":"https:\/\/schema.org","@graph":[{"@type":"WebPage","@id":"https:\/\/keol.agencezebra.link\/fr\/produits-keol\/colles-gamme-polyurethane\/","url":"https:\/\/keol.agencezebra.link\/fr\/produits-keol\/colles-gamme-polyurethane\/","name":"Colles Gamme POLYUR\u00c9THANE - Keol","isPartOf":{"@id":"https:\/\/keol.agencezebra.link\/fr\/#website"},"primaryImageOfPage":{"@id":"https:\/\/keol.agencezebra.link\/fr\/produits-keol\/colles-gamme-polyurethane\/#primaryimage"},"image":{"@id":"https:\/\/keol.agencezebra.link\/fr\/produits-keol\/colles-gamme-polyurethane\/#primaryimage"},"thumbnailUrl":"https:\/\/keol.agencezebra.link\/wp-content\/uploads\/2021\/11\/COLLE-POLYURETHANE.png","datePublished":"2021-10-19T15:10:57+00:00","dateModified":"2022-02-23T09:17:12+00:00","description":"Colles GAMME POLYUR\u00c9THANE. Avec sa forte adh\u00e9sion, la colle polyur\u00e9thane d\u00e9livre une tenue m\u00e9canique sup\u00e9rieure aux assemblages industriels.","breadcrumb":{"@id":"https:\/\/keol.agencezebra.link\/fr\/produits-keol\/colles-gamme-polyurethane\/#breadcrumb"},"inLanguage":"fr-FR","potentialAction":[{"@type":"ReadAction","target":["https:\/\/keol.agencezebra.link\/fr\/produits-keol\/colles-gamme-polyurethane\/"]}]},{"@type":"ImageObject","inLanguage":"fr-FR","@id":"https:\/\/keol.agencezebra.link\/fr\/produits-keol\/colles-gamme-polyurethane\/#primaryimage","url":"https:\/\/keol.agencezebra.link\/wp-content\/uploads\/2021\/11\/COLLE-POLYURETHANE.png","contentUrl":"https:\/\/keol.agencezebra.link\/wp-content\/uploads\/2021\/11\/COLLE-POLYURETHANE.png","width":455,"height":303,"caption":"KEOL COLLE POLYURETHANE"},{"@type":"BreadcrumbList","@id":"https:\/\/keol.agencezebra.link\/fr\/produits-keol\/colles-gamme-polyurethane\/#breadcrumb","itemListElement":[{"@type":"ListItem","position":1,"name":"Produits","item":"https:\/\/keol.agencezebra.link\/fr\/produits-keol\/"},{"@type":"ListItem","position":2,"name":"Colles Gamme POLYUR\u00c9THANE"}]},{"@type":"WebSite","@id":"https:\/\/keol.agencezebra.link\/fr\/#website","url":"https:\/\/keol.agencezebra.link\/fr\/","name":"Keol","description":"Collage haute pr\u00e9cision","potentialAction":[{"@type":"SearchAction","target":{"@type":"EntryPoint","urlTemplate":"https:\/\/keol.agencezebra.link\/fr\/?s={search_term_string}"},"query-input":{"@type":"PropertyValueSpecification","valueRequired":true,"valueName":"search_term_string"}}],"inLanguage":"fr-FR"}]}},"_links":{"self":[{"href":"https:\/\/keol.agencezebra.link\/fr\/wp-json\/wp\/v2\/pages\/953"}],"collection":[{"href":"https:\/\/keol.agencezebra.link\/fr\/wp-json\/wp\/v2\/pages"}],"about":[{"href":"https:\/\/keol.agencezebra.link\/fr\/wp-json\/wp\/v2\/types\/page"}],"author":[{"embeddable":true,"href":"https:\/\/keol.agencezebra.link\/fr\/wp-json\/wp\/v2\/users\/1"}],"replies":[{"embeddable":true,"href":"https:\/\/keol.agencezebra.link\/fr\/wp-json\/wp\/v2\/comments?post=953"}],"version-history":[{"count":6,"href":"https:\/\/keol.agencezebra.link\/fr\/wp-json\/wp\/v2\/pages\/953\/revisions"}],"predecessor-version":[{"id":3161,"href":"https:\/\/keol.agencezebra.link\/fr\/wp-json\/wp\/v2\/pages\/953\/revisions\/3161"}],"up":[{"embeddable":true,"href":"https:\/\/keol.agencezebra.link\/fr\/wp-json\/wp\/v2\/pages\/897"}],"wp:featuredmedia":[{"embeddable":true,"href":"https:\/\/keol.agencezebra.link\/fr\/wp-json\/wp\/v2\/media\/1725"}],"wp:attachment":[{"href":"https:\/\/keol.agencezebra.link\/fr\/wp-json\/wp\/v2\/media?parent=953"}],"wp:term":[{"taxonomy":"post_tag","embeddable":true,"href":"https:\/\/keol.agencezebra.link\/fr\/wp-json\/wp\/v2\/tags?post=953"}],"curies":[{"name":"wp","href":"https:\/\/api.w.org\/{rel}","templated":true}]}}