{"id":948,"date":"2021-10-19T16:51:07","date_gmt":"2021-10-19T14:51:07","guid":{"rendered":"http:\/\/www.keol-services.com\/?page_id=948"},"modified":"2022-02-23T10:28:15","modified_gmt":"2022-02-23T09:28:15","slug":"colles-gamme-methacrylates","status":"publish","type":"page","link":"https:\/\/keol.agencezebra.link\/fr\/produits-keol\/colles-gamme-methacrylates\/","title":{"rendered":"Colles Gamme M\u00c9THACRYLATE"},"content":{"rendered":"<p>La colle m\u00e9thacrylate est un adh\u00e9sif bi-composants destin\u00e9 aux applications d\u2019<strong>assemblage de plastiques, m\u00e9taux, thermoplastiques et polym\u00e8res, composites, bois, <\/strong>etc. Les r\u00e9sultats de collage sur diff\u00e9rents mat\u00e9riaux sont tr\u00e8s bons m\u00eame sans traitement de surface.<\/p>\n<p>Apr\u00e8s durcissement, la colle m\u00e9thacrylate est une\u00a0<strong>colle r\u00e9sistante aux chocs<\/strong>. Cette propri\u00e9t\u00e9 essentielle pour une colle m\u00e9thacrylate offre une r\u00e9sistance totale du collage \u00e0 l\u2019issue de l\u2019assemblage des mat\u00e9riaux.<\/p>\n","protected":false},"excerpt":{"rendered":"La colle m\u00e9thacrylate est un adh\u00e9sif bi-composants destin\u00e9 aux applications d\u2019assemblage de plastiques, m\u00e9taux, thermoplastiques et polym\u00e8res, composites, bois, etc. Les r\u00e9sultats de collage sur diff\u00e9rents mat\u00e9riaux sont tr\u00e8s bons&#8230;","protected":false},"author":1,"featured_media":1729,"parent":897,"menu_order":0,"comment_status":"closed","ping_status":"closed","template":"page-templates\/page-produits-colles.php","meta":{"_acf_changed":false,"inline_featured_image":false,"footnotes":""},"tags":[],"class_list":["post-948","page","type-page","status-publish","has-post-thumbnail","hentry"],"acf":[],"yoast_head":"<!-- This site is optimized with the Yoast SEO plugin v25.6 - https:\/\/yoast.com\/wordpress\/plugins\/seo\/ -->\n<title>Colles Gamme M\u00c9THACRYLATE - Keol<\/title>\n<meta name=\"description\" content=\"Colles gamme M\u00c9THACRYLATE. R\u00e9sultats de collage sur diff\u00e9rents mat\u00e9riaux sont tr\u00e8s bons m\u00eame sans traitement de surface\" \/>\n<meta name=\"robots\" content=\"index, follow, max-snippet:-1, max-image-preview:large, max-video-preview:-1\" \/>\n<link rel=\"canonical\" href=\"https:\/\/keol.agencezebra.link\/fr\/produits-keol\/colles-gamme-methacrylates\/\" \/>\n<meta property=\"og:locale\" content=\"fr_FR\" \/>\n<meta property=\"og:type\" content=\"article\" \/>\n<meta property=\"og:title\" content=\"Colles Gamme M\u00c9THACRYLATE - Keol\" \/>\n<meta property=\"og:description\" content=\"Colles gamme M\u00c9THACRYLATE. R\u00e9sultats de collage sur diff\u00e9rents mat\u00e9riaux sont tr\u00e8s bons m\u00eame sans traitement de surface\" \/>\n<meta property=\"og:url\" content=\"https:\/\/keol.agencezebra.link\/fr\/produits-keol\/colles-gamme-methacrylates\/\" \/>\n<meta property=\"og:site_name\" content=\"Keol\" \/>\n<meta property=\"article:modified_time\" content=\"2022-02-23T09:28:15+00:00\" \/>\n<meta property=\"og:image\" content=\"https:\/\/keol.agencezebra.link\/wp-content\/uploads\/2021\/11\/COLLES-METHACRYLATES.jpg\" \/>\n\t<meta property=\"og:image:width\" content=\"455\" \/>\n\t<meta property=\"og:image:height\" content=\"303\" \/>\n\t<meta property=\"og:image:type\" content=\"image\/jpeg\" \/>\n<meta name=\"twitter:card\" content=\"summary_large_image\" \/>\n<script type=\"application\/ld+json\" class=\"yoast-schema-graph\">{\"@context\":\"https:\/\/schema.org\",\"@graph\":[{\"@type\":\"WebPage\",\"@id\":\"https:\/\/keol.agencezebra.link\/fr\/produits-keol\/colles-gamme-methacrylates\/\",\"url\":\"https:\/\/keol.agencezebra.link\/fr\/produits-keol\/colles-gamme-methacrylates\/\",\"name\":\"Colles Gamme M\u00c9THACRYLATE - Keol\",\"isPartOf\":{\"@id\":\"https:\/\/keol.agencezebra.link\/fr\/#website\"},\"primaryImageOfPage\":{\"@id\":\"https:\/\/keol.agencezebra.link\/fr\/produits-keol\/colles-gamme-methacrylates\/#primaryimage\"},\"image\":{\"@id\":\"https:\/\/keol.agencezebra.link\/fr\/produits-keol\/colles-gamme-methacrylates\/#primaryimage\"},\"thumbnailUrl\":\"https:\/\/keol.agencezebra.link\/wp-content\/uploads\/2021\/11\/COLLES-METHACRYLATES.jpg\",\"datePublished\":\"2021-10-19T14:51:07+00:00\",\"dateModified\":\"2022-02-23T09:28:15+00:00\",\"description\":\"Colles gamme M\u00c9THACRYLATE. R\u00e9sultats de collage sur diff\u00e9rents mat\u00e9riaux sont tr\u00e8s bons m\u00eame sans traitement de surface\",\"breadcrumb\":{\"@id\":\"https:\/\/keol.agencezebra.link\/fr\/produits-keol\/colles-gamme-methacrylates\/#breadcrumb\"},\"inLanguage\":\"fr-FR\",\"potentialAction\":[{\"@type\":\"ReadAction\",\"target\":[\"https:\/\/keol.agencezebra.link\/fr\/produits-keol\/colles-gamme-methacrylates\/\"]}]},{\"@type\":\"ImageObject\",\"inLanguage\":\"fr-FR\",\"@id\":\"https:\/\/keol.agencezebra.link\/fr\/produits-keol\/colles-gamme-methacrylates\/#primaryimage\",\"url\":\"https:\/\/keol.agencezebra.link\/wp-content\/uploads\/2021\/11\/COLLES-METHACRYLATES.jpg\",\"contentUrl\":\"https:\/\/keol.agencezebra.link\/wp-content\/uploads\/2021\/11\/COLLES-METHACRYLATES.jpg\",\"width\":455,\"height\":303,\"caption\":\"KEOL COLLES METHACRYLATES\"},{\"@type\":\"BreadcrumbList\",\"@id\":\"https:\/\/keol.agencezebra.link\/fr\/produits-keol\/colles-gamme-methacrylates\/#breadcrumb\",\"itemListElement\":[{\"@type\":\"ListItem\",\"position\":1,\"name\":\"Produits\",\"item\":\"https:\/\/keol.agencezebra.link\/fr\/produits-keol\/\"},{\"@type\":\"ListItem\",\"position\":2,\"name\":\"Colles Gamme M\u00c9THACRYLATE\"}]},{\"@type\":\"WebSite\",\"@id\":\"https:\/\/keol.agencezebra.link\/fr\/#website\",\"url\":\"https:\/\/keol.agencezebra.link\/fr\/\",\"name\":\"Keol\",\"description\":\"Collage haute pr\u00e9cision\",\"potentialAction\":[{\"@type\":\"SearchAction\",\"target\":{\"@type\":\"EntryPoint\",\"urlTemplate\":\"https:\/\/keol.agencezebra.link\/fr\/?s={search_term_string}\"},\"query-input\":{\"@type\":\"PropertyValueSpecification\",\"valueRequired\":true,\"valueName\":\"search_term_string\"}}],\"inLanguage\":\"fr-FR\"}]}<\/script>\n<!-- \/ Yoast SEO plugin. -->","yoast_head_json":{"title":"Colles Gamme M\u00c9THACRYLATE - Keol","description":"Colles gamme M\u00c9THACRYLATE. R\u00e9sultats de collage sur diff\u00e9rents mat\u00e9riaux sont tr\u00e8s bons m\u00eame sans traitement de surface","robots":{"index":"index","follow":"follow","max-snippet":"max-snippet:-1","max-image-preview":"max-image-preview:large","max-video-preview":"max-video-preview:-1"},"canonical":"https:\/\/keol.agencezebra.link\/fr\/produits-keol\/colles-gamme-methacrylates\/","og_locale":"fr_FR","og_type":"article","og_title":"Colles Gamme M\u00c9THACRYLATE - Keol","og_description":"Colles gamme M\u00c9THACRYLATE. R\u00e9sultats de collage sur diff\u00e9rents mat\u00e9riaux sont tr\u00e8s bons m\u00eame sans traitement de surface","og_url":"https:\/\/keol.agencezebra.link\/fr\/produits-keol\/colles-gamme-methacrylates\/","og_site_name":"Keol","article_modified_time":"2022-02-23T09:28:15+00:00","og_image":[{"width":455,"height":303,"url":"https:\/\/keol.agencezebra.link\/wp-content\/uploads\/2021\/11\/COLLES-METHACRYLATES.jpg","type":"image\/jpeg"}],"twitter_card":"summary_large_image","schema":{"@context":"https:\/\/schema.org","@graph":[{"@type":"WebPage","@id":"https:\/\/keol.agencezebra.link\/fr\/produits-keol\/colles-gamme-methacrylates\/","url":"https:\/\/keol.agencezebra.link\/fr\/produits-keol\/colles-gamme-methacrylates\/","name":"Colles Gamme M\u00c9THACRYLATE - Keol","isPartOf":{"@id":"https:\/\/keol.agencezebra.link\/fr\/#website"},"primaryImageOfPage":{"@id":"https:\/\/keol.agencezebra.link\/fr\/produits-keol\/colles-gamme-methacrylates\/#primaryimage"},"image":{"@id":"https:\/\/keol.agencezebra.link\/fr\/produits-keol\/colles-gamme-methacrylates\/#primaryimage"},"thumbnailUrl":"https:\/\/keol.agencezebra.link\/wp-content\/uploads\/2021\/11\/COLLES-METHACRYLATES.jpg","datePublished":"2021-10-19T14:51:07+00:00","dateModified":"2022-02-23T09:28:15+00:00","description":"Colles gamme M\u00c9THACRYLATE. R\u00e9sultats de collage sur diff\u00e9rents mat\u00e9riaux sont tr\u00e8s bons m\u00eame sans traitement de surface","breadcrumb":{"@id":"https:\/\/keol.agencezebra.link\/fr\/produits-keol\/colles-gamme-methacrylates\/#breadcrumb"},"inLanguage":"fr-FR","potentialAction":[{"@type":"ReadAction","target":["https:\/\/keol.agencezebra.link\/fr\/produits-keol\/colles-gamme-methacrylates\/"]}]},{"@type":"ImageObject","inLanguage":"fr-FR","@id":"https:\/\/keol.agencezebra.link\/fr\/produits-keol\/colles-gamme-methacrylates\/#primaryimage","url":"https:\/\/keol.agencezebra.link\/wp-content\/uploads\/2021\/11\/COLLES-METHACRYLATES.jpg","contentUrl":"https:\/\/keol.agencezebra.link\/wp-content\/uploads\/2021\/11\/COLLES-METHACRYLATES.jpg","width":455,"height":303,"caption":"KEOL COLLES METHACRYLATES"},{"@type":"BreadcrumbList","@id":"https:\/\/keol.agencezebra.link\/fr\/produits-keol\/colles-gamme-methacrylates\/#breadcrumb","itemListElement":[{"@type":"ListItem","position":1,"name":"Produits","item":"https:\/\/keol.agencezebra.link\/fr\/produits-keol\/"},{"@type":"ListItem","position":2,"name":"Colles Gamme M\u00c9THACRYLATE"}]},{"@type":"WebSite","@id":"https:\/\/keol.agencezebra.link\/fr\/#website","url":"https:\/\/keol.agencezebra.link\/fr\/","name":"Keol","description":"Collage haute pr\u00e9cision","potentialAction":[{"@type":"SearchAction","target":{"@type":"EntryPoint","urlTemplate":"https:\/\/keol.agencezebra.link\/fr\/?s={search_term_string}"},"query-input":{"@type":"PropertyValueSpecification","valueRequired":true,"valueName":"search_term_string"}}],"inLanguage":"fr-FR"}]}},"_links":{"self":[{"href":"https:\/\/keol.agencezebra.link\/fr\/wp-json\/wp\/v2\/pages\/948"}],"collection":[{"href":"https:\/\/keol.agencezebra.link\/fr\/wp-json\/wp\/v2\/pages"}],"about":[{"href":"https:\/\/keol.agencezebra.link\/fr\/wp-json\/wp\/v2\/types\/page"}],"author":[{"embeddable":true,"href":"https:\/\/keol.agencezebra.link\/fr\/wp-json\/wp\/v2\/users\/1"}],"replies":[{"embeddable":true,"href":"https:\/\/keol.agencezebra.link\/fr\/wp-json\/wp\/v2\/comments?post=948"}],"version-history":[{"count":9,"href":"https:\/\/keol.agencezebra.link\/fr\/wp-json\/wp\/v2\/pages\/948\/revisions"}],"predecessor-version":[{"id":3160,"href":"https:\/\/keol.agencezebra.link\/fr\/wp-json\/wp\/v2\/pages\/948\/revisions\/3160"}],"up":[{"embeddable":true,"href":"https:\/\/keol.agencezebra.link\/fr\/wp-json\/wp\/v2\/pages\/897"}],"wp:featuredmedia":[{"embeddable":true,"href":"https:\/\/keol.agencezebra.link\/fr\/wp-json\/wp\/v2\/media\/1729"}],"wp:attachment":[{"href":"https:\/\/keol.agencezebra.link\/fr\/wp-json\/wp\/v2\/media?parent=948"}],"wp:term":[{"taxonomy":"post_tag","embeddable":true,"href":"https:\/\/keol.agencezebra.link\/fr\/wp-json\/wp\/v2\/tags?post=948"}],"curies":[{"name":"wp","href":"https:\/\/api.w.org\/{rel}","templated":true}]}}