{"id":946,"date":"2021-10-19T16:37:57","date_gmt":"2021-10-19T14:37:57","guid":{"rendered":"http:\/\/www.keol-services.com\/?page_id=946"},"modified":"2022-04-27T15:29:31","modified_gmt":"2022-04-27T13:29:31","slug":"colles-gamme-uv-verre","status":"publish","type":"page","link":"https:\/\/keol.agencezebra.link\/fr\/produits-keol\/colles-gamme-uv-verre\/","title":{"rendered":"Colles Gamme UV verre"},"content":{"rendered":"<h2><strong>La colle UV verre, la haute technologie au service du collage !<\/strong><\/h2>\n<p>La haute technicit\u00e9 de la <strong><a href=\"https:\/\/www.keol-services.com\/fr\/produits\/colles-gamme-uv\/\"> colle UV verre<\/a> KEOL <\/strong> donne une nouvelle dimension au <strong>collage<\/strong> industriel. Ses propri\u00e9t\u00e9s chimiques et m\u00e9caniques la rendent indispensable \u00e0 de nombreux proc\u00e9d\u00e9s de fabrication et d&rsquo;assemblage.<\/p>\n<p>Cet <strong>adh\u00e9sif,<\/strong> dont la <strong>polym\u00e9risation<\/strong> s&rsquo;effectue sous le rayonnement ultraviolet, permet un assemblage<strong> rapide<\/strong>, d&rsquo;une grande souplesse alli\u00e9e \u00e0 une <strong>haute r\u00e9sistance<\/strong> et un fort pouvoir de <strong>conservation.<br \/>\n<\/strong><\/p>\n","protected":false},"excerpt":{"rendered":"La colle UV verre, la haute technologie au service du collage ! La haute technicit\u00e9 de la colle UV verre KEOL donne une nouvelle dimension au collage industriel. Ses propri\u00e9t\u00e9s&#8230;","protected":false},"author":1,"featured_media":3095,"parent":897,"menu_order":0,"comment_status":"closed","ping_status":"closed","template":"page-templates\/page-produits-colles.php","meta":{"_acf_changed":false,"inline_featured_image":false,"footnotes":""},"tags":[],"class_list":["post-946","page","type-page","status-publish","has-post-thumbnail","hentry"],"acf":[],"yoast_head":"<!-- This site is optimized with the Yoast SEO plugin v25.6 - https:\/\/yoast.com\/wordpress\/plugins\/seo\/ -->\n<title>Colles Gamme UV verre - Keol<\/title>\n<meta name=\"description\" content=\"Colles Gamme UV verre permet un assemblage rapide, d&#039;une grande souplesse alli\u00e9e \u00e0 une haute r\u00e9sistance et un fort pouvoir de conservation.\" \/>\n<meta name=\"robots\" content=\"index, follow, max-snippet:-1, max-image-preview:large, max-video-preview:-1\" \/>\n<link rel=\"canonical\" href=\"https:\/\/keol.agencezebra.link\/fr\/produits-keol\/colles-gamme-uv-verre\/\" \/>\n<meta property=\"og:locale\" content=\"fr_FR\" \/>\n<meta property=\"og:type\" content=\"article\" \/>\n<meta property=\"og:title\" content=\"Colles Gamme UV verre - Keol\" \/>\n<meta property=\"og:description\" content=\"Colles Gamme UV verre permet un assemblage rapide, d&#039;une grande souplesse alli\u00e9e \u00e0 une haute r\u00e9sistance et un fort pouvoir de conservation.\" \/>\n<meta property=\"og:url\" content=\"https:\/\/keol.agencezebra.link\/fr\/produits-keol\/colles-gamme-uv-verre\/\" \/>\n<meta property=\"og:site_name\" content=\"Keol\" \/>\n<meta property=\"article:modified_time\" content=\"2022-04-27T13:29:31+00:00\" \/>\n<meta property=\"og:image\" content=\"https:\/\/keol.agencezebra.link\/wp-content\/uploads\/2021\/12\/VISUEL-PAGE-COLLE-GAMME-UV-VERRE-1.png\" \/>\n\t<meta property=\"og:image:width\" content=\"500\" \/>\n\t<meta property=\"og:image:height\" content=\"335\" \/>\n\t<meta property=\"og:image:type\" content=\"image\/png\" \/>\n<meta name=\"twitter:card\" content=\"summary_large_image\" \/>\n<script type=\"application\/ld+json\" class=\"yoast-schema-graph\">{\"@context\":\"https:\/\/schema.org\",\"@graph\":[{\"@type\":\"WebPage\",\"@id\":\"https:\/\/keol.agencezebra.link\/fr\/produits-keol\/colles-gamme-uv-verre\/\",\"url\":\"https:\/\/keol.agencezebra.link\/fr\/produits-keol\/colles-gamme-uv-verre\/\",\"name\":\"Colles Gamme UV verre - Keol\",\"isPartOf\":{\"@id\":\"https:\/\/keol.agencezebra.link\/fr\/#website\"},\"primaryImageOfPage\":{\"@id\":\"https:\/\/keol.agencezebra.link\/fr\/produits-keol\/colles-gamme-uv-verre\/#primaryimage\"},\"image\":{\"@id\":\"https:\/\/keol.agencezebra.link\/fr\/produits-keol\/colles-gamme-uv-verre\/#primaryimage\"},\"thumbnailUrl\":\"https:\/\/keol.agencezebra.link\/wp-content\/uploads\/2021\/12\/VISUEL-PAGE-COLLE-GAMME-UV-VERRE-1.png\",\"datePublished\":\"2021-10-19T14:37:57+00:00\",\"dateModified\":\"2022-04-27T13:29:31+00:00\",\"description\":\"Colles Gamme UV verre permet un assemblage rapide, d'une grande souplesse alli\u00e9e \u00e0 une haute r\u00e9sistance et un fort pouvoir de conservation.\",\"breadcrumb\":{\"@id\":\"https:\/\/keol.agencezebra.link\/fr\/produits-keol\/colles-gamme-uv-verre\/#breadcrumb\"},\"inLanguage\":\"fr-FR\",\"potentialAction\":[{\"@type\":\"ReadAction\",\"target\":[\"https:\/\/keol.agencezebra.link\/fr\/produits-keol\/colles-gamme-uv-verre\/\"]}]},{\"@type\":\"ImageObject\",\"inLanguage\":\"fr-FR\",\"@id\":\"https:\/\/keol.agencezebra.link\/fr\/produits-keol\/colles-gamme-uv-verre\/#primaryimage\",\"url\":\"https:\/\/keol.agencezebra.link\/wp-content\/uploads\/2021\/12\/VISUEL-PAGE-COLLE-GAMME-UV-VERRE-1.png\",\"contentUrl\":\"https:\/\/keol.agencezebra.link\/wp-content\/uploads\/2021\/12\/VISUEL-PAGE-COLLE-GAMME-UV-VERRE-1.png\",\"width\":500,\"height\":335},{\"@type\":\"BreadcrumbList\",\"@id\":\"https:\/\/keol.agencezebra.link\/fr\/produits-keol\/colles-gamme-uv-verre\/#breadcrumb\",\"itemListElement\":[{\"@type\":\"ListItem\",\"position\":1,\"name\":\"Produits\",\"item\":\"https:\/\/keol.agencezebra.link\/fr\/produits-keol\/\"},{\"@type\":\"ListItem\",\"position\":2,\"name\":\"Colles Gamme UV verre\"}]},{\"@type\":\"WebSite\",\"@id\":\"https:\/\/keol.agencezebra.link\/fr\/#website\",\"url\":\"https:\/\/keol.agencezebra.link\/fr\/\",\"name\":\"Keol\",\"description\":\"Collage haute pr\u00e9cision\",\"potentialAction\":[{\"@type\":\"SearchAction\",\"target\":{\"@type\":\"EntryPoint\",\"urlTemplate\":\"https:\/\/keol.agencezebra.link\/fr\/?s={search_term_string}\"},\"query-input\":{\"@type\":\"PropertyValueSpecification\",\"valueRequired\":true,\"valueName\":\"search_term_string\"}}],\"inLanguage\":\"fr-FR\"}]}<\/script>\n<!-- \/ Yoast SEO plugin. -->","yoast_head_json":{"title":"Colles Gamme UV verre - Keol","description":"Colles Gamme UV verre permet un assemblage rapide, d'une grande souplesse alli\u00e9e \u00e0 une haute r\u00e9sistance et un fort pouvoir de conservation.","robots":{"index":"index","follow":"follow","max-snippet":"max-snippet:-1","max-image-preview":"max-image-preview:large","max-video-preview":"max-video-preview:-1"},"canonical":"https:\/\/keol.agencezebra.link\/fr\/produits-keol\/colles-gamme-uv-verre\/","og_locale":"fr_FR","og_type":"article","og_title":"Colles Gamme UV verre - Keol","og_description":"Colles Gamme UV verre permet un assemblage rapide, d'une grande souplesse alli\u00e9e \u00e0 une haute r\u00e9sistance et un fort pouvoir de conservation.","og_url":"https:\/\/keol.agencezebra.link\/fr\/produits-keol\/colles-gamme-uv-verre\/","og_site_name":"Keol","article_modified_time":"2022-04-27T13:29:31+00:00","og_image":[{"width":500,"height":335,"url":"https:\/\/keol.agencezebra.link\/wp-content\/uploads\/2021\/12\/VISUEL-PAGE-COLLE-GAMME-UV-VERRE-1.png","type":"image\/png"}],"twitter_card":"summary_large_image","schema":{"@context":"https:\/\/schema.org","@graph":[{"@type":"WebPage","@id":"https:\/\/keol.agencezebra.link\/fr\/produits-keol\/colles-gamme-uv-verre\/","url":"https:\/\/keol.agencezebra.link\/fr\/produits-keol\/colles-gamme-uv-verre\/","name":"Colles Gamme UV verre - Keol","isPartOf":{"@id":"https:\/\/keol.agencezebra.link\/fr\/#website"},"primaryImageOfPage":{"@id":"https:\/\/keol.agencezebra.link\/fr\/produits-keol\/colles-gamme-uv-verre\/#primaryimage"},"image":{"@id":"https:\/\/keol.agencezebra.link\/fr\/produits-keol\/colles-gamme-uv-verre\/#primaryimage"},"thumbnailUrl":"https:\/\/keol.agencezebra.link\/wp-content\/uploads\/2021\/12\/VISUEL-PAGE-COLLE-GAMME-UV-VERRE-1.png","datePublished":"2021-10-19T14:37:57+00:00","dateModified":"2022-04-27T13:29:31+00:00","description":"Colles Gamme UV verre permet un assemblage rapide, d'une grande souplesse alli\u00e9e \u00e0 une haute r\u00e9sistance et un fort pouvoir de conservation.","breadcrumb":{"@id":"https:\/\/keol.agencezebra.link\/fr\/produits-keol\/colles-gamme-uv-verre\/#breadcrumb"},"inLanguage":"fr-FR","potentialAction":[{"@type":"ReadAction","target":["https:\/\/keol.agencezebra.link\/fr\/produits-keol\/colles-gamme-uv-verre\/"]}]},{"@type":"ImageObject","inLanguage":"fr-FR","@id":"https:\/\/keol.agencezebra.link\/fr\/produits-keol\/colles-gamme-uv-verre\/#primaryimage","url":"https:\/\/keol.agencezebra.link\/wp-content\/uploads\/2021\/12\/VISUEL-PAGE-COLLE-GAMME-UV-VERRE-1.png","contentUrl":"https:\/\/keol.agencezebra.link\/wp-content\/uploads\/2021\/12\/VISUEL-PAGE-COLLE-GAMME-UV-VERRE-1.png","width":500,"height":335},{"@type":"BreadcrumbList","@id":"https:\/\/keol.agencezebra.link\/fr\/produits-keol\/colles-gamme-uv-verre\/#breadcrumb","itemListElement":[{"@type":"ListItem","position":1,"name":"Produits","item":"https:\/\/keol.agencezebra.link\/fr\/produits-keol\/"},{"@type":"ListItem","position":2,"name":"Colles Gamme UV verre"}]},{"@type":"WebSite","@id":"https:\/\/keol.agencezebra.link\/fr\/#website","url":"https:\/\/keol.agencezebra.link\/fr\/","name":"Keol","description":"Collage haute pr\u00e9cision","potentialAction":[{"@type":"SearchAction","target":{"@type":"EntryPoint","urlTemplate":"https:\/\/keol.agencezebra.link\/fr\/?s={search_term_string}"},"query-input":{"@type":"PropertyValueSpecification","valueRequired":true,"valueName":"search_term_string"}}],"inLanguage":"fr-FR"}]}},"_links":{"self":[{"href":"https:\/\/keol.agencezebra.link\/fr\/wp-json\/wp\/v2\/pages\/946"}],"collection":[{"href":"https:\/\/keol.agencezebra.link\/fr\/wp-json\/wp\/v2\/pages"}],"about":[{"href":"https:\/\/keol.agencezebra.link\/fr\/wp-json\/wp\/v2\/types\/page"}],"author":[{"embeddable":true,"href":"https:\/\/keol.agencezebra.link\/fr\/wp-json\/wp\/v2\/users\/1"}],"replies":[{"embeddable":true,"href":"https:\/\/keol.agencezebra.link\/fr\/wp-json\/wp\/v2\/comments?post=946"}],"version-history":[{"count":22,"href":"https:\/\/keol.agencezebra.link\/fr\/wp-json\/wp\/v2\/pages\/946\/revisions"}],"predecessor-version":[{"id":6704,"href":"https:\/\/keol.agencezebra.link\/fr\/wp-json\/wp\/v2\/pages\/946\/revisions\/6704"}],"up":[{"embeddable":true,"href":"https:\/\/keol.agencezebra.link\/fr\/wp-json\/wp\/v2\/pages\/897"}],"wp:featuredmedia":[{"embeddable":true,"href":"https:\/\/keol.agencezebra.link\/fr\/wp-json\/wp\/v2\/media\/3095"}],"wp:attachment":[{"href":"https:\/\/keol.agencezebra.link\/fr\/wp-json\/wp\/v2\/media?parent=946"}],"wp:term":[{"taxonomy":"post_tag","embeddable":true,"href":"https:\/\/keol.agencezebra.link\/fr\/wp-json\/wp\/v2\/tags?post=946"}],"curies":[{"name":"wp","href":"https:\/\/api.w.org\/{rel}","templated":true}]}}