{"id":935,"date":"2021-10-19T15:45:03","date_gmt":"2021-10-19T13:45:03","guid":{"rendered":"http:\/\/www.keol-services.com\/?page_id=935"},"modified":"2022-09-19T17:14:47","modified_gmt":"2022-09-19T15:14:47","slug":"colles-gamme-uv","status":"publish","type":"page","link":"https:\/\/keol.agencezebra.link\/fr\/produits-keol\/colles-gamme-uv\/","title":{"rendered":"Colles Gamme UV"},"content":{"rendered":"<p>La colle UV est un adh\u00e9sif polym\u00e9risable disponible en base acrylate ou \u00e9poxy et destin\u00e9e aux applications d\u2019<strong>assemblage souple et m\u00e9caniquement ultra-r\u00e9sistant<\/strong>. Le durcissement de la <strong>colle UV<\/strong> s\u2019effectue par exposition de l\u2019adh\u00e9sif \u00e0 lumi\u00e8re visible ou \u00e0 la <strong>lumi\u00e8re UV<\/strong>. D\u00e9couvrez notre gamme de <a href=\"https:\/\/www.keol-services.com\/fr\/produits-keol\/colles-gamme-uv-verre\/\">colle UV verre<\/a><br \/>\nPris\u00e9e pour les op\u00e9rations de collage \u00e0 fortes contraintes de transparence, la colle UV pr\u00e9sente une bonne <strong>adh\u00e9sion dans l\u2019assemblage du verre<\/strong>, du m\u00e9tal et de la plupart des plastiques\u00a0<em>(assemblage verre-verre, verre-m\u00e9tal, verre-plastique)<\/em>.<\/p>\n<p>En application de <a href=\"https:\/\/www.keol-services.com\/\">collage industriel<\/a>, l\u2019utilisation d\u2019un\u00a0<a href=\"http:\/\/www.keol-services.com\/competences-produits\/equipements-systemes\/systemes-de-polymerisation\/\">\u00e9quipement d\u2019insolation UV<\/a>\u00a0telle une lampe UV LED acc\u00e9l\u00e8re le durcissement de l\u2019ensemble et garantit la fiabilit\u00e9 du collage haute performance.<\/p>\n<p>Apr\u00e8s durcissement, la <strong>colle UV<\/strong> est une\u00a0<strong>colle totalement transparente<\/strong>. Cette propri\u00e9t\u00e9 essentielle pour une colle UV offre une discr\u00e9tion totale du collage \u00e0 l\u2019issue de l\u2019assemblage des mat\u00e9riaux.<\/p>\n","protected":false},"excerpt":{"rendered":"La colle UV est un adh\u00e9sif polym\u00e9risable disponible en base acrylate ou \u00e9poxy et destin\u00e9e aux applications d\u2019assemblage souple et m\u00e9caniquement ultra-r\u00e9sistant. Le durcissement de la colle UV s\u2019effectue par&#8230;","protected":false},"author":1,"featured_media":1731,"parent":897,"menu_order":0,"comment_status":"closed","ping_status":"closed","template":"page-templates\/page-produits-colles.php","meta":{"_acf_changed":false,"inline_featured_image":false,"footnotes":""},"tags":[],"class_list":["post-935","page","type-page","status-publish","has-post-thumbnail","hentry"],"acf":[],"yoast_head":"<!-- This site is optimized with the Yoast SEO plugin v25.6 - https:\/\/yoast.com\/wordpress\/plugins\/seo\/ -->\n<title>Colles Gamme UV - Keol Services<\/title>\n<meta name=\"description\" content=\"Colles gamme UV verre. La haute technicit\u00e9 de la colle UV verre KEOL donne une nouvelle dimension au collage industriel.\" \/>\n<meta name=\"robots\" content=\"index, follow, max-snippet:-1, max-image-preview:large, max-video-preview:-1\" \/>\n<link rel=\"canonical\" href=\"https:\/\/keol.agencezebra.link\/fr\/produits-keol\/colles-gamme-uv\/\" \/>\n<meta property=\"og:locale\" content=\"fr_FR\" \/>\n<meta property=\"og:type\" content=\"article\" \/>\n<meta property=\"og:title\" content=\"Colles Gamme UV - Keol Services\" \/>\n<meta property=\"og:description\" content=\"Colles gamme UV verre. La haute technicit\u00e9 de la colle UV verre KEOL donne une nouvelle dimension au collage industriel.\" \/>\n<meta property=\"og:url\" content=\"https:\/\/keol.agencezebra.link\/fr\/produits-keol\/colles-gamme-uv\/\" \/>\n<meta property=\"og:site_name\" content=\"Keol\" \/>\n<meta property=\"article:modified_time\" content=\"2022-09-19T15:14:47+00:00\" \/>\n<meta property=\"og:image\" content=\"https:\/\/keol.agencezebra.link\/wp-content\/uploads\/2021\/11\/COLLES-UV.jpg\" \/>\n\t<meta property=\"og:image:width\" content=\"455\" \/>\n\t<meta property=\"og:image:height\" content=\"303\" \/>\n\t<meta property=\"og:image:type\" content=\"image\/jpeg\" \/>\n<meta name=\"twitter:card\" content=\"summary_large_image\" \/>\n<meta name=\"twitter:label1\" content=\"Dur\u00e9e de lecture estim\u00e9e\" \/>\n\t<meta name=\"twitter:data1\" content=\"1 minute\" \/>\n<script type=\"application\/ld+json\" class=\"yoast-schema-graph\">{\"@context\":\"https:\/\/schema.org\",\"@graph\":[{\"@type\":\"WebPage\",\"@id\":\"https:\/\/keol.agencezebra.link\/fr\/produits-keol\/colles-gamme-uv\/\",\"url\":\"https:\/\/keol.agencezebra.link\/fr\/produits-keol\/colles-gamme-uv\/\",\"name\":\"Colles Gamme UV - Keol Services\",\"isPartOf\":{\"@id\":\"https:\/\/keol.agencezebra.link\/fr\/#website\"},\"primaryImageOfPage\":{\"@id\":\"https:\/\/keol.agencezebra.link\/fr\/produits-keol\/colles-gamme-uv\/#primaryimage\"},\"image\":{\"@id\":\"https:\/\/keol.agencezebra.link\/fr\/produits-keol\/colles-gamme-uv\/#primaryimage\"},\"thumbnailUrl\":\"https:\/\/keol.agencezebra.link\/wp-content\/uploads\/2021\/11\/COLLES-UV.jpg\",\"datePublished\":\"2021-10-19T13:45:03+00:00\",\"dateModified\":\"2022-09-19T15:14:47+00:00\",\"description\":\"Colles gamme UV verre. La haute technicit\u00e9 de la colle UV verre KEOL donne une nouvelle dimension au collage industriel.\",\"breadcrumb\":{\"@id\":\"https:\/\/keol.agencezebra.link\/fr\/produits-keol\/colles-gamme-uv\/#breadcrumb\"},\"inLanguage\":\"fr-FR\",\"potentialAction\":[{\"@type\":\"ReadAction\",\"target\":[\"https:\/\/keol.agencezebra.link\/fr\/produits-keol\/colles-gamme-uv\/\"]}]},{\"@type\":\"ImageObject\",\"inLanguage\":\"fr-FR\",\"@id\":\"https:\/\/keol.agencezebra.link\/fr\/produits-keol\/colles-gamme-uv\/#primaryimage\",\"url\":\"https:\/\/keol.agencezebra.link\/wp-content\/uploads\/2021\/11\/COLLES-UV.jpg\",\"contentUrl\":\"https:\/\/keol.agencezebra.link\/wp-content\/uploads\/2021\/11\/COLLES-UV.jpg\",\"width\":455,\"height\":303,\"caption\":\"colle UV verre\"},{\"@type\":\"BreadcrumbList\",\"@id\":\"https:\/\/keol.agencezebra.link\/fr\/produits-keol\/colles-gamme-uv\/#breadcrumb\",\"itemListElement\":[{\"@type\":\"ListItem\",\"position\":1,\"name\":\"Produits\",\"item\":\"https:\/\/keol.agencezebra.link\/fr\/produits-keol\/\"},{\"@type\":\"ListItem\",\"position\":2,\"name\":\"Colles Gamme UV\"}]},{\"@type\":\"WebSite\",\"@id\":\"https:\/\/keol.agencezebra.link\/fr\/#website\",\"url\":\"https:\/\/keol.agencezebra.link\/fr\/\",\"name\":\"Keol\",\"description\":\"Collage haute pr\u00e9cision\",\"potentialAction\":[{\"@type\":\"SearchAction\",\"target\":{\"@type\":\"EntryPoint\",\"urlTemplate\":\"https:\/\/keol.agencezebra.link\/fr\/?s={search_term_string}\"},\"query-input\":{\"@type\":\"PropertyValueSpecification\",\"valueRequired\":true,\"valueName\":\"search_term_string\"}}],\"inLanguage\":\"fr-FR\"}]}<\/script>\n<!-- \/ Yoast SEO plugin. -->","yoast_head_json":{"title":"Colles Gamme UV - Keol Services","description":"Colles gamme UV verre. La haute technicit\u00e9 de la colle UV verre KEOL donne une nouvelle dimension au collage industriel.","robots":{"index":"index","follow":"follow","max-snippet":"max-snippet:-1","max-image-preview":"max-image-preview:large","max-video-preview":"max-video-preview:-1"},"canonical":"https:\/\/keol.agencezebra.link\/fr\/produits-keol\/colles-gamme-uv\/","og_locale":"fr_FR","og_type":"article","og_title":"Colles Gamme UV - Keol Services","og_description":"Colles gamme UV verre. La haute technicit\u00e9 de la colle UV verre KEOL donne une nouvelle dimension au collage industriel.","og_url":"https:\/\/keol.agencezebra.link\/fr\/produits-keol\/colles-gamme-uv\/","og_site_name":"Keol","article_modified_time":"2022-09-19T15:14:47+00:00","og_image":[{"width":455,"height":303,"url":"https:\/\/keol.agencezebra.link\/wp-content\/uploads\/2021\/11\/COLLES-UV.jpg","type":"image\/jpeg"}],"twitter_card":"summary_large_image","twitter_misc":{"Dur\u00e9e de lecture estim\u00e9e":"1 minute"},"schema":{"@context":"https:\/\/schema.org","@graph":[{"@type":"WebPage","@id":"https:\/\/keol.agencezebra.link\/fr\/produits-keol\/colles-gamme-uv\/","url":"https:\/\/keol.agencezebra.link\/fr\/produits-keol\/colles-gamme-uv\/","name":"Colles Gamme UV - Keol Services","isPartOf":{"@id":"https:\/\/keol.agencezebra.link\/fr\/#website"},"primaryImageOfPage":{"@id":"https:\/\/keol.agencezebra.link\/fr\/produits-keol\/colles-gamme-uv\/#primaryimage"},"image":{"@id":"https:\/\/keol.agencezebra.link\/fr\/produits-keol\/colles-gamme-uv\/#primaryimage"},"thumbnailUrl":"https:\/\/keol.agencezebra.link\/wp-content\/uploads\/2021\/11\/COLLES-UV.jpg","datePublished":"2021-10-19T13:45:03+00:00","dateModified":"2022-09-19T15:14:47+00:00","description":"Colles gamme UV verre. La haute technicit\u00e9 de la colle UV verre KEOL donne une nouvelle dimension au collage industriel.","breadcrumb":{"@id":"https:\/\/keol.agencezebra.link\/fr\/produits-keol\/colles-gamme-uv\/#breadcrumb"},"inLanguage":"fr-FR","potentialAction":[{"@type":"ReadAction","target":["https:\/\/keol.agencezebra.link\/fr\/produits-keol\/colles-gamme-uv\/"]}]},{"@type":"ImageObject","inLanguage":"fr-FR","@id":"https:\/\/keol.agencezebra.link\/fr\/produits-keol\/colles-gamme-uv\/#primaryimage","url":"https:\/\/keol.agencezebra.link\/wp-content\/uploads\/2021\/11\/COLLES-UV.jpg","contentUrl":"https:\/\/keol.agencezebra.link\/wp-content\/uploads\/2021\/11\/COLLES-UV.jpg","width":455,"height":303,"caption":"colle UV verre"},{"@type":"BreadcrumbList","@id":"https:\/\/keol.agencezebra.link\/fr\/produits-keol\/colles-gamme-uv\/#breadcrumb","itemListElement":[{"@type":"ListItem","position":1,"name":"Produits","item":"https:\/\/keol.agencezebra.link\/fr\/produits-keol\/"},{"@type":"ListItem","position":2,"name":"Colles Gamme UV"}]},{"@type":"WebSite","@id":"https:\/\/keol.agencezebra.link\/fr\/#website","url":"https:\/\/keol.agencezebra.link\/fr\/","name":"Keol","description":"Collage haute pr\u00e9cision","potentialAction":[{"@type":"SearchAction","target":{"@type":"EntryPoint","urlTemplate":"https:\/\/keol.agencezebra.link\/fr\/?s={search_term_string}"},"query-input":{"@type":"PropertyValueSpecification","valueRequired":true,"valueName":"search_term_string"}}],"inLanguage":"fr-FR"}]}},"_links":{"self":[{"href":"https:\/\/keol.agencezebra.link\/fr\/wp-json\/wp\/v2\/pages\/935"}],"collection":[{"href":"https:\/\/keol.agencezebra.link\/fr\/wp-json\/wp\/v2\/pages"}],"about":[{"href":"https:\/\/keol.agencezebra.link\/fr\/wp-json\/wp\/v2\/types\/page"}],"author":[{"embeddable":true,"href":"https:\/\/keol.agencezebra.link\/fr\/wp-json\/wp\/v2\/users\/1"}],"replies":[{"embeddable":true,"href":"https:\/\/keol.agencezebra.link\/fr\/wp-json\/wp\/v2\/comments?post=935"}],"version-history":[{"count":14,"href":"https:\/\/keol.agencezebra.link\/fr\/wp-json\/wp\/v2\/pages\/935\/revisions"}],"predecessor-version":[{"id":7053,"href":"https:\/\/keol.agencezebra.link\/fr\/wp-json\/wp\/v2\/pages\/935\/revisions\/7053"}],"up":[{"embeddable":true,"href":"https:\/\/keol.agencezebra.link\/fr\/wp-json\/wp\/v2\/pages\/897"}],"wp:featuredmedia":[{"embeddable":true,"href":"https:\/\/keol.agencezebra.link\/fr\/wp-json\/wp\/v2\/media\/1731"}],"wp:attachment":[{"href":"https:\/\/keol.agencezebra.link\/fr\/wp-json\/wp\/v2\/media?parent=935"}],"wp:term":[{"taxonomy":"post_tag","embeddable":true,"href":"https:\/\/keol.agencezebra.link\/fr\/wp-json\/wp\/v2\/tags?post=935"}],"curies":[{"name":"wp","href":"https:\/\/api.w.org\/{rel}","templated":true}]}}