{"id":6805,"date":"2022-08-25T16:28:52","date_gmt":"2022-08-25T14:28:52","guid":{"rendered":"https:\/\/www.keol-services.com\/?page_id=6805"},"modified":"2022-09-09T16:05:45","modified_gmt":"2022-09-09T14:05:45","slug":"keolife","status":"publish","type":"page","link":"https:\/\/keol.agencezebra.link\/fr\/keolife\/","title":{"rendered":"KEOLife"},"content":{"rendered":"<h1><\/h1>\n<p>&nbsp;<\/p>\n<p><strong>KEOL<\/strong>, soucieux de l&rsquo;environnement, met \u00e0 disposition une <strong>marketplace<\/strong> pour vendre ou \u00e9changer vos colles qui arrivent en fin de date limite d&rsquo;utilisation. L&rsquo;<strong>\u00e9conomie circulaire<\/strong> permet d&rsquo;\u00e9viter le gaspillage industriel et les co\u00fbts de destruction des produits chimiques.<\/p>\n","protected":false},"excerpt":{"rendered":"&nbsp; KEOL, soucieux de l&rsquo;environnement, met \u00e0 disposition une marketplace pour vendre ou \u00e9changer vos colles qui arrivent en fin de date limite d&rsquo;utilisation. L&rsquo;\u00e9conomie circulaire permet d&rsquo;\u00e9viter le gaspillage&#8230;","protected":false},"author":111,"featured_media":6949,"parent":0,"menu_order":0,"comment_status":"closed","ping_status":"closed","template":"page-templates\/page-keolab.php","meta":{"_acf_changed":false,"inline_featured_image":false,"footnotes":""},"tags":[125],"class_list":["post-6805","page","type-page","status-publish","has-post-thumbnail","hentry","tag-keolife"],"acf":[],"yoast_head":"<!-- This site is optimized with the Yoast SEO plugin v25.6 - https:\/\/yoast.com\/wordpress\/plugins\/seo\/ -->\n<title>KEOLIFE : Recyclage industriel by KEOL<\/title>\n<meta name=\"description\" content=\"Avec KEOLife recycler des tonnes de d\u00e9chets, donnez une seconde vie \u00e0 vos colles chimiques industriels. Gestion des d\u00e9chets encombrants.\" \/>\n<meta name=\"robots\" content=\"index, follow, max-snippet:-1, max-image-preview:large, max-video-preview:-1\" \/>\n<link rel=\"canonical\" href=\"https:\/\/keol.agencezebra.link\/fr\/keolife\/\" \/>\n<meta property=\"og:locale\" content=\"fr_FR\" \/>\n<meta property=\"og:type\" content=\"article\" \/>\n<meta property=\"og:title\" content=\"KEOLIFE : Recyclage industriel by KEOL\" \/>\n<meta property=\"og:description\" content=\"Avec KEOLife recycler des tonnes de d\u00e9chets, donnez une seconde vie \u00e0 vos colles chimiques industriels. Gestion des d\u00e9chets encombrants.\" \/>\n<meta property=\"og:url\" content=\"https:\/\/keol.agencezebra.link\/fr\/keolife\/\" \/>\n<meta property=\"og:site_name\" content=\"Keol\" \/>\n<meta property=\"article:modified_time\" content=\"2022-09-09T14:05:45+00:00\" \/>\n<meta property=\"og:image\" content=\"https:\/\/keol.agencezebra.link\/wp-content\/uploads\/2022\/07\/Capture-decran-2022-07-25-a-14.57.55.png\" \/>\n\t<meta property=\"og:image:width\" content=\"1116\" \/>\n\t<meta property=\"og:image:height\" content=\"402\" \/>\n\t<meta property=\"og:image:type\" content=\"image\/png\" \/>\n<meta name=\"twitter:card\" content=\"summary_large_image\" \/>\n<script type=\"application\/ld+json\" class=\"yoast-schema-graph\">{\"@context\":\"https:\/\/schema.org\",\"@graph\":[{\"@type\":\"WebPage\",\"@id\":\"https:\/\/keol.agencezebra.link\/fr\/keolife\/\",\"url\":\"https:\/\/keol.agencezebra.link\/fr\/keolife\/\",\"name\":\"KEOLIFE : Recyclage industriel by KEOL\",\"isPartOf\":{\"@id\":\"https:\/\/keol.agencezebra.link\/fr\/#website\"},\"primaryImageOfPage\":{\"@id\":\"https:\/\/keol.agencezebra.link\/fr\/keolife\/#primaryimage\"},\"image\":{\"@id\":\"https:\/\/keol.agencezebra.link\/fr\/keolife\/#primaryimage\"},\"thumbnailUrl\":\"https:\/\/keol.agencezebra.link\/wp-content\/uploads\/2022\/07\/Capture-decran-2022-07-25-a-14.57.55.png\",\"datePublished\":\"2022-08-25T14:28:52+00:00\",\"dateModified\":\"2022-09-09T14:05:45+00:00\",\"description\":\"Avec KEOLife recycler des tonnes de d\u00e9chets, donnez une seconde vie \u00e0 vos colles chimiques industriels. Gestion des d\u00e9chets encombrants.\",\"inLanguage\":\"fr-FR\",\"potentialAction\":[{\"@type\":\"ReadAction\",\"target\":[\"https:\/\/keol.agencezebra.link\/fr\/keolife\/\"]}]},{\"@type\":\"ImageObject\",\"inLanguage\":\"fr-FR\",\"@id\":\"https:\/\/keol.agencezebra.link\/fr\/keolife\/#primaryimage\",\"url\":\"https:\/\/keol.agencezebra.link\/wp-content\/uploads\/2022\/07\/Capture-decran-2022-07-25-a-14.57.55.png\",\"contentUrl\":\"https:\/\/keol.agencezebra.link\/wp-content\/uploads\/2022\/07\/Capture-decran-2022-07-25-a-14.57.55.png\",\"width\":1116,\"height\":402},{\"@type\":\"WebSite\",\"@id\":\"https:\/\/keol.agencezebra.link\/fr\/#website\",\"url\":\"https:\/\/keol.agencezebra.link\/fr\/\",\"name\":\"Keol\",\"description\":\"Collage haute pr\u00e9cision\",\"potentialAction\":[{\"@type\":\"SearchAction\",\"target\":{\"@type\":\"EntryPoint\",\"urlTemplate\":\"https:\/\/keol.agencezebra.link\/fr\/?s={search_term_string}\"},\"query-input\":{\"@type\":\"PropertyValueSpecification\",\"valueRequired\":true,\"valueName\":\"search_term_string\"}}],\"inLanguage\":\"fr-FR\"}]}<\/script>\n<!-- \/ Yoast SEO plugin. -->","yoast_head_json":{"title":"KEOLIFE : Recyclage industriel by KEOL","description":"Avec KEOLife recycler des tonnes de d\u00e9chets, donnez une seconde vie \u00e0 vos colles chimiques industriels. Gestion des d\u00e9chets encombrants.","robots":{"index":"index","follow":"follow","max-snippet":"max-snippet:-1","max-image-preview":"max-image-preview:large","max-video-preview":"max-video-preview:-1"},"canonical":"https:\/\/keol.agencezebra.link\/fr\/keolife\/","og_locale":"fr_FR","og_type":"article","og_title":"KEOLIFE : Recyclage industriel by KEOL","og_description":"Avec KEOLife recycler des tonnes de d\u00e9chets, donnez une seconde vie \u00e0 vos colles chimiques industriels. Gestion des d\u00e9chets encombrants.","og_url":"https:\/\/keol.agencezebra.link\/fr\/keolife\/","og_site_name":"Keol","article_modified_time":"2022-09-09T14:05:45+00:00","og_image":[{"width":1116,"height":402,"url":"https:\/\/keol.agencezebra.link\/wp-content\/uploads\/2022\/07\/Capture-decran-2022-07-25-a-14.57.55.png","type":"image\/png"}],"twitter_card":"summary_large_image","schema":{"@context":"https:\/\/schema.org","@graph":[{"@type":"WebPage","@id":"https:\/\/keol.agencezebra.link\/fr\/keolife\/","url":"https:\/\/keol.agencezebra.link\/fr\/keolife\/","name":"KEOLIFE : Recyclage industriel by KEOL","isPartOf":{"@id":"https:\/\/keol.agencezebra.link\/fr\/#website"},"primaryImageOfPage":{"@id":"https:\/\/keol.agencezebra.link\/fr\/keolife\/#primaryimage"},"image":{"@id":"https:\/\/keol.agencezebra.link\/fr\/keolife\/#primaryimage"},"thumbnailUrl":"https:\/\/keol.agencezebra.link\/wp-content\/uploads\/2022\/07\/Capture-decran-2022-07-25-a-14.57.55.png","datePublished":"2022-08-25T14:28:52+00:00","dateModified":"2022-09-09T14:05:45+00:00","description":"Avec KEOLife recycler des tonnes de d\u00e9chets, donnez une seconde vie \u00e0 vos colles chimiques industriels. Gestion des d\u00e9chets encombrants.","inLanguage":"fr-FR","potentialAction":[{"@type":"ReadAction","target":["https:\/\/keol.agencezebra.link\/fr\/keolife\/"]}]},{"@type":"ImageObject","inLanguage":"fr-FR","@id":"https:\/\/keol.agencezebra.link\/fr\/keolife\/#primaryimage","url":"https:\/\/keol.agencezebra.link\/wp-content\/uploads\/2022\/07\/Capture-decran-2022-07-25-a-14.57.55.png","contentUrl":"https:\/\/keol.agencezebra.link\/wp-content\/uploads\/2022\/07\/Capture-decran-2022-07-25-a-14.57.55.png","width":1116,"height":402},{"@type":"WebSite","@id":"https:\/\/keol.agencezebra.link\/fr\/#website","url":"https:\/\/keol.agencezebra.link\/fr\/","name":"Keol","description":"Collage haute pr\u00e9cision","potentialAction":[{"@type":"SearchAction","target":{"@type":"EntryPoint","urlTemplate":"https:\/\/keol.agencezebra.link\/fr\/?s={search_term_string}"},"query-input":{"@type":"PropertyValueSpecification","valueRequired":true,"valueName":"search_term_string"}}],"inLanguage":"fr-FR"}]}},"_links":{"self":[{"href":"https:\/\/keol.agencezebra.link\/fr\/wp-json\/wp\/v2\/pages\/6805"}],"collection":[{"href":"https:\/\/keol.agencezebra.link\/fr\/wp-json\/wp\/v2\/pages"}],"about":[{"href":"https:\/\/keol.agencezebra.link\/fr\/wp-json\/wp\/v2\/types\/page"}],"author":[{"embeddable":true,"href":"https:\/\/keol.agencezebra.link\/fr\/wp-json\/wp\/v2\/users\/111"}],"replies":[{"embeddable":true,"href":"https:\/\/keol.agencezebra.link\/fr\/wp-json\/wp\/v2\/comments?post=6805"}],"version-history":[{"count":71,"href":"https:\/\/keol.agencezebra.link\/fr\/wp-json\/wp\/v2\/pages\/6805\/revisions"}],"predecessor-version":[{"id":7048,"href":"https:\/\/keol.agencezebra.link\/fr\/wp-json\/wp\/v2\/pages\/6805\/revisions\/7048"}],"wp:featuredmedia":[{"embeddable":true,"href":"https:\/\/keol.agencezebra.link\/fr\/wp-json\/wp\/v2\/media\/6949"}],"wp:attachment":[{"href":"https:\/\/keol.agencezebra.link\/fr\/wp-json\/wp\/v2\/media?parent=6805"}],"wp:term":[{"taxonomy":"post_tag","embeddable":true,"href":"https:\/\/keol.agencezebra.link\/fr\/wp-json\/wp\/v2\/tags?post=6805"}],"curies":[{"name":"wp","href":"https:\/\/api.w.org\/{rel}","templated":true}]}}