{"id":677,"date":"2021-09-23T11:52:11","date_gmt":"2021-09-23T09:52:11","guid":{"rendered":"https:\/\/www.keol-services.com\/?page_id=677"},"modified":"2022-01-27T16:50:50","modified_gmt":"2022-01-27T15:50:50","slug":"colles-et-materiels","status":"publish","type":"page","link":"https:\/\/keol.agencezebra.link\/fr\/prestations\/colles-et-materiels\/","title":{"rendered":"Colles &#038; mat\u00e9riels"},"content":{"rendered":"","protected":false},"excerpt":{"rendered":"","protected":false},"author":1,"featured_media":0,"parent":55,"menu_order":0,"comment_status":"closed","ping_status":"closed","template":"page-templates\/page-colles-et-materiels.php","meta":{"_acf_changed":false,"inline_featured_image":false,"footnotes":""},"tags":[],"class_list":["post-677","page","type-page","status-publish","hentry"],"acf":[],"yoast_head":"<!-- This site is optimized with the Yoast SEO plugin v25.6 - https:\/\/yoast.com\/wordpress\/plugins\/seo\/ -->\n<title>Colles et mat\u00e9riels Keol<\/title>\n<meta name=\"description\" content=\"Colles et mat\u00e9riels KEOL. Large gamme de mat\u00e9riels de d\u00e9pose, colles techniques et accessoires d\u00e9di\u00e9s pour un assemblage parfait.\" \/>\n<meta name=\"robots\" content=\"index, follow, max-snippet:-1, max-image-preview:large, max-video-preview:-1\" \/>\n<link rel=\"canonical\" href=\"https:\/\/keol.agencezebra.link\/fr\/prestations\/colles-et-materiels\/\" \/>\n<meta property=\"og:locale\" content=\"fr_FR\" \/>\n<meta property=\"og:type\" content=\"article\" \/>\n<meta property=\"og:title\" content=\"Colles et mat\u00e9riels Keol\" \/>\n<meta property=\"og:description\" content=\"Colles et mat\u00e9riels KEOL. Large gamme de mat\u00e9riels de d\u00e9pose, colles techniques et accessoires d\u00e9di\u00e9s pour un assemblage parfait.\" \/>\n<meta property=\"og:url\" content=\"https:\/\/keol.agencezebra.link\/fr\/prestations\/colles-et-materiels\/\" \/>\n<meta property=\"og:site_name\" content=\"Keol\" \/>\n<meta property=\"article:modified_time\" content=\"2022-01-27T15:50:50+00:00\" \/>\n<meta name=\"twitter:card\" content=\"summary_large_image\" \/>\n<script type=\"application\/ld+json\" class=\"yoast-schema-graph\">{\"@context\":\"https:\/\/schema.org\",\"@graph\":[{\"@type\":\"WebPage\",\"@id\":\"https:\/\/keol.agencezebra.link\/fr\/prestations\/colles-et-materiels\/\",\"url\":\"https:\/\/keol.agencezebra.link\/fr\/prestations\/colles-et-materiels\/\",\"name\":\"Colles et mat\u00e9riels Keol\",\"isPartOf\":{\"@id\":\"https:\/\/keol.agencezebra.link\/fr\/#website\"},\"datePublished\":\"2021-09-23T09:52:11+00:00\",\"dateModified\":\"2022-01-27T15:50:50+00:00\",\"description\":\"Colles et mat\u00e9riels KEOL. Large gamme de mat\u00e9riels de d\u00e9pose, colles techniques et accessoires d\u00e9di\u00e9s pour un assemblage parfait.\",\"breadcrumb\":{\"@id\":\"https:\/\/keol.agencezebra.link\/fr\/prestations\/colles-et-materiels\/#breadcrumb\"},\"inLanguage\":\"fr-FR\",\"potentialAction\":[{\"@type\":\"ReadAction\",\"target\":[\"https:\/\/keol.agencezebra.link\/fr\/prestations\/colles-et-materiels\/\"]}]},{\"@type\":\"BreadcrumbList\",\"@id\":\"https:\/\/keol.agencezebra.link\/fr\/prestations\/colles-et-materiels\/#breadcrumb\",\"itemListElement\":[{\"@type\":\"ListItem\",\"position\":1,\"name\":\"Prestations\",\"item\":\"https:\/\/keol.agencezebra.link\/fr\/prestations\/\"},{\"@type\":\"ListItem\",\"position\":2,\"name\":\"Colles &#038; mat\u00e9riels\"}]},{\"@type\":\"WebSite\",\"@id\":\"https:\/\/keol.agencezebra.link\/fr\/#website\",\"url\":\"https:\/\/keol.agencezebra.link\/fr\/\",\"name\":\"Keol\",\"description\":\"Collage haute pr\u00e9cision\",\"potentialAction\":[{\"@type\":\"SearchAction\",\"target\":{\"@type\":\"EntryPoint\",\"urlTemplate\":\"https:\/\/keol.agencezebra.link\/fr\/?s={search_term_string}\"},\"query-input\":{\"@type\":\"PropertyValueSpecification\",\"valueRequired\":true,\"valueName\":\"search_term_string\"}}],\"inLanguage\":\"fr-FR\"}]}<\/script>\n<!-- \/ Yoast SEO plugin. -->","yoast_head_json":{"title":"Colles et mat\u00e9riels Keol","description":"Colles et mat\u00e9riels KEOL. Large gamme de mat\u00e9riels de d\u00e9pose, colles techniques et accessoires d\u00e9di\u00e9s pour un assemblage parfait.","robots":{"index":"index","follow":"follow","max-snippet":"max-snippet:-1","max-image-preview":"max-image-preview:large","max-video-preview":"max-video-preview:-1"},"canonical":"https:\/\/keol.agencezebra.link\/fr\/prestations\/colles-et-materiels\/","og_locale":"fr_FR","og_type":"article","og_title":"Colles et mat\u00e9riels Keol","og_description":"Colles et mat\u00e9riels KEOL. Large gamme de mat\u00e9riels de d\u00e9pose, colles techniques et accessoires d\u00e9di\u00e9s pour un assemblage parfait.","og_url":"https:\/\/keol.agencezebra.link\/fr\/prestations\/colles-et-materiels\/","og_site_name":"Keol","article_modified_time":"2022-01-27T15:50:50+00:00","twitter_card":"summary_large_image","schema":{"@context":"https:\/\/schema.org","@graph":[{"@type":"WebPage","@id":"https:\/\/keol.agencezebra.link\/fr\/prestations\/colles-et-materiels\/","url":"https:\/\/keol.agencezebra.link\/fr\/prestations\/colles-et-materiels\/","name":"Colles et mat\u00e9riels Keol","isPartOf":{"@id":"https:\/\/keol.agencezebra.link\/fr\/#website"},"datePublished":"2021-09-23T09:52:11+00:00","dateModified":"2022-01-27T15:50:50+00:00","description":"Colles et mat\u00e9riels KEOL. Large gamme de mat\u00e9riels de d\u00e9pose, colles techniques et accessoires d\u00e9di\u00e9s pour un assemblage parfait.","breadcrumb":{"@id":"https:\/\/keol.agencezebra.link\/fr\/prestations\/colles-et-materiels\/#breadcrumb"},"inLanguage":"fr-FR","potentialAction":[{"@type":"ReadAction","target":["https:\/\/keol.agencezebra.link\/fr\/prestations\/colles-et-materiels\/"]}]},{"@type":"BreadcrumbList","@id":"https:\/\/keol.agencezebra.link\/fr\/prestations\/colles-et-materiels\/#breadcrumb","itemListElement":[{"@type":"ListItem","position":1,"name":"Prestations","item":"https:\/\/keol.agencezebra.link\/fr\/prestations\/"},{"@type":"ListItem","position":2,"name":"Colles &#038; mat\u00e9riels"}]},{"@type":"WebSite","@id":"https:\/\/keol.agencezebra.link\/fr\/#website","url":"https:\/\/keol.agencezebra.link\/fr\/","name":"Keol","description":"Collage haute pr\u00e9cision","potentialAction":[{"@type":"SearchAction","target":{"@type":"EntryPoint","urlTemplate":"https:\/\/keol.agencezebra.link\/fr\/?s={search_term_string}"},"query-input":{"@type":"PropertyValueSpecification","valueRequired":true,"valueName":"search_term_string"}}],"inLanguage":"fr-FR"}]}},"_links":{"self":[{"href":"https:\/\/keol.agencezebra.link\/fr\/wp-json\/wp\/v2\/pages\/677"}],"collection":[{"href":"https:\/\/keol.agencezebra.link\/fr\/wp-json\/wp\/v2\/pages"}],"about":[{"href":"https:\/\/keol.agencezebra.link\/fr\/wp-json\/wp\/v2\/types\/page"}],"author":[{"embeddable":true,"href":"https:\/\/keol.agencezebra.link\/fr\/wp-json\/wp\/v2\/users\/1"}],"replies":[{"embeddable":true,"href":"https:\/\/keol.agencezebra.link\/fr\/wp-json\/wp\/v2\/comments?post=677"}],"version-history":[{"count":20,"href":"https:\/\/keol.agencezebra.link\/fr\/wp-json\/wp\/v2\/pages\/677\/revisions"}],"predecessor-version":[{"id":6138,"href":"https:\/\/keol.agencezebra.link\/fr\/wp-json\/wp\/v2\/pages\/677\/revisions\/6138"}],"up":[{"embeddable":true,"href":"https:\/\/keol.agencezebra.link\/fr\/wp-json\/wp\/v2\/pages\/55"}],"wp:attachment":[{"href":"https:\/\/keol.agencezebra.link\/fr\/wp-json\/wp\/v2\/media?parent=677"}],"wp:term":[{"taxonomy":"post_tag","embeddable":true,"href":"https:\/\/keol.agencezebra.link\/fr\/wp-json\/wp\/v2\/tags?post=677"}],"curies":[{"name":"wp","href":"https:\/\/api.w.org\/{rel}","templated":true}]}}