{"id":6593,"date":"2022-04-12T15:13:45","date_gmt":"2022-04-12T13:13:45","guid":{"rendered":"https:\/\/www.keol-services.com\/?page_id=6593"},"modified":"2022-10-13T10:08:32","modified_gmt":"2022-10-13T08:08:32","slug":"formation-collage-technique","status":"publish","type":"page","link":"https:\/\/keol.agencezebra.link\/fr\/prestations\/formation-collage-technique\/","title":{"rendered":"FORMATION COLLAGE TECHNIQUE"},"content":{"rendered":"<h3 style=\"text-align: left;\">Prochaines sessions de formation<\/h3>\n<ul class=\"ulnone\">\n<li style=\"text-align: left;\"><a href=\"#formulaire\">Jeudi 16 f\u00e9vrier 2023<\/a><\/li>\n<li style=\"text-align: left;\"><a href=\"#formulaire\">Jeudi 18 mai 2023<\/a><\/li>\n<li style=\"text-align: left;\"><a href=\"#formulaire\">Jeudi 12 octobre 2023<\/a><\/li>\n<\/ul>\n<h3>D\u00e9roulement de la formation<\/h3>\n<p>La formation sur les techniques du collage est caract\u00e9ris\u00e9e en deux parties : la premi\u00e8re par une partie th\u00e9orie expos\u00e9e et la seconde partie en travaux pratiques effectu\u00e9s en laboratoire \u00e9quip\u00e9 de machines permettant la d\u00e9pose et la r\u00e9alisation de tests et essais. La formation se d\u00e9roule sur une journ\u00e9e.<\/p>\n<h3>Objectifs p\u00e9dagogiques<\/h3>\n<ul>\n<li>D\u00e9finir les sp\u00e9cifications techniques du collage \u00e0 partir du cahier des charges du produit<\/li>\n<li>S\u00e9lectionner des pr\u00e9parations de surface et des adh\u00e9sifs en fonction de ces sp\u00e9cifications techniques<\/li>\n<li>\u00c9noncer les principales r\u00e8gles de conception<\/li>\n<li>Proposer des m\u00e9thodes et moyens de contr\u00f4le qualit\u00e9 adapt\u00e9s \u00e0 une fabrication coll\u00e9e<\/li>\n<li>Identifier les causes possibles d\u2019anomalies li\u00e9es \u00e0 la mise en \u0153uvre des collages<\/li>\n<li><strong>Caract\u00e9riser un collage<\/strong> :\n<ul>\n<li>Mesurer les \u00e9nergies de surface avec un goniom\u00e8tre<\/li>\n<li>Mesurer l\u2019adh\u00e9sion selon la norme EN1465 avec diff\u00e9rents substrats<\/li>\n<li>Mesurer la coh\u00e9sion de l\u2019adh\u00e9sif selon la norme ISO 527-1<\/li>\n<li>Tests climatiques<\/li>\n<\/ul>\n<\/li>\n<\/ul>\n<h3>M\u00e9thodes p\u00e9dagogiques<\/h3>\n<p>Expos\u00e9s techniques accompagn\u00e9s d\u2019\u00e9changes et de questionnements avec les stagiaires. Th\u00e9orie et exercices bas\u00e9s sur des exemples industriels en alternance. Exercices de travaux pratiques effectu\u00e9s en laboratoire.<\/p>\n<h3>Comp\u00e9tences vis\u00e9es<\/h3>\n<ul>\n<li>Mettre en \u0153uvre un assemblage par collage dans le respect des bonnes pratiques<\/li>\n<li>Identifier si le collage est une technologie en ad\u00e9quation avec l\u2019application vis\u00e9e<\/li>\n<li>Savoir concevoir une liaison coll\u00e9e<\/li>\n<li>Savoir identifier les causes possibles d\u2019anomalies d\u2019un assemblage coll\u00e9<\/li>\n<\/ul>\n<h3>Moyens d\u2019\u00e9valuation<\/h3>\n<p>\u00c9tude de cas clients &#8211; QCM \u2013 Mise en praticit\u00e9 de la th\u00e9orie.<\/p>\n<h3>Profil du formateur<\/h3>\n<p>Ing\u00e9nieur r\u00e9f\u00e9rent collage, intervenant dans des projets de R&amp;D collaborative et dans des missions de conseils et d\u2019assistance technique en entreprise.<\/p>\n<h3>Profil du personnel concern\u00e9<\/h3>\n<p>Ing\u00e9nieurs et personnels techniciens des services bureaux d\u2019\u00e9tudes, recherche et d\u00e9veloppement, contr\u00f4le qualit\u00e9 en fabrication Public du secteur industriel.<\/p>\n<h3><strong>Capacit\u00e9 \u00e0 accueillir des personnes en situation de handicap<\/strong><\/h3>\n<p>De fa\u00e7on \u00e0 assurer le meilleur accueil possible, il est imp\u00e9ratif de contacter le centre de formation avant votre venue et lui signaler toute information utile \u00e0 votre prise en charge.<\/p>\n<p><u>Acc\u00e8s<\/u>\u00a0: Notre centre n\u2019est pas \u00e9quip\u00e9 d\u2019acc\u00e8s sp\u00e9cifique aux PMR : rampe d\u2019acc\u00e8s fauteuil, largeur des portes, toilettes handicap\u00e9s\u2026 La formation se tient exclusivement en rez-de-chauss\u00e9e et est accessible par fauteuil aussi bien pour la salle o\u00f9 se d\u00e9roule la partie th\u00e9orie que pour le laboratoire o\u00f9 se d\u00e9roule la partie pratique.<\/p>\n","protected":false},"excerpt":{"rendered":"Venez \u00e9changer avec des sp\u00e9cialistes des solutions de collage, enrichir votre savoir-faire par la manipulation des produits et mat\u00e9riels lors des ateliers techniques !\r\nKeol vous propose des solutions et applications de collage dans les secteurs de l\u2019Industrie, du M\u00e9dical, de la Cosm\u00e9tique et de l\u2019\u00c9lectronique.","protected":false},"author":1,"featured_media":6595,"parent":55,"menu_order":0,"comment_status":"closed","ping_status":"closed","template":"page-templates\/page-formation.php","meta":{"_acf_changed":false,"inline_featured_image":false,"footnotes":""},"tags":[],"class_list":["post-6593","page","type-page","status-publish","has-post-thumbnail","hentry"],"acf":[],"yoast_head":"<!-- This site is optimized with the Yoast SEO plugin v25.6 - https:\/\/yoast.com\/wordpress\/plugins\/seo\/ -->\n<title>FORMATION COLLAGE TECHNIQUE - Keol<\/title>\n<meta name=\"robots\" content=\"index, follow, max-snippet:-1, max-image-preview:large, max-video-preview:-1\" \/>\n<link rel=\"canonical\" href=\"https:\/\/keol.agencezebra.link\/fr\/prestations\/formation-collage-technique\/\" \/>\n<meta property=\"og:locale\" content=\"fr_FR\" \/>\n<meta property=\"og:type\" content=\"article\" \/>\n<meta property=\"og:title\" content=\"FORMATION COLLAGE TECHNIQUE - Keol\" \/>\n<meta property=\"og:description\" content=\"Venez \u00e9changer avec des sp\u00e9cialistes des solutions de collage, enrichir votre savoir-faire par la manipulation des produits et mat\u00e9riels lors des ateliers techniques ! Keol vous propose des solutions et applications de collage dans les secteurs de l\u2019Industrie, du M\u00e9dical, de la Cosm\u00e9tique et de l\u2019\u00c9lectronique.\" \/>\n<meta property=\"og:url\" content=\"https:\/\/keol.agencezebra.link\/fr\/prestations\/formation-collage-technique\/\" \/>\n<meta property=\"og:site_name\" content=\"Keol\" \/>\n<meta property=\"article:modified_time\" content=\"2022-10-13T08:08:32+00:00\" \/>\n<meta property=\"og:image\" content=\"https:\/\/keol.agencezebra.link\/wp-content\/uploads\/2022\/04\/reunion-entreprise-femmes-tableau.jpg\" \/>\n\t<meta property=\"og:image:width\" content=\"1200\" \/>\n\t<meta property=\"og:image:height\" content=\"800\" \/>\n\t<meta property=\"og:image:type\" content=\"image\/jpeg\" \/>\n<meta name=\"twitter:card\" content=\"summary_large_image\" \/>\n<meta name=\"twitter:label1\" content=\"Dur\u00e9e de lecture estim\u00e9e\" \/>\n\t<meta name=\"twitter:data1\" content=\"3 minutes\" \/>\n<script type=\"application\/ld+json\" class=\"yoast-schema-graph\">{\"@context\":\"https:\/\/schema.org\",\"@graph\":[{\"@type\":\"WebPage\",\"@id\":\"https:\/\/keol.agencezebra.link\/fr\/prestations\/formation-collage-technique\/\",\"url\":\"https:\/\/keol.agencezebra.link\/fr\/prestations\/formation-collage-technique\/\",\"name\":\"FORMATION COLLAGE TECHNIQUE - Keol\",\"isPartOf\":{\"@id\":\"https:\/\/keol.agencezebra.link\/fr\/#website\"},\"primaryImageOfPage\":{\"@id\":\"https:\/\/keol.agencezebra.link\/fr\/prestations\/formation-collage-technique\/#primaryimage\"},\"image\":{\"@id\":\"https:\/\/keol.agencezebra.link\/fr\/prestations\/formation-collage-technique\/#primaryimage\"},\"thumbnailUrl\":\"https:\/\/keol.agencezebra.link\/wp-content\/uploads\/2022\/04\/reunion-entreprise-femmes-tableau.jpg\",\"datePublished\":\"2022-04-12T13:13:45+00:00\",\"dateModified\":\"2022-10-13T08:08:32+00:00\",\"breadcrumb\":{\"@id\":\"https:\/\/keol.agencezebra.link\/fr\/prestations\/formation-collage-technique\/#breadcrumb\"},\"inLanguage\":\"fr-FR\",\"potentialAction\":[{\"@type\":\"ReadAction\",\"target\":[\"https:\/\/keol.agencezebra.link\/fr\/prestations\/formation-collage-technique\/\"]}]},{\"@type\":\"ImageObject\",\"inLanguage\":\"fr-FR\",\"@id\":\"https:\/\/keol.agencezebra.link\/fr\/prestations\/formation-collage-technique\/#primaryimage\",\"url\":\"https:\/\/keol.agencezebra.link\/wp-content\/uploads\/2022\/04\/reunion-entreprise-femmes-tableau.jpg\",\"contentUrl\":\"https:\/\/keol.agencezebra.link\/wp-content\/uploads\/2022\/04\/reunion-entreprise-femmes-tableau.jpg\",\"width\":1200,\"height\":800},{\"@type\":\"BreadcrumbList\",\"@id\":\"https:\/\/keol.agencezebra.link\/fr\/prestations\/formation-collage-technique\/#breadcrumb\",\"itemListElement\":[{\"@type\":\"ListItem\",\"position\":1,\"name\":\"Prestations\",\"item\":\"https:\/\/keol.agencezebra.link\/fr\/prestations\/\"},{\"@type\":\"ListItem\",\"position\":2,\"name\":\"FORMATION COLLAGE TECHNIQUE\"}]},{\"@type\":\"WebSite\",\"@id\":\"https:\/\/keol.agencezebra.link\/fr\/#website\",\"url\":\"https:\/\/keol.agencezebra.link\/fr\/\",\"name\":\"Keol\",\"description\":\"Collage haute pr\u00e9cision\",\"potentialAction\":[{\"@type\":\"SearchAction\",\"target\":{\"@type\":\"EntryPoint\",\"urlTemplate\":\"https:\/\/keol.agencezebra.link\/fr\/?s={search_term_string}\"},\"query-input\":{\"@type\":\"PropertyValueSpecification\",\"valueRequired\":true,\"valueName\":\"search_term_string\"}}],\"inLanguage\":\"fr-FR\"}]}<\/script>\n<!-- \/ Yoast SEO plugin. -->","yoast_head_json":{"title":"FORMATION COLLAGE TECHNIQUE - Keol","robots":{"index":"index","follow":"follow","max-snippet":"max-snippet:-1","max-image-preview":"max-image-preview:large","max-video-preview":"max-video-preview:-1"},"canonical":"https:\/\/keol.agencezebra.link\/fr\/prestations\/formation-collage-technique\/","og_locale":"fr_FR","og_type":"article","og_title":"FORMATION COLLAGE TECHNIQUE - Keol","og_description":"Venez \u00e9changer avec des sp\u00e9cialistes des solutions de collage, enrichir votre savoir-faire par la manipulation des produits et mat\u00e9riels lors des ateliers techniques ! Keol vous propose des solutions et applications de collage dans les secteurs de l\u2019Industrie, du M\u00e9dical, de la Cosm\u00e9tique et de l\u2019\u00c9lectronique.","og_url":"https:\/\/keol.agencezebra.link\/fr\/prestations\/formation-collage-technique\/","og_site_name":"Keol","article_modified_time":"2022-10-13T08:08:32+00:00","og_image":[{"width":1200,"height":800,"url":"https:\/\/keol.agencezebra.link\/wp-content\/uploads\/2022\/04\/reunion-entreprise-femmes-tableau.jpg","type":"image\/jpeg"}],"twitter_card":"summary_large_image","twitter_misc":{"Dur\u00e9e de lecture estim\u00e9e":"3 minutes"},"schema":{"@context":"https:\/\/schema.org","@graph":[{"@type":"WebPage","@id":"https:\/\/keol.agencezebra.link\/fr\/prestations\/formation-collage-technique\/","url":"https:\/\/keol.agencezebra.link\/fr\/prestations\/formation-collage-technique\/","name":"FORMATION COLLAGE TECHNIQUE - Keol","isPartOf":{"@id":"https:\/\/keol.agencezebra.link\/fr\/#website"},"primaryImageOfPage":{"@id":"https:\/\/keol.agencezebra.link\/fr\/prestations\/formation-collage-technique\/#primaryimage"},"image":{"@id":"https:\/\/keol.agencezebra.link\/fr\/prestations\/formation-collage-technique\/#primaryimage"},"thumbnailUrl":"https:\/\/keol.agencezebra.link\/wp-content\/uploads\/2022\/04\/reunion-entreprise-femmes-tableau.jpg","datePublished":"2022-04-12T13:13:45+00:00","dateModified":"2022-10-13T08:08:32+00:00","breadcrumb":{"@id":"https:\/\/keol.agencezebra.link\/fr\/prestations\/formation-collage-technique\/#breadcrumb"},"inLanguage":"fr-FR","potentialAction":[{"@type":"ReadAction","target":["https:\/\/keol.agencezebra.link\/fr\/prestations\/formation-collage-technique\/"]}]},{"@type":"ImageObject","inLanguage":"fr-FR","@id":"https:\/\/keol.agencezebra.link\/fr\/prestations\/formation-collage-technique\/#primaryimage","url":"https:\/\/keol.agencezebra.link\/wp-content\/uploads\/2022\/04\/reunion-entreprise-femmes-tableau.jpg","contentUrl":"https:\/\/keol.agencezebra.link\/wp-content\/uploads\/2022\/04\/reunion-entreprise-femmes-tableau.jpg","width":1200,"height":800},{"@type":"BreadcrumbList","@id":"https:\/\/keol.agencezebra.link\/fr\/prestations\/formation-collage-technique\/#breadcrumb","itemListElement":[{"@type":"ListItem","position":1,"name":"Prestations","item":"https:\/\/keol.agencezebra.link\/fr\/prestations\/"},{"@type":"ListItem","position":2,"name":"FORMATION COLLAGE TECHNIQUE"}]},{"@type":"WebSite","@id":"https:\/\/keol.agencezebra.link\/fr\/#website","url":"https:\/\/keol.agencezebra.link\/fr\/","name":"Keol","description":"Collage haute pr\u00e9cision","potentialAction":[{"@type":"SearchAction","target":{"@type":"EntryPoint","urlTemplate":"https:\/\/keol.agencezebra.link\/fr\/?s={search_term_string}"},"query-input":{"@type":"PropertyValueSpecification","valueRequired":true,"valueName":"search_term_string"}}],"inLanguage":"fr-FR"}]}},"_links":{"self":[{"href":"https:\/\/keol.agencezebra.link\/fr\/wp-json\/wp\/v2\/pages\/6593"}],"collection":[{"href":"https:\/\/keol.agencezebra.link\/fr\/wp-json\/wp\/v2\/pages"}],"about":[{"href":"https:\/\/keol.agencezebra.link\/fr\/wp-json\/wp\/v2\/types\/page"}],"author":[{"embeddable":true,"href":"https:\/\/keol.agencezebra.link\/fr\/wp-json\/wp\/v2\/users\/1"}],"replies":[{"embeddable":true,"href":"https:\/\/keol.agencezebra.link\/fr\/wp-json\/wp\/v2\/comments?post=6593"}],"version-history":[{"count":38,"href":"https:\/\/keol.agencezebra.link\/fr\/wp-json\/wp\/v2\/pages\/6593\/revisions"}],"predecessor-version":[{"id":7066,"href":"https:\/\/keol.agencezebra.link\/fr\/wp-json\/wp\/v2\/pages\/6593\/revisions\/7066"}],"up":[{"embeddable":true,"href":"https:\/\/keol.agencezebra.link\/fr\/wp-json\/wp\/v2\/pages\/55"}],"wp:featuredmedia":[{"embeddable":true,"href":"https:\/\/keol.agencezebra.link\/fr\/wp-json\/wp\/v2\/media\/6595"}],"wp:attachment":[{"href":"https:\/\/keol.agencezebra.link\/fr\/wp-json\/wp\/v2\/media?parent=6593"}],"wp:term":[{"taxonomy":"post_tag","embeddable":true,"href":"https:\/\/keol.agencezebra.link\/fr\/wp-json\/wp\/v2\/tags?post=6593"}],"curies":[{"name":"wp","href":"https:\/\/api.w.org\/{rel}","templated":true}]}}