{"id":6584,"date":"2022-04-04T17:12:16","date_gmt":"2022-04-04T15:12:16","guid":{"rendered":"https:\/\/www.keol-services.com\/?page_id=6584"},"modified":"2022-04-04T17:22:42","modified_gmt":"2022-04-04T15:22:42","slug":"cgu","status":"publish","type":"page","link":"https:\/\/keol.agencezebra.link\/fr\/cgu\/","title":{"rendered":"CGU"},"content":{"rendered":"<h2><strong>Conditions G\u00e9n\u00e9rales d&rsquo;Utilisation\u00a0<\/strong><strong>du site\u00a0<\/strong>KEOL<strong>\u00a0<\/strong><\/h2>\n<h2><strong>Pr\u00e9ambule\u00a0<\/strong><\/h2>\n<p>Les pr\u00e9sentes conditions g\u00e9n\u00e9rales d&rsquo;utilisation sont\u00a0conclues entre :<br \/>\n&#8211; le g\u00e9rant du site internet, ci-apr\u00e8s d\u00e9sign\u00e9 \u00ab\u00a0l\u2019\u00c9diteur\u00a0\u00bb,<br \/>\n&#8211; toute personne souhaitant acc\u00e9der au site et \u00e0 ses services, ci-apr\u00e8s appel\u00e9 \u00ab\u00a0l\u2019Utilisateur\u00a0\u00bb.<\/p>\n<h2><strong>Article 1 &#8211; Principes<\/strong><\/h2>\n<p>Les pr\u00e9sentes conditions g\u00e9n\u00e9rales d&rsquo;utilisation\u00a0ont pour objet l&rsquo;encadrement juridique de l\u2019utilisation du site\u00a0KEOL\u00a0et de ses services.<\/p>\n<p>Le site Internet\u00a0https:\/\/www.keol-services.com\u00a0est un service de :<\/p>\n<ul>\n<li>La soci\u00e9t\u00e9\u00a0\u00a0KEOL<\/li>\n<li>situ\u00e9e\u00a01 Rue de la For\u00eat \u00a077140 St-Pierre-L\u00e8s-Nemours,\u00a0France<\/li>\n<li>adresse URL du site :\u00a0https:\/\/www.keol-services.com<\/li>\n<li>e-mail :\u00a0info@keol-services.com<\/li>\n<li>num\u00e9ro de t\u00e9l\u00e9phone :\u00a0+33 01 64 28 41 91<\/li>\n<\/ul>\n<p>Les conditions g\u00e9n\u00e9rales d&rsquo;utilisation doivent \u00eatre accept\u00e9es par tout Utilisateur, et son acc\u00e8s au site vaut acceptation de ces conditions.<\/p>\n<h2><strong>Article 2\u00a0&#8211; Evolution et dur\u00e9e des CGU<\/strong><\/h2>\n<p>Les pr\u00e9sentes conditions g\u00e9n\u00e9rales d&rsquo;utilisation sont conclues pour une dur\u00e9e ind\u00e9termin\u00e9e.\u00a0Le contrat produit ses effets \u00e0 l&rsquo;\u00e9gard de l&rsquo;Utilisateur \u00e0 compter du d\u00e9but de l\u2019utilisation du service.<\/p>\n<p>Le site\u00a0KEOL\u00a0se r\u00e9serve le droit de modifier les clauses de ces conditions g\u00e9n\u00e9rales d\u2019utilisation \u00e0 tout moment et sans justification.<\/p>\n<h2><strong>Article 3 &#8211; Acc\u00e8s au site<\/strong><\/h2>\n<p>Tout Utilisateur ayant acc\u00e8s \u00e0\u00a0internet peut acc\u00e9der gratuitement et depuis n\u2019importe o\u00f9 au site\u00a0KEOL. Les frais support\u00e9s par l\u2019Utilisateur pour y acc\u00e9der (connexion internet, mat\u00e9riel informatique, etc.) ne sont pas \u00e0 la charge de l\u2019\u00c9diteur.<\/p>\n<p>Le site et ses diff\u00e9rents services peuvent \u00eatre interrompus ou suspendus par l\u2019\u00c9diteur, notamment \u00e0 l\u2019occasion d\u2019une maintenance, sans obligation de pr\u00e9avis ou de justification.<\/p>\n<p>L&rsquo;Utilisateur du site\u00a0a acc\u00e8s aux services suivants :\u00a0formation sur les techniques du collage industriel.<\/p>\n<p>Le site comprend un espace membre payant r\u00e9serv\u00e9 aux utilisateurs inscrits. Ces utilisateurs pourront y acc\u00e9der en utilisant leurs identifiants de connexion.<\/p>\n<p>Les services r\u00e9serv\u00e9s aux membres sont les suivants :\u00a0Acc\u00e8s aux actualit\u00e9s et documentation techniques et commerciales.<\/p>\n<h2><strong>Article 4\u00a0 &#8211; Responsabilit\u00e9s\u00a0<\/strong><\/h2>\n<p>La responsabilit\u00e9 de l&rsquo;\u00c9diteur ne peut \u00eatre engag\u00e9e en cas de d\u00e9faillance, panne, difficult\u00e9 ou interruption de fonctionnement, emp\u00eachant l&rsquo;acc\u00e8s au site ou \u00e0 une de ses fonctionnalit\u00e9s.<\/p>\n<p>Le mat\u00e9riel de connexion au site utilis\u00e9e\u00a0est sous l&rsquo;enti\u00e8re responsabilit\u00e9 de l&rsquo;Utilisateur qui doit prendre toutes les mesures appropri\u00e9es pour prot\u00e9ger le\u00a0mat\u00e9riel et les\u00a0donn\u00e9es notamment d&rsquo;attaques virales par Internet. L&rsquo;utilisateur est\u00a0par ailleurs le seul responsable des sites et donn\u00e9es qu&rsquo;il consulte.<\/p>\n<p>&nbsp;<\/p>\n<p>L&rsquo;\u00c9diteur ne pourra \u00eatre tenu responsable en cas de poursuites judiciaires \u00e0 l&rsquo;encontre de l&rsquo;Utilisateur\u00a0:<\/p>\n<p>&#8211;\u00a0\u00a0du fait de l&rsquo;usage du site ou de tout service accessible\u00a0<em>via<\/em>\u00a0Internet\u00a0;<\/p>\n<p>&#8211;\u00a0\u00a0du fait du non-respect par l&rsquo;Utilisateur\u00a0des pr\u00e9sentes conditions g\u00e9n\u00e9rales.<\/p>\n<p>L&rsquo;\u00c9diteur n&rsquo;est pas responsable des dommages caus\u00e9s \u00e0 l&rsquo;Utilisateur, \u00e0 des tiers et\/ou \u00e0 l&rsquo;\u00e9quipement de l&rsquo;Utilisateur du fait de sa\u00a0connexion ou de son\u00a0utilisation du site et l&rsquo;Utilisateur\u00a0renonce\u00a0\u00e0 toute action contre l&rsquo;\u00c9diteur\u00a0de ce fait.<\/p>\n<p>Si l&rsquo;\u00c9diteur venait \u00e0 faire l&rsquo;objet d&rsquo;une proc\u00e9dure amiable ou judiciaire \u00e0 raison de \u00a0l&rsquo;utilisation du site par\u00a0l&rsquo;Utilisateur, il pourra retourner contre lui\u00a0pour obtenir indemnisation de tous les pr\u00e9judices, sommes, condamnations et frais qui pourraient d\u00e9couler de cette proc\u00e9dure.<\/p>\n<h2><strong>Article 5\u00a0 &#8211; Propri\u00e9t\u00e9 intellectuelle<\/strong><\/h2>\n<p>Tous les documents techniques, produits, photographies, textes, logos, dessins, vid\u00e9os, etc.,\u00a0sont soumis \u00e0 des droits d&rsquo;auteur et sont prot\u00e9g\u00e9s par le Code de la propri\u00e9t\u00e9 intellectuelle.\u00a0Lorsqu&rsquo;ils sont\u00a0remis \u00e0 nos clients, ils demeurent la propri\u00e9t\u00e9 exclusive de\u00a0KEOL, seul titulaire des droits de propri\u00e9t\u00e9 intellectuelle sur ces documents, qui doivent lui \u00eatre rendus \u00e0 sa demande.<\/p>\n<p>Nos clients s&rsquo;engagent \u00e0 ne faire aucun usage de ces documents, susceptible de porter atteinte aux droits de propri\u00e9t\u00e9 industrielle ou intellectuelle du fournisseur et s&rsquo;engagent \u00e0 ne les divulguer \u00e0 aucun tiers, en dehors d&rsquo;une autorisation expresse et pr\u00e9alable donn\u00e9e par l&rsquo;Editeur.<\/p>\n<h2><strong>Article 6\u00a0 &#8211; Liens hypertextes<\/strong><\/h2>\n<p>La mise en place par l&rsquo;Utilisateur\u00a0de tous liens hypertextes vers tout ou partie du site est strictement interdite, sauf autorisation pr\u00e9alable et \u00e9crite de l&rsquo;\u00c9diteur, sollicit\u00e9e par courriel \u00e0 l&rsquo;adresse suivante\u00a0:\u00a0info@keol-services.com.<\/p>\n<p>L&rsquo;\u00c9diteur est libre de refuser cette autorisation sans avoir \u00e0 justifier de quelque mani\u00e8re que ce soit sa d\u00e9cision. Dans le cas o\u00f9 l&rsquo;\u00c9diteur accorderait son autorisation, celle-ci n&rsquo;est dans tous les cas que temporaire et pourra \u00eatre retir\u00e9e \u00e0 tout moment, sans obligation de justification \u00e0 la charge de l&rsquo;\u00c9diteur.<\/p>\n<p>Dans tous les cas, tout lien devra \u00eatre retir\u00e9 sur simple demande de l&rsquo;\u00c9diteur.<\/p>\n<p>Toute information accessible\u00a0<em>via<\/em>\u00a0un lien vers d&rsquo;autres sites n&rsquo;est pas sous le contr\u00f4le de l&rsquo;\u00c9diteur qui d\u00e9cline toute responsabilit\u00e9 quant \u00e0 leur contenu.<\/p>\n<h2><strong>Article 7\u00a0&#8211; Protection des donn\u00e9es personnelles<\/strong><\/h2>\n<p><strong><u>Donn\u00e9es collect\u00e9es\u00a0<\/u><\/strong><\/p>\n<p>Les donn\u00e9es \u00e0 caract\u00e8re personnel qui sont collect\u00e9es sur ce site\u00a0sont les suivantes\u00a0:<\/p>\n<p><strong>&#8211; ouverture de compte :\u00a0<\/strong>lors de la cr\u00e9ation du compte de l&rsquo;utilisateur :\u00a0nom\u00a0;\u00a0pr\u00e9nom ;\u00a0adresse \u00e9lectronique ;\u00a0n\u00b0 de t\u00e9l\u00e9phone ;\u00a0siret;<\/p>\n<p><strong>&#8211; connexion :\u00a0<\/strong>lors de la connexion de l&rsquo;utilisateur au site web, celui-ci enregistre, notamment, ses nom, pr\u00e9nom, donn\u00e9es de connexion, d&rsquo;utilisation, de localisation et ses donn\u00e9es relatives au paiement ;<\/p>\n<p><strong>&#8211; profil :\u00a0<\/strong>l&rsquo;utilisation des prestations pr\u00e9vues sur le site web\u00a0permet de renseigner un profil, pouvant comprendre une adresse et un num\u00e9ro de t\u00e9l\u00e9phone ;<\/p>\n<p><strong>&#8211; paiement :\u00a0<\/strong>dans le cadre du paiement des produits et prestations propos\u00e9s sur le site web, celui-ci enregistre des donn\u00e9es financi\u00e8res relatives au compte bancaire ou \u00e0 la carte de cr\u00e9dit de l&rsquo;utilisateur ;<\/p>\n<p><strong>&#8211; communication :\u00a0<\/strong>lorsque le site web\u00a0est utilis\u00e9\u00a0pour communiquer avec d&rsquo;autres membres, les donn\u00e9es concernant les communications de l&rsquo;utilisateur font l&rsquo;objet d&rsquo;une conservation temporaire ;<\/p>\n<p><strong>&#8211; cookies :<\/strong>\u00a0les cookies sont utilis\u00e9s, dans le cadre de l&rsquo;utilisation du site. L&rsquo;utilisateur a la possibilit\u00e9 de d\u00e9sactiver les cookies \u00e0 partir des param\u00e8tres de son navigateur.<\/p>\n<h2><strong><u>Utilisation des donn\u00e9es personnelles\u00a0<\/u><\/strong><\/h2>\n<p>Les donn\u00e9es personnelles collect\u00e9es aupr\u00e8s des utilisateurs ont pour objectif la mise \u00e0 disposition des services du site web, leur am\u00e9lioration et le maintien d&rsquo;un environnement s\u00e9curis\u00e9. Plus pr\u00e9cis\u00e9ment, les utilisations sont les suivantes\u00a0:<\/p>\n<p>&#8211;\u00a0\u00a0acc\u00e8s et utilisation du site web\u00a0par l&rsquo;utilisateur\u00a0;<\/p>\n<p>&#8211;\u00a0\u00a0gestion du fonctionnement et optimisation du site web\u00a0;<\/p>\n<p>&#8211;\u00a0\u00a0organisation des conditions d&rsquo;utilisation des Services de paiement\u00a0;<\/p>\n<p>&#8211;\u00a0\u00a0v\u00e9rification, identification et authentification des donn\u00e9es transmises par l&rsquo;utilisateur\u00a0;<\/p>\n<p>&#8211;\u00a0\u00a0proposition \u00e0 l&rsquo;utilisateur de la possibilit\u00e9 de communiquer avec d&rsquo;autres utilisateurs du site web\u00a0;<\/p>\n<p>&#8211;\u00a0\u00a0mise en oeuvre d&rsquo;une assistance utilisateurs\u00a0;<\/p>\n<p>&#8211;\u00a0\u00a0personnalisation des services en affichant des publicit\u00e9s en fonction de l&rsquo;historique de navigation de l&rsquo;utilisateur, selon ses pr\u00e9f\u00e9rences\u00a0;<\/p>\n<p>&#8211;\u00a0\u00a0pr\u00e9vention et d\u00e9tection des fraudes, malwares (malicious softwares ou logiciels malveillants) et gestion des incidents de s\u00e9curit\u00e9\u00a0;<\/p>\n<p>&#8211;\u00a0\u00a0gestion des \u00e9ventuels litiges avec les utilisateurs\u00a0;<\/p>\n<p>&#8211;\u00a0\u00a0envoi d&rsquo;informations commerciales et publicitaires, en fonction des pr\u00e9f\u00e9rences de l&rsquo;utilisateur.<\/p>\n<h2><strong><u>Partage des donn\u00e9es personnelles avec des tiers<\/u><\/strong><\/h2>\n<p>Les donn\u00e9es personnelles peuvent \u00eatre partag\u00e9es avec des soci\u00e9t\u00e9s tierces, dans les cas suivants\u00a0:<\/p>\n<p>&#8211;\u00a0\u00a0lorsque\u00a0l&rsquo;Utilisateur utilise les services de paiement, pour la mise en oeuvre de ces services, le site web\u00a0est en relation avec des soci\u00e9t\u00e9s bancaires et financi\u00e8res tierces avec lesquelles elle a pass\u00e9 des contrats\u00a0;<\/p>\n<p>&#8211;\u00a0\u00a0lorsque l&rsquo;Utilisateur publie, dans les zones de commentaires libres du site web, des informations accessibles au public\u00a0;<\/p>\n<p>&#8211;\u00a0\u00a0lorsque\u00a0l&rsquo;Utilisateur autorise le site web d&rsquo;un tiers \u00e0 acc\u00e9der \u00e0 ses donn\u00e9es\u00a0;<\/p>\n<p>&#8211;\u00a0\u00a0lorsque\u00a0le site web\u00a0recourt aux services de prestataires pour fournir l&rsquo;assistance utilisateurs, la publicit\u00e9 et les services de paiement. Ces prestataires disposent d&rsquo;un acc\u00e8s limit\u00e9 aux donn\u00e9es de l&rsquo;utilisateur, dans le cadre de l&rsquo;ex\u00e9cution de ces prestations, et ont une obligation contractuelle de les utiliser en conformit\u00e9 avec les dispositions de la r\u00e9glementation applicable en mati\u00e8re protection des donn\u00e9es \u00e0 caract\u00e8re personnel\u00a0;<\/p>\n<p>&#8211;\u00a0\u00a0si la loi l&rsquo;exige, le site web\u00a0peut effectuer la transmission de donn\u00e9es pour donner suite aux r\u00e9clamations pr\u00e9sent\u00e9es contre le site web\u00a0et se conformer aux proc\u00e9dures administratives et judiciaires\u00a0;<\/p>\n<p>&#8211;\u00a0\u00a0si le site web\u00a0est impliqu\u00e9e dans une op\u00e9ration de fusion, acquisition, cession d&rsquo;actifs ou proc\u00e9dure de redressement judiciaire, elle pourra \u00eatre amen\u00e9e \u00e0 c\u00e9der ou partager tout ou partie de ses actifs, y compris les donn\u00e9es \u00e0 caract\u00e8re personnel. Dans ce cas, les utilisateurs seraient inform\u00e9s, avant que les donn\u00e9es \u00e0 caract\u00e8re personnel ne soient transf\u00e9r\u00e9es \u00e0 une tierce partie.<\/p>\n<h2><strong><u>S\u00e9curit\u00e9 et confidentialit\u00e9<\/u><\/strong><\/h2>\n<p>Le site web\u00a0met en oeuvre des mesures organisationnelles, techniques, logicielles et physiques en mati\u00e8re de s\u00e9curit\u00e9 du num\u00e9rique pour prot\u00e9ger les donn\u00e9es personnelles contre les alt\u00e9rations, destructions et acc\u00e8s non autoris\u00e9s. Toutefois, il est \u00e0 signaler qu&rsquo;internet n&rsquo;est pas un environnement compl\u00e8tement s\u00e9curis\u00e9 et le site web\u00a0ne peut pas garantir la s\u00e9curit\u00e9 de la transmission ou du stockage des informations sur internet.<\/p>\n<h2><strong><u>Mise en oeuvre des droits des utilisateurs<\/u><\/strong><\/h2>\n<p>En application de la r\u00e9glementation applicable aux donn\u00e9es \u00e0 caract\u00e8re personnel, les utilisateurs disposent des droits suivants, qu&rsquo;ils peuvent exercer en faisant leur demande \u00e0 l&rsquo;adresse suivante :\u00a0info@keol-services.com.<\/p>\n<ul>\n<li>le droit d\u2019acc\u00e8s\u00a0: ils peuvent exercer leur droit d&rsquo;acc\u00e8s, pour conna\u00eetre les donn\u00e9es personnelles les concernant.\u00a0Dans ce cas, avant la mise en \u0153uvre de ce droit, le site web\u00a0peut demander une preuve de l&rsquo;identit\u00e9 de l&rsquo;utilisateur afin d&rsquo;en v\u00e9rifier l&rsquo;exactitude.<\/li>\n<li>le droit de rectification\u00a0: si les donn\u00e9es \u00e0 caract\u00e8re personnel d\u00e9tenues par le site web\u00a0sont inexactes, ils peuvent demander la mise \u00e0 jour des informations.<\/li>\n<li>le droit de suppression des donn\u00e9es\u00a0: les utilisateurs peuvent demander la suppression de leurs donn\u00e9es \u00e0 caract\u00e8re personnel, conform\u00e9ment aux lois applicables en mati\u00e8re de protection des donn\u00e9es.<\/li>\n<li>le droit \u00e0 la limitation du traitement\u00a0: les utilisateurs peuvent de demander au site web\u00a0de limiter le traitement des donn\u00e9es personnelles conform\u00e9ment aux hypoth\u00e8ses pr\u00e9vues par le RGPD.<\/li>\n<li>le droit de s\u2019opposer au traitement des donn\u00e9es\u00a0: les utilisateurs peuvent s\u2019opposer \u00e0 ce que ses donn\u00e9es soient trait\u00e9es conform\u00e9ment aux hypoth\u00e8ses pr\u00e9vues par le RGPD.<\/li>\n<li>le droit \u00e0 la portabilit\u00e9\u00a0: ils peuvent r\u00e9clamer que le site web\u00a0leur remette les donn\u00e9es personnelles qui lui sont fournies pour les transmettre \u00e0 un nouveau site web.<\/li>\n<\/ul>\n<h2><strong><u>Evolution de la pr\u00e9sente clause<\/u><\/strong><\/h2>\n<p>Le site web\u00a0se r\u00e9serve le droit d&rsquo;apporter toute modification \u00e0 la pr\u00e9sente clause relative \u00e0 la protection des donn\u00e9es \u00e0 caract\u00e8re personnel \u00e0 tout moment. Si une modification est apport\u00e9e \u00e0 la pr\u00e9sente clause de protection des donn\u00e9es \u00e0 caract\u00e8re personnel, le site web\u00a0s&rsquo;engage \u00e0 publier la nouvelle version sur son site. Le site web\u00a0informera \u00e9galement les utilisateurs de la modification par messagerie \u00e9lectronique, dans un d\u00e9lai minimum de 15\u00a0jours avant la date d&rsquo;effet. Si l&rsquo;utilisateur n&rsquo;est pas d&rsquo;accord avec les termes de la nouvelle r\u00e9daction de la clause de protection des donn\u00e9es \u00e0 caract\u00e8re personnel, il a la possibilit\u00e9 de supprimer son compte.<\/p>\n<h2><strong>Article 8\u00a0 &#8211; Cookies<\/strong><\/h2>\n<p>Le site\u00a0KEOL\u00a0peut collecter automatiquement des informations standards. Toutes les informations collect\u00e9es indirectement ne seront utilis\u00e9es que pour suivre le volume, le type et la configuration du trafic utilisant ce site, pour en d\u00e9velopper la conception et l&rsquo;agencement et \u00e0 d&rsquo;autres fins administratives et de planification et plus g\u00e9n\u00e9ralement pour am\u00e9liorer le service que nous vous offrons.<\/p>\n<h2><strong>Article 9\u00a0&#8211; Loi applicable<\/strong><\/h2>\n<p>Les pr\u00e9sentes conditions g\u00e9n\u00e9rales d&rsquo;utilisation sont soumises \u00e0 l&rsquo;application du droit fran\u00e7ais.<\/p>\n<p>Si les parties n&rsquo;arrivent pas \u00e0 r\u00e9soudre un\u00a0litige\u00a0\u00e0 l&rsquo;amiable, le litige sera soumis \u00e0 la comp\u00e9tence des tribunaux fran\u00e7ais.<\/p>\n<p>Tout litige relatif \u00e0 l&rsquo;interpr\u00e9tation, \u00e0 l&rsquo;ex\u00e9cution ou \u00e0 l&rsquo;ex\u00e9cution des pr\u00e9sentes sera de la comp\u00e9tence exclusive des tribunaux pour notre si\u00e8ge social \u00e0 St-Pierre-Les-Nemours (Seine et Marne, France).<\/p>\n<p>&nbsp;<\/p>\n<p>&nbsp;<\/p>\n","protected":false},"excerpt":{"rendered":"Conditions G\u00e9n\u00e9rales d&rsquo;Utilisation\u00a0du site\u00a0KEOL\u00a0 Pr\u00e9ambule\u00a0 Les pr\u00e9sentes conditions g\u00e9n\u00e9rales d&rsquo;utilisation sont\u00a0conclues entre : &#8211; le g\u00e9rant du site internet, ci-apr\u00e8s d\u00e9sign\u00e9 \u00ab\u00a0l\u2019\u00c9diteur\u00a0\u00bb, &#8211; toute personne souhaitant acc\u00e9der au site et&#8230;","protected":false},"author":7,"featured_media":0,"parent":0,"menu_order":0,"comment_status":"closed","ping_status":"closed","template":"","meta":{"_acf_changed":false,"inline_featured_image":false,"footnotes":""},"tags":[],"class_list":["post-6584","page","type-page","status-publish","hentry"],"acf":[],"yoast_head":"<!-- This site is optimized with the Yoast SEO plugin v25.6 - https:\/\/yoast.com\/wordpress\/plugins\/seo\/ -->\n<title>CGU - Keol<\/title>\n<meta name=\"robots\" content=\"noindex, nofollow\" \/>\n<meta property=\"og:locale\" content=\"fr_FR\" \/>\n<meta property=\"og:type\" content=\"article\" \/>\n<meta property=\"og:title\" content=\"CGU - Keol\" \/>\n<meta property=\"og:description\" content=\"Conditions G\u00e9n\u00e9rales d&rsquo;Utilisation\u00a0du site\u00a0KEOL\u00a0 Pr\u00e9ambule\u00a0 Les pr\u00e9sentes conditions g\u00e9n\u00e9rales d&rsquo;utilisation sont\u00a0conclues entre : &#8211; le g\u00e9rant du site internet, ci-apr\u00e8s d\u00e9sign\u00e9 \u00ab\u00a0l\u2019\u00c9diteur\u00a0\u00bb, &#8211; toute personne souhaitant acc\u00e9der au site et...\" \/>\n<meta property=\"og:url\" content=\"https:\/\/keol.agencezebra.link\/fr\/cgu\/\" \/>\n<meta property=\"og:site_name\" content=\"Keol\" \/>\n<meta property=\"article:modified_time\" content=\"2022-04-04T15:22:42+00:00\" \/>\n<meta name=\"twitter:card\" content=\"summary_large_image\" \/>\n<meta name=\"twitter:label1\" content=\"Dur\u00e9e de lecture estim\u00e9e\" \/>\n\t<meta name=\"twitter:data1\" content=\"10 minutes\" \/>\n<script type=\"application\/ld+json\" class=\"yoast-schema-graph\">{\"@context\":\"https:\/\/schema.org\",\"@graph\":[{\"@type\":\"WebPage\",\"@id\":\"https:\/\/keol.agencezebra.link\/fr\/cgu\/\",\"url\":\"https:\/\/keol.agencezebra.link\/fr\/cgu\/\",\"name\":\"CGU - Keol\",\"isPartOf\":{\"@id\":\"https:\/\/keol.agencezebra.link\/fr\/#website\"},\"datePublished\":\"2022-04-04T15:12:16+00:00\",\"dateModified\":\"2022-04-04T15:22:42+00:00\",\"inLanguage\":\"fr-FR\",\"potentialAction\":[{\"@type\":\"ReadAction\",\"target\":[\"https:\/\/keol.agencezebra.link\/fr\/cgu\/\"]}]},{\"@type\":\"WebSite\",\"@id\":\"https:\/\/keol.agencezebra.link\/fr\/#website\",\"url\":\"https:\/\/keol.agencezebra.link\/fr\/\",\"name\":\"Keol\",\"description\":\"Collage haute pr\u00e9cision\",\"potentialAction\":[{\"@type\":\"SearchAction\",\"target\":{\"@type\":\"EntryPoint\",\"urlTemplate\":\"https:\/\/keol.agencezebra.link\/fr\/?s={search_term_string}\"},\"query-input\":{\"@type\":\"PropertyValueSpecification\",\"valueRequired\":true,\"valueName\":\"search_term_string\"}}],\"inLanguage\":\"fr-FR\"}]}<\/script>\n<!-- \/ Yoast SEO plugin. -->","yoast_head_json":{"title":"CGU - Keol","robots":{"index":"noindex","follow":"nofollow"},"og_locale":"fr_FR","og_type":"article","og_title":"CGU - Keol","og_description":"Conditions G\u00e9n\u00e9rales d&rsquo;Utilisation\u00a0du site\u00a0KEOL\u00a0 Pr\u00e9ambule\u00a0 Les pr\u00e9sentes conditions g\u00e9n\u00e9rales d&rsquo;utilisation sont\u00a0conclues entre : &#8211; le g\u00e9rant du site internet, ci-apr\u00e8s d\u00e9sign\u00e9 \u00ab\u00a0l\u2019\u00c9diteur\u00a0\u00bb, &#8211; toute personne souhaitant acc\u00e9der au site et...","og_url":"https:\/\/keol.agencezebra.link\/fr\/cgu\/","og_site_name":"Keol","article_modified_time":"2022-04-04T15:22:42+00:00","twitter_card":"summary_large_image","twitter_misc":{"Dur\u00e9e de lecture estim\u00e9e":"10 minutes"},"schema":{"@context":"https:\/\/schema.org","@graph":[{"@type":"WebPage","@id":"https:\/\/keol.agencezebra.link\/fr\/cgu\/","url":"https:\/\/keol.agencezebra.link\/fr\/cgu\/","name":"CGU - Keol","isPartOf":{"@id":"https:\/\/keol.agencezebra.link\/fr\/#website"},"datePublished":"2022-04-04T15:12:16+00:00","dateModified":"2022-04-04T15:22:42+00:00","inLanguage":"fr-FR","potentialAction":[{"@type":"ReadAction","target":["https:\/\/keol.agencezebra.link\/fr\/cgu\/"]}]},{"@type":"WebSite","@id":"https:\/\/keol.agencezebra.link\/fr\/#website","url":"https:\/\/keol.agencezebra.link\/fr\/","name":"Keol","description":"Collage haute pr\u00e9cision","potentialAction":[{"@type":"SearchAction","target":{"@type":"EntryPoint","urlTemplate":"https:\/\/keol.agencezebra.link\/fr\/?s={search_term_string}"},"query-input":{"@type":"PropertyValueSpecification","valueRequired":true,"valueName":"search_term_string"}}],"inLanguage":"fr-FR"}]}},"_links":{"self":[{"href":"https:\/\/keol.agencezebra.link\/fr\/wp-json\/wp\/v2\/pages\/6584"}],"collection":[{"href":"https:\/\/keol.agencezebra.link\/fr\/wp-json\/wp\/v2\/pages"}],"about":[{"href":"https:\/\/keol.agencezebra.link\/fr\/wp-json\/wp\/v2\/types\/page"}],"author":[{"embeddable":true,"href":"https:\/\/keol.agencezebra.link\/fr\/wp-json\/wp\/v2\/users\/7"}],"replies":[{"embeddable":true,"href":"https:\/\/keol.agencezebra.link\/fr\/wp-json\/wp\/v2\/comments?post=6584"}],"version-history":[{"count":2,"href":"https:\/\/keol.agencezebra.link\/fr\/wp-json\/wp\/v2\/pages\/6584\/revisions"}],"predecessor-version":[{"id":6586,"href":"https:\/\/keol.agencezebra.link\/fr\/wp-json\/wp\/v2\/pages\/6584\/revisions\/6586"}],"wp:attachment":[{"href":"https:\/\/keol.agencezebra.link\/fr\/wp-json\/wp\/v2\/media?parent=6584"}],"wp:term":[{"taxonomy":"post_tag","embeddable":true,"href":"https:\/\/keol.agencezebra.link\/fr\/wp-json\/wp\/v2\/tags?post=6584"}],"curies":[{"name":"wp","href":"https:\/\/api.w.org\/{rel}","templated":true}]}}