{"id":6151,"date":"2022-01-18T15:48:02","date_gmt":"2022-01-18T14:48:02","guid":{"rendered":"https:\/\/www.keol-services.com\/?page_id=6151"},"modified":"2022-04-29T11:03:40","modified_gmt":"2022-04-29T09:03:40","slug":"accessoires-de-depose","status":"publish","type":"page","link":"https:\/\/keol.agencezebra.link\/fr\/produits-keol\/accessoires-de-depose\/","title":{"rendered":"Accessoires de d\u00e9pose"},"content":{"rendered":"<p>Pistolets manuels, pistolets pneumatiques, pistolet \u00e9lectrique mono ou bi-composant, d\u00e9bulleur en ligne, m\u00e9langeurs statiques, consommables. Large gamme d\u2019accessoires de d\u00e9pose d\u2019adh\u00e9sif propos\u00e9s, facilitant l\u2019application. Leur construction robuste permet une utilisation intensive en milieu industriel.<\/p>\n","protected":false},"excerpt":{"rendered":"Pistolets manuels, pistolets pneumatiques, pistolet \u00e9lectrique mono ou bi-composant, d\u00e9bulleur en ligne, m\u00e9langeurs statiques, consommables. Large gamme d\u2019accessoires de d\u00e9pose d\u2019adh\u00e9sif propos\u00e9s, facilitant l\u2019application. Leur construction robuste permet une utilisation&#8230;","protected":false},"author":1,"featured_media":6157,"parent":897,"menu_order":0,"comment_status":"closed","ping_status":"closed","template":"page-templates\/page-produits-autres.php","meta":{"_acf_changed":false,"inline_featured_image":false,"footnotes":""},"tags":[],"class_list":["post-6151","page","type-page","status-publish","has-post-thumbnail","hentry"],"acf":[],"yoast_head":"<!-- This site is optimized with the Yoast SEO plugin v25.6 - https:\/\/yoast.com\/wordpress\/plugins\/seo\/ -->\n<title>Accessoires de d\u00e9pose - Keol<\/title>\n<meta name=\"description\" content=\"Accessoires : Pistolets manuels, pneumatiques, \u00e9lectrique mono ou bi-composant, d\u00e9bulleur en ligne, m\u00e9langeurs statiques, consommables.\" \/>\n<meta name=\"robots\" content=\"index, follow, max-snippet:-1, max-image-preview:large, max-video-preview:-1\" \/>\n<link rel=\"canonical\" href=\"https:\/\/keol.agencezebra.link\/fr\/produits-keol\/accessoires-de-depose\/\" \/>\n<meta property=\"og:locale\" content=\"fr_FR\" \/>\n<meta property=\"og:type\" content=\"article\" \/>\n<meta property=\"og:title\" content=\"Accessoires de d\u00e9pose - Keol\" \/>\n<meta property=\"og:description\" content=\"Accessoires : Pistolets manuels, pneumatiques, \u00e9lectrique mono ou bi-composant, d\u00e9bulleur en ligne, m\u00e9langeurs statiques, consommables.\" \/>\n<meta property=\"og:url\" content=\"https:\/\/keol.agencezebra.link\/fr\/produits-keol\/accessoires-de-depose\/\" \/>\n<meta property=\"og:site_name\" content=\"Keol\" \/>\n<meta property=\"article:modified_time\" content=\"2022-04-29T09:03:40+00:00\" \/>\n<meta property=\"og:image\" content=\"https:\/\/keol.agencezebra.link\/wp-content\/uploads\/2022\/01\/accessoires-depose.jpg\" \/>\n\t<meta property=\"og:image:width\" content=\"374\" \/>\n\t<meta property=\"og:image:height\" content=\"362\" \/>\n\t<meta property=\"og:image:type\" content=\"image\/jpeg\" \/>\n<meta name=\"twitter:card\" content=\"summary_large_image\" \/>\n<meta name=\"twitter:label1\" content=\"Dur\u00e9e de lecture estim\u00e9e\" \/>\n\t<meta name=\"twitter:data1\" content=\"1 minute\" \/>\n<script type=\"application\/ld+json\" class=\"yoast-schema-graph\">{\"@context\":\"https:\/\/schema.org\",\"@graph\":[{\"@type\":\"WebPage\",\"@id\":\"https:\/\/keol.agencezebra.link\/fr\/produits-keol\/accessoires-de-depose\/\",\"url\":\"https:\/\/keol.agencezebra.link\/fr\/produits-keol\/accessoires-de-depose\/\",\"name\":\"Accessoires de d\u00e9pose - Keol\",\"isPartOf\":{\"@id\":\"https:\/\/keol.agencezebra.link\/fr\/#website\"},\"primaryImageOfPage\":{\"@id\":\"https:\/\/keol.agencezebra.link\/fr\/produits-keol\/accessoires-de-depose\/#primaryimage\"},\"image\":{\"@id\":\"https:\/\/keol.agencezebra.link\/fr\/produits-keol\/accessoires-de-depose\/#primaryimage\"},\"thumbnailUrl\":\"https:\/\/keol.agencezebra.link\/wp-content\/uploads\/2022\/01\/accessoires-depose.jpg\",\"datePublished\":\"2022-01-18T14:48:02+00:00\",\"dateModified\":\"2022-04-29T09:03:40+00:00\",\"description\":\"Accessoires : Pistolets manuels, pneumatiques, \u00e9lectrique mono ou bi-composant, d\u00e9bulleur en ligne, m\u00e9langeurs statiques, consommables.\",\"breadcrumb\":{\"@id\":\"https:\/\/keol.agencezebra.link\/fr\/produits-keol\/accessoires-de-depose\/#breadcrumb\"},\"inLanguage\":\"fr-FR\",\"potentialAction\":[{\"@type\":\"ReadAction\",\"target\":[\"https:\/\/keol.agencezebra.link\/fr\/produits-keol\/accessoires-de-depose\/\"]}]},{\"@type\":\"ImageObject\",\"inLanguage\":\"fr-FR\",\"@id\":\"https:\/\/keol.agencezebra.link\/fr\/produits-keol\/accessoires-de-depose\/#primaryimage\",\"url\":\"https:\/\/keol.agencezebra.link\/wp-content\/uploads\/2022\/01\/accessoires-depose.jpg\",\"contentUrl\":\"https:\/\/keol.agencezebra.link\/wp-content\/uploads\/2022\/01\/accessoires-depose.jpg\",\"width\":374,\"height\":362},{\"@type\":\"BreadcrumbList\",\"@id\":\"https:\/\/keol.agencezebra.link\/fr\/produits-keol\/accessoires-de-depose\/#breadcrumb\",\"itemListElement\":[{\"@type\":\"ListItem\",\"position\":1,\"name\":\"Produits\",\"item\":\"https:\/\/keol.agencezebra.link\/fr\/produits-keol\/\"},{\"@type\":\"ListItem\",\"position\":2,\"name\":\"Accessoires de d\u00e9pose\"}]},{\"@type\":\"WebSite\",\"@id\":\"https:\/\/keol.agencezebra.link\/fr\/#website\",\"url\":\"https:\/\/keol.agencezebra.link\/fr\/\",\"name\":\"Keol\",\"description\":\"Collage haute pr\u00e9cision\",\"potentialAction\":[{\"@type\":\"SearchAction\",\"target\":{\"@type\":\"EntryPoint\",\"urlTemplate\":\"https:\/\/keol.agencezebra.link\/fr\/?s={search_term_string}\"},\"query-input\":{\"@type\":\"PropertyValueSpecification\",\"valueRequired\":true,\"valueName\":\"search_term_string\"}}],\"inLanguage\":\"fr-FR\"}]}<\/script>\n<!-- \/ Yoast SEO plugin. -->","yoast_head_json":{"title":"Accessoires de d\u00e9pose - Keol","description":"Accessoires : Pistolets manuels, pneumatiques, \u00e9lectrique mono ou bi-composant, d\u00e9bulleur en ligne, m\u00e9langeurs statiques, consommables.","robots":{"index":"index","follow":"follow","max-snippet":"max-snippet:-1","max-image-preview":"max-image-preview:large","max-video-preview":"max-video-preview:-1"},"canonical":"https:\/\/keol.agencezebra.link\/fr\/produits-keol\/accessoires-de-depose\/","og_locale":"fr_FR","og_type":"article","og_title":"Accessoires de d\u00e9pose - Keol","og_description":"Accessoires : Pistolets manuels, pneumatiques, \u00e9lectrique mono ou bi-composant, d\u00e9bulleur en ligne, m\u00e9langeurs statiques, consommables.","og_url":"https:\/\/keol.agencezebra.link\/fr\/produits-keol\/accessoires-de-depose\/","og_site_name":"Keol","article_modified_time":"2022-04-29T09:03:40+00:00","og_image":[{"width":374,"height":362,"url":"https:\/\/keol.agencezebra.link\/wp-content\/uploads\/2022\/01\/accessoires-depose.jpg","type":"image\/jpeg"}],"twitter_card":"summary_large_image","twitter_misc":{"Dur\u00e9e de lecture estim\u00e9e":"1 minute"},"schema":{"@context":"https:\/\/schema.org","@graph":[{"@type":"WebPage","@id":"https:\/\/keol.agencezebra.link\/fr\/produits-keol\/accessoires-de-depose\/","url":"https:\/\/keol.agencezebra.link\/fr\/produits-keol\/accessoires-de-depose\/","name":"Accessoires de d\u00e9pose - Keol","isPartOf":{"@id":"https:\/\/keol.agencezebra.link\/fr\/#website"},"primaryImageOfPage":{"@id":"https:\/\/keol.agencezebra.link\/fr\/produits-keol\/accessoires-de-depose\/#primaryimage"},"image":{"@id":"https:\/\/keol.agencezebra.link\/fr\/produits-keol\/accessoires-de-depose\/#primaryimage"},"thumbnailUrl":"https:\/\/keol.agencezebra.link\/wp-content\/uploads\/2022\/01\/accessoires-depose.jpg","datePublished":"2022-01-18T14:48:02+00:00","dateModified":"2022-04-29T09:03:40+00:00","description":"Accessoires : Pistolets manuels, pneumatiques, \u00e9lectrique mono ou bi-composant, d\u00e9bulleur en ligne, m\u00e9langeurs statiques, consommables.","breadcrumb":{"@id":"https:\/\/keol.agencezebra.link\/fr\/produits-keol\/accessoires-de-depose\/#breadcrumb"},"inLanguage":"fr-FR","potentialAction":[{"@type":"ReadAction","target":["https:\/\/keol.agencezebra.link\/fr\/produits-keol\/accessoires-de-depose\/"]}]},{"@type":"ImageObject","inLanguage":"fr-FR","@id":"https:\/\/keol.agencezebra.link\/fr\/produits-keol\/accessoires-de-depose\/#primaryimage","url":"https:\/\/keol.agencezebra.link\/wp-content\/uploads\/2022\/01\/accessoires-depose.jpg","contentUrl":"https:\/\/keol.agencezebra.link\/wp-content\/uploads\/2022\/01\/accessoires-depose.jpg","width":374,"height":362},{"@type":"BreadcrumbList","@id":"https:\/\/keol.agencezebra.link\/fr\/produits-keol\/accessoires-de-depose\/#breadcrumb","itemListElement":[{"@type":"ListItem","position":1,"name":"Produits","item":"https:\/\/keol.agencezebra.link\/fr\/produits-keol\/"},{"@type":"ListItem","position":2,"name":"Accessoires de d\u00e9pose"}]},{"@type":"WebSite","@id":"https:\/\/keol.agencezebra.link\/fr\/#website","url":"https:\/\/keol.agencezebra.link\/fr\/","name":"Keol","description":"Collage haute pr\u00e9cision","potentialAction":[{"@type":"SearchAction","target":{"@type":"EntryPoint","urlTemplate":"https:\/\/keol.agencezebra.link\/fr\/?s={search_term_string}"},"query-input":{"@type":"PropertyValueSpecification","valueRequired":true,"valueName":"search_term_string"}}],"inLanguage":"fr-FR"}]}},"_links":{"self":[{"href":"https:\/\/keol.agencezebra.link\/fr\/wp-json\/wp\/v2\/pages\/6151"}],"collection":[{"href":"https:\/\/keol.agencezebra.link\/fr\/wp-json\/wp\/v2\/pages"}],"about":[{"href":"https:\/\/keol.agencezebra.link\/fr\/wp-json\/wp\/v2\/types\/page"}],"author":[{"embeddable":true,"href":"https:\/\/keol.agencezebra.link\/fr\/wp-json\/wp\/v2\/users\/1"}],"replies":[{"embeddable":true,"href":"https:\/\/keol.agencezebra.link\/fr\/wp-json\/wp\/v2\/comments?post=6151"}],"version-history":[{"count":15,"href":"https:\/\/keol.agencezebra.link\/fr\/wp-json\/wp\/v2\/pages\/6151\/revisions"}],"predecessor-version":[{"id":6706,"href":"https:\/\/keol.agencezebra.link\/fr\/wp-json\/wp\/v2\/pages\/6151\/revisions\/6706"}],"up":[{"embeddable":true,"href":"https:\/\/keol.agencezebra.link\/fr\/wp-json\/wp\/v2\/pages\/897"}],"wp:featuredmedia":[{"embeddable":true,"href":"https:\/\/keol.agencezebra.link\/fr\/wp-json\/wp\/v2\/media\/6157"}],"wp:attachment":[{"href":"https:\/\/keol.agencezebra.link\/fr\/wp-json\/wp\/v2\/media?parent=6151"}],"wp:term":[{"taxonomy":"post_tag","embeddable":true,"href":"https:\/\/keol.agencezebra.link\/fr\/wp-json\/wp\/v2\/tags?post=6151"}],"curies":[{"name":"wp","href":"https:\/\/api.w.org\/{rel}","templated":true}]}}