{"id":1425,"date":"2021-10-26T09:15:05","date_gmt":"2021-10-26T07:15:05","guid":{"rendered":"http:\/\/www.keol-services.com\/?page_id=1425"},"modified":"2022-01-09T13:19:59","modified_gmt":"2022-01-09T12:19:59","slug":"politique-de-confidentialite","status":"publish","type":"page","link":"https:\/\/keol.agencezebra.link\/fr\/politique-de-confidentialite\/","title":{"rendered":"Politique de confidentialit\u00e9"},"content":{"rendered":"<p>La politique de confidentialit\u00e9 mise en place par la soci\u00e9t\u00e9 \u00ab KEOL \u00bb s\u2019adresse \u00e0 vous, en votre qualit\u00e9 d\u2019utilisateur du site internet <em>www.keol-services.com <\/em>qui est \u00e9dit\u00e9 par la soci\u00e9t\u00e9 elle-m\u00eame dans la mesure o\u00f9 le respect de votre vie priv\u00e9e et de vos donn\u00e9es \u00e0 caract\u00e8re personnel est une priorit\u00e9 pour nous.<\/p>\n<p>Les engagements principaux sont que :<\/p>\n<ul>\n<li>la collecte ne porte que sur des donn\u00e9es strictement n\u00e9cessaires au regard de leur finalit\u00e9 ;<\/li>\n<li>que vous restiez ma\u00eetre de vos donn\u00e9es \u00e0 caract\u00e8re personnel ;<\/li>\n<li>que vos donn\u00e9es soient trait\u00e9es de mani\u00e8re transparente, confidentielle et s\u00e9curis\u00e9e.<\/li>\n<\/ul>\n<p>Pour ce faire, la soci\u00e9t\u00e9 se conforme \u00e0 la loi n\u00b078-17 du 6 janvier 1978 relative \u00e0 l\u2019informatique, aux fichiers et aux libert\u00e9s (<em>ci-apr\u00e8s \u00ab loi IEL \u00bb<\/em>) ainsi qu\u2019au r\u00e8glement (UE) 2016\/679 du parlement europ\u00e9en et du conseil du 27 avril 2016, entr\u00e9 en vigueur le 25 mai 2018 (<em>ci-apr\u00e8s \u00ab RGPD \u00bb<\/em>).<\/p>\n<h2>Finalit\u00e9s du traitement<\/h2>\n<p>Les donn\u00e9es sont susceptibles d\u2019\u00eatre collect\u00e9es par la soci\u00e9t\u00e9 \u00ab KEOL \u00bb aux fins suivantes :<\/p>\n<ul>\n<li>de bon fonctionnement et l\u2019am\u00e9lioration permanente du site et de ses fonctionnalit\u00e9s ;<\/li>\n<li>de gestion de demande de devis<\/li>\n<li>de t\u00e9l\u00e9chargement des CGV<\/li>\n<li>de gestion des demandes de droit d\u2019acc\u00e8s, de rectification et d\u2019opposition, d\u2019effacement, de limitation, de portabilit\u00e9, droit \u00e0 la mort num\u00e9rique et le droit d\u2019introduire une r\u00e9clamation aupr\u00e8s de la CNIL ;<\/li>\n<li>de r\u00e9pondre \u00e0 vos demandes formul\u00e9es par le biais du formulaire de contact ;<\/li>\n<li>de vous adresser des lettres d\u2019information, des invitations \u00e0 des \u00e9v\u00e8nements et autres communications de ce type ;<\/li>\n<li>de vous informer d\u2019initiatives permettant de renforcer les travaux relatifs \u00e0 la pr\u00e9vention des risques de dommages aux personnes et aux ouvrages ;<\/li>\n<li>d\u2019\u00e9laboration de statistiques<\/li>\n<\/ul>\n<p>En tout \u00e9tat de cause, et pour chaque finalit\u00e9 d\u00e9finie, la soci\u00e9t\u00e9 \u00ab KEOL \u00bb mettra tout en \u0153uvre pour assurer la s\u00e9curit\u00e9 et la confidentialit\u00e9 des donn\u00e9es \u00e0 caract\u00e8re dans le respect des lois et r\u00e8glement en vigueur.<\/p>\n<h2>Responsable de traitement<\/h2>\n<p>Vos donn\u00e9es \u00e0 caract\u00e8re personnel sont collect\u00e9es et trait\u00e9es par la soci\u00e9t\u00e9 \u00ab KEOL \u00bb, SAS au capital de 5.000 euros, inscrite au registre du commerce et des soci\u00e9t\u00e9s de MELUN sous le num\u00e9ro 800 188 245 00032, est le responsable du traitement des donn\u00e9es collect\u00e9es sur son site et elle est consid\u00e9r\u00e9e comme responsable de traitement des donn\u00e9es \u00e0 caract\u00e8re personnel mis en \u0153uvre dans le cadre de l\u2019exploitation du site.<\/p>\n<p>Pour toute question relative \u00e0 la gestion et \u00e0 l\u2019utilisation faite de vos donn\u00e9es \u00e0 caract\u00e8re personnel, vous pouvez donc joindre la soci\u00e9t\u00e9 \u00ab KEOL \u00bb \u00e0 l\u2019adresse suivante : info@keol-services.com.<\/p>\n<h2>Collecte et traitement des donn\u00e9es personnelles et destinataires<\/h2>\n<p>Lorsque les utilisateurs naviguent sur le site, remplissent des demandes en ligne ou encore souhaitent b\u00e9n\u00e9ficier des services disponibles sur le site, la soci\u00e9t\u00e9 \u00ab KEOL \u00bb est amen\u00e9 \u00e0 collecter et traiter des donn\u00e9es \u00e0 caract\u00e8re personnel les concernant, en particulier lorsqu\u2019ils remplissent le formulaire de contact en ligne sur le site.<\/p>\n<p>Il peut ainsi s\u2019agir de :<\/p>\n<ul>\n<li>donn\u00e9es d\u2019identification ;<\/li>\n<li>donn\u00e9es relatives \u00e0 la gestion et \u00e0 la s\u00e9curisation du compte personnel de l\u2019utilisateur ;<\/li>\n<li>donn\u00e9es relatives au suivi de la relation commerciale ;<\/li>\n<li>donn\u00e9es de connexion et cookies (adresses IP, logs de connexion) ;<\/li>\n<\/ul>\n<p>Cette collecte peur avoir lieu :<\/p>\n<ul>\n<li>lors d\u2019une visite du site ;<\/li>\n<li>lors d\u2019une inscription ;<\/li>\n<li>lors d\u2019\u00e9changes via le site ;<\/li>\n<li>lors d\u2019une demande de<\/li>\n<\/ul>\n<p>Les donn\u00e9es collect\u00e9es sont exclusivement destin\u00e9es aux personnes en charge de la communication, l\u2019organisation des \u00e9v\u00e9nements et de toutes initiatives permettant de renforcer les travaux relatifs \u00e0 la pr\u00e9vention des risques de dommages aux personnes et aux ouvrages au sein de la soci\u00e9t\u00e9 \u00ab KEOL \u00bb.<\/p>\n<p>Les soci\u00e9t\u00e9s auxquelles la soci\u00e9t\u00e9 \u00ab KEOL \u00bb peut \u00eatre amen\u00e9e \u00e0 confier des prestations de services techniques li\u00e9s au fonctionnement du site pourront \u00eatre amen\u00e9es \u00e0 traiter ces donn\u00e9es pour le compte de l\u2019observatoire, \u00e9tant entendu que ces soci\u00e9t\u00e9s sont contractuellement tenues de prot\u00e9ger toutes les donn\u00e9es \u00e0 caract\u00e8re personnel qui leur sont dans ce cadre transmises.<\/p>\n<p>Quel que soit le mode de collecte, la soci\u00e9t\u00e9 \u00ab KEOL \u00bb s\u2019engage \u00e0 informer les utilisateurs :<\/p>\n<ul>\n<li>des finalit\u00e9s du traitement ;<\/li>\n<li>du caract\u00e8re obligatoire ou facultatif des r\u00e9ponses \u00e0 apporter ;<\/li>\n<li>des cons\u00e9quences \u00e9ventuelles, \u00e0 son \u00e9gard, d\u2019un d\u00e9faut de r\u00e9ponse ;<\/li>\n<li>des destinataires des donn\u00e9es ;<\/li>\n<li>de l\u2019existence et des modalit\u00e9s d\u2019exercice de ses droits d\u2019acc\u00e8s, de rectification et d\u2019opposition au traitement de ses donn\u00e9es.<\/li>\n<\/ul>\n<h2>Consentement<\/h2>\n<p>Il est pr\u00e9cis\u00e9 que l\u2019ensemble des donn\u00e9es collect\u00e9es le sont uniquement directement aupr\u00e8s de l\u2019utilisateur.<\/p>\n<h2>Dur\u00e9e de conservation des donn\u00e9es<\/h2>\n<p>La soci\u00e9t\u00e9 \u00ab KEOL \u00bb s\u2019engage \u00e0 ce que les donn\u00e9es collect\u00e9es soient conserv\u00e9es sous une forme permettant votre identification jusqu\u2019\u00e0 ce que la finalit\u00e9 pour laquelle elles ont \u00e9t\u00e9 collect\u00e9es soit atteinte.<\/p>\n<p>S\u2019agissant des cookies il est pr\u00e9cis\u00e9 que les informations stock\u00e9es dans votre terminal ou tout autre \u00e9l\u00e9ment utilis\u00e9 pour vous identifier \u00e0 des fins de statistiques d\u2019audience ne seront conserv\u00e9es que durant six (6) mois.<\/p>\n<p>Concernant les donn\u00e9es de fr\u00e9quentation brutes associ\u00e9es \u00e0 un identifiant, elles seront conserv\u00e9es pendant une dur\u00e9e de treize (13) mois et celles de contact durant une dur\u00e9e de trois ans \u00e0 compter de la fin de l\u2019ann\u00e9e au cours de laquelle elles ont \u00e9t\u00e9 collect\u00e9es.<\/p>\n<p>Pour plus de d\u00e9tails concernant ces derniers points, il convient de consulter la rubrique intitul\u00e9e \u00ab Gestion des cookies \u00bb et pour plus d\u2019informations g\u00e9n\u00e9rales sur la protection des donn\u00e9es \u00e0 caract\u00e8re personnel, il convient de consulter le site de la Commission Nationale de l\u2019Informatique et des Libert\u00e9s (CNIL) : <a href=\"https:\/\/www.cnil.fr\/\">https:\/\/www.cnil.fr.<\/a><\/p>\n<h2>Vos droits<\/h2>\n<p>Conform\u00e9ment \u00e0 la Loi Informatique et Libert\u00e9s et au RGPD, vous disposez des droits suivants :<\/p>\n<ul>\n<li>droit d\u2019acc\u00e8s (<a href=\"https:\/\/www.cnil.fr\/fr\/reglement-europeen-protection-donnees\/chapitre3#Article15\">article 15 RGPD<\/a>), de rectification (<a href=\"https:\/\/www.cnil.fr\/fr\/reglement-europeen-protection-donnees\/chapitre3#Article16\">article 16 RGPD<\/a>), de mise \u00e0 jour, de compl\u00e9tude de vos donn\u00e9es ;<\/li>\n<li>droit de verrouillage ou d\u2019effacement de vos donn\u00e9es \u00e0 caract\u00e8re personnel (<a href=\"https:\/\/www.cnil.fr\/fr\/reglement-europeen-protection-donnees\/chapitre3#Article17\">article 17<\/a> <a href=\"https:\/\/www.cnil.fr\/fr\/reglement-europeen-protection-donnees\/chapitre3#Article17\">RGPD<\/a>), lorsqu\u2019elles sont inexactes, incompl\u00e8tes, \u00e9quivoques, p\u00e9rim\u00e9es, ou dont la collecte, l\u2019utilisation, la communication ou la conservation est interdite ;<\/li>\n<li>droit de retirer \u00e0 tout moment votre consentement (<a href=\"https:\/\/www.cnil.fr\/fr\/reglement-europeen-protection-donnees\/chapitre3#Article13\">article 13-2c RGPD<\/a>)<\/li>\n<li>droit \u00e0 la limitation du traitement de vos donn\u00e9es (<a href=\"https:\/\/www.cnil.fr\/fr\/reglement-europeen-protection-donnees\/chapitre3#Article18\">article 18 RGPD<\/a>)<\/li>\n<li>droit d\u2019opposition au traitement de vos donn\u00e9es (<u>article 21 RGPD<\/u>)<\/li>\n<li>droit \u00e0 la portabilit\u00e9 des donn\u00e9es que vous nous avez fournies, lorsque vos donn\u00e9es font l\u2019objet de traitements automatis\u00e9s fond\u00e9s sur votre consentement ou sur un contrat (<a href=\"https:\/\/www.cnil.fr\/fr\/reglement-europeen-protection-donnees\/chapitre3#Article20\">article<\/a> <a href=\"https:\/\/www.cnil.fr\/fr\/reglement-europeen-protection-donnees\/chapitre3#Article20\">20 RGPD<\/a>) ;<\/li>\n<li>droit d\u2019introduire une r\u00e9clamation aupr\u00e8s de la CNIL (<a href=\"https:\/\/www.cnil.fr\/fr\/reglement-europeen-protection-donnees\/chapitre8#Article77\">article 77 RGPD<\/a>)<\/li>\n<li>droit de d\u00e9finir le sort de vos donn\u00e9es apr\u00e8s votre mort ;<\/li>\n<\/ul>\n<p>Ces droits peuvent \u00eatre exerc\u00e9s, par simple demande par courrier \u00e9lectronique \u00e0 l\u2019adresse info@keol-services.com, ou par courrier \u00e0 KEOL 1 rue de la For\u00eat 77140 St Pierre les Nemours en indiquant ses coordonn\u00e9es (nom, pr\u00e9nom, adresse et d\u2019une copie d\u2019un titre d\u2019identit\u00e9 sign\u00e9) et un motif l\u00e9gitime lorsque celui-ci est exig\u00e9 par la loi (notamment en cas d\u2019opposition au traitement).<\/p>\n<p>Il est possible, dans certains cas, que la soci\u00e9t\u00e9 \u00ab KEOL \u00bb ne r\u00e9ponde pas favorablement aux demandes mais, dans ce cas, elle communiquera la ou les raisons de ce refus et une r\u00e9clamation pourra \u00eatre introduite aupr\u00e8s de l\u2019autorit\u00e9 de contr\u00f4le comp\u00e9tente (la Commission Nationale de l\u2019Informatique et des Libert\u00e9s (CNIL) en France).<\/p>\n<h2>Transferts hors UE<\/h2>\n<p>La soci\u00e9t\u00e9 \u00ab KEOL \u00bb s\u2019engage \u00e0 ne pas transf\u00e9rer de donn\u00e9es en dehors de l\u2019Union Europ\u00e9enne ou, si tel devait \u00eatre le cas, \u00e0 informer les utilisateurs en indiquant les mesures prises afin de contr\u00f4ler ce transfert et s\u2019assurer du respect de la confidentialit\u00e9 de leurs donn\u00e9es du fait de la non-application des normes fran\u00e7aises.<\/p>\n<p>&nbsp;<\/p>\n","protected":false},"excerpt":{"rendered":"La politique de confidentialit\u00e9 mise en place par la soci\u00e9t\u00e9 \u00ab KEOL \u00bb s\u2019adresse \u00e0 vous, en votre qualit\u00e9 d\u2019utilisateur du site internet www.keol-services.com qui est \u00e9dit\u00e9 par la soci\u00e9t\u00e9&#8230;","protected":false},"author":1,"featured_media":0,"parent":0,"menu_order":0,"comment_status":"closed","ping_status":"closed","template":"","meta":{"_acf_changed":false,"inline_featured_image":false,"footnotes":""},"tags":[],"class_list":["post-1425","page","type-page","status-publish","hentry"],"acf":[],"yoast_head":"<!-- This site is optimized with the Yoast SEO plugin v25.6 - https:\/\/yoast.com\/wordpress\/plugins\/seo\/ -->\n<title>Politique de confidentialit\u00e9 - Keol<\/title>\n<meta name=\"robots\" content=\"noindex, nofollow\" \/>\n<meta property=\"og:locale\" content=\"fr_FR\" \/>\n<meta property=\"og:type\" content=\"article\" \/>\n<meta property=\"og:title\" content=\"Politique de confidentialit\u00e9 - Keol\" \/>\n<meta property=\"og:description\" content=\"La politique de confidentialit\u00e9 mise en place par la soci\u00e9t\u00e9 \u00ab KEOL \u00bb s\u2019adresse \u00e0 vous, en votre qualit\u00e9 d\u2019utilisateur du site internet www.keol-services.com qui est \u00e9dit\u00e9 par la soci\u00e9t\u00e9...\" \/>\n<meta property=\"og:url\" content=\"https:\/\/keol.agencezebra.link\/fr\/politique-de-confidentialite\/\" \/>\n<meta property=\"og:site_name\" content=\"Keol\" \/>\n<meta property=\"article:modified_time\" content=\"2022-01-09T12:19:59+00:00\" \/>\n<meta name=\"twitter:card\" content=\"summary_large_image\" \/>\n<meta name=\"twitter:label1\" content=\"Dur\u00e9e de lecture estim\u00e9e\" \/>\n\t<meta name=\"twitter:data1\" content=\"7 minutes\" \/>\n<script type=\"application\/ld+json\" class=\"yoast-schema-graph\">{\"@context\":\"https:\/\/schema.org\",\"@graph\":[{\"@type\":\"WebPage\",\"@id\":\"https:\/\/keol.agencezebra.link\/fr\/politique-de-confidentialite\/\",\"url\":\"https:\/\/keol.agencezebra.link\/fr\/politique-de-confidentialite\/\",\"name\":\"Politique de confidentialit\u00e9 - Keol\",\"isPartOf\":{\"@id\":\"https:\/\/keol.agencezebra.link\/fr\/#website\"},\"datePublished\":\"2021-10-26T07:15:05+00:00\",\"dateModified\":\"2022-01-09T12:19:59+00:00\",\"inLanguage\":\"fr-FR\",\"potentialAction\":[{\"@type\":\"ReadAction\",\"target\":[\"https:\/\/keol.agencezebra.link\/fr\/politique-de-confidentialite\/\"]}]},{\"@type\":\"WebSite\",\"@id\":\"https:\/\/keol.agencezebra.link\/fr\/#website\",\"url\":\"https:\/\/keol.agencezebra.link\/fr\/\",\"name\":\"Keol\",\"description\":\"Collage haute pr\u00e9cision\",\"potentialAction\":[{\"@type\":\"SearchAction\",\"target\":{\"@type\":\"EntryPoint\",\"urlTemplate\":\"https:\/\/keol.agencezebra.link\/fr\/?s={search_term_string}\"},\"query-input\":{\"@type\":\"PropertyValueSpecification\",\"valueRequired\":true,\"valueName\":\"search_term_string\"}}],\"inLanguage\":\"fr-FR\"}]}<\/script>\n<!-- \/ Yoast SEO plugin. -->","yoast_head_json":{"title":"Politique de confidentialit\u00e9 - Keol","robots":{"index":"noindex","follow":"nofollow"},"og_locale":"fr_FR","og_type":"article","og_title":"Politique de confidentialit\u00e9 - Keol","og_description":"La politique de confidentialit\u00e9 mise en place par la soci\u00e9t\u00e9 \u00ab KEOL \u00bb s\u2019adresse \u00e0 vous, en votre qualit\u00e9 d\u2019utilisateur du site internet www.keol-services.com qui est \u00e9dit\u00e9 par la soci\u00e9t\u00e9...","og_url":"https:\/\/keol.agencezebra.link\/fr\/politique-de-confidentialite\/","og_site_name":"Keol","article_modified_time":"2022-01-09T12:19:59+00:00","twitter_card":"summary_large_image","twitter_misc":{"Dur\u00e9e de lecture estim\u00e9e":"7 minutes"},"schema":{"@context":"https:\/\/schema.org","@graph":[{"@type":"WebPage","@id":"https:\/\/keol.agencezebra.link\/fr\/politique-de-confidentialite\/","url":"https:\/\/keol.agencezebra.link\/fr\/politique-de-confidentialite\/","name":"Politique de confidentialit\u00e9 - Keol","isPartOf":{"@id":"https:\/\/keol.agencezebra.link\/fr\/#website"},"datePublished":"2021-10-26T07:15:05+00:00","dateModified":"2022-01-09T12:19:59+00:00","inLanguage":"fr-FR","potentialAction":[{"@type":"ReadAction","target":["https:\/\/keol.agencezebra.link\/fr\/politique-de-confidentialite\/"]}]},{"@type":"WebSite","@id":"https:\/\/keol.agencezebra.link\/fr\/#website","url":"https:\/\/keol.agencezebra.link\/fr\/","name":"Keol","description":"Collage haute pr\u00e9cision","potentialAction":[{"@type":"SearchAction","target":{"@type":"EntryPoint","urlTemplate":"https:\/\/keol.agencezebra.link\/fr\/?s={search_term_string}"},"query-input":{"@type":"PropertyValueSpecification","valueRequired":true,"valueName":"search_term_string"}}],"inLanguage":"fr-FR"}]}},"_links":{"self":[{"href":"https:\/\/keol.agencezebra.link\/fr\/wp-json\/wp\/v2\/pages\/1425"}],"collection":[{"href":"https:\/\/keol.agencezebra.link\/fr\/wp-json\/wp\/v2\/pages"}],"about":[{"href":"https:\/\/keol.agencezebra.link\/fr\/wp-json\/wp\/v2\/types\/page"}],"author":[{"embeddable":true,"href":"https:\/\/keol.agencezebra.link\/fr\/wp-json\/wp\/v2\/users\/1"}],"replies":[{"embeddable":true,"href":"https:\/\/keol.agencezebra.link\/fr\/wp-json\/wp\/v2\/comments?post=1425"}],"version-history":[{"count":5,"href":"https:\/\/keol.agencezebra.link\/fr\/wp-json\/wp\/v2\/pages\/1425\/revisions"}],"predecessor-version":[{"id":5918,"href":"https:\/\/keol.agencezebra.link\/fr\/wp-json\/wp\/v2\/pages\/1425\/revisions\/5918"}],"wp:attachment":[{"href":"https:\/\/keol.agencezebra.link\/fr\/wp-json\/wp\/v2\/media?parent=1425"}],"wp:term":[{"taxonomy":"post_tag","embeddable":true,"href":"https:\/\/keol.agencezebra.link\/fr\/wp-json\/wp\/v2\/tags?post=1425"}],"curies":[{"name":"wp","href":"https:\/\/api.w.org\/{rel}","templated":true}]}}