{"id":1423,"date":"2021-10-26T09:13:39","date_gmt":"2021-10-26T07:13:39","guid":{"rendered":"http:\/\/www.keol-services.com\/?page_id=1423"},"modified":"2022-01-09T13:19:29","modified_gmt":"2022-01-09T12:19:29","slug":"cookies","status":"publish","type":"page","link":"https:\/\/keol.agencezebra.link\/fr\/cookies\/","title":{"rendered":"Cookies"},"content":{"rendered":"<p>Lors de la consultation du site <a href=\"http:\/\/www.keol-services.com\"><em>www.keol-services.com<\/em><\/a> , des cookies sont d\u00e9pos\u00e9s sur votre terminal.<\/p>\n<p>Vous pouvez vous informer sur la nature de ces cookies, les accepter, les refuser soit globalement pour l\u2019ensemble du site soit service par service.<\/p>\n<h2>Qu\u2019est-ce qu\u2019un cookie ?<\/h2>\n<p>Un cookie est un petit fichier de texte transf\u00e9r\u00e9 \u00e0 partir d\u2019un serveur web vers votre navigateur web ou votre disque dur lorsque vous visitez un site web.<\/p>\n<p>Ce site utilise des cookies afin d\u2019enregistrer la fr\u00e9quentation de ce site internet ainsi que des informations sur le comportement des internautes.<\/p>\n<p>Il en existe de trois sortes :<\/p>\n<ul>\n<li>ceux n\u00e9cessaires au bon fonctionnement de notre site<\/li>\n<li>ceux permettant la mesure d\u2019audience<\/li>\n<li>ceux permettant l\u2019am\u00e9lioration de l\u2019interactivit\u00e9 du site<\/li>\n<\/ul>\n<p>Si votre navigateur web est configur\u00e9 pour accepter les cookies, ils seront stock\u00e9s dans le navigateur web ou le disque dur jusqu\u2019\u00e0 ce que la date d\u2019expiration soit d\u00e9pass\u00e9e ou jusqu\u2019\u00e0 ce que vous supprimiez les cookies vous-m\u00eame.<\/p>\n<h2>Quels cookies sont utilis\u00e9s ?<\/h2>\n<p><strong>Google Analytics : <\/strong>nous utilisons ces cookies pour recueillir des informations sur la fa\u00e7on dont les visiteurs utilisent notre site web, y compris le nombre de fois o\u00f9 il l\u2019a consult\u00e9, les d\u00e9tails du site que le visiteur a parcouru avant d\u2019arriver sur notre site, et le nombre total de fois qu\u2019un visiteur a visit\u00e9 notre site. Nous utilisons les informations pour optimiser notre site web et pour am\u00e9liorer l\u2019exp\u00e9rience de nos utilisateurs. Les cookies ne vous identifient pas personnellement. Ils se contentent de collecter de fa\u00e7on anonyme des informations qui sont transmises et stock\u00e9es par Google sur des serveurs aux \u00c9tats-Unis conform\u00e9ment \u00e0 ses pratiques de confidentialit\u00e9. Pour en savoir plus sur les pratiques de confidentialit\u00e9 de Google Analytics, cliquez sur : <a href=\"https:\/\/support.google.com\/analytics\/answer\/6004245\">https:\/\/support.google.com\/analytics\/answer\/6004245<\/a><\/p>\n<p>Dur\u00e9e de conservation : 14 mois<\/p>\n<p><strong>aCookie law info : <\/strong>nous utilisons ce cookie afin de conserver le consentement ou non de l\u2019utilisateur une fois la session en cours termin\u00e9e. Un bouton \u00ab r\u00e9voquer les cookies \u00bb, pr\u00e9sent dans le footer du pr\u00e9sent site, permet \u00e0 l\u2019utilisateur de r\u00e9initialiser son consentement \u00e0 tout moment.<\/p>\n<p>Dur\u00e9e de conservation : 11 mois<\/p>\n<h2>Quels sont vos droits ?<\/h2>\n<p>Outre votre droit de revenir \u00e0 tout moment sur votre consentement \u00e0 ce que tel ou tel cookie soit d\u00e9pos\u00e9 sur votre terminal, vous disposez d\u2019un droit d\u2019acc\u00e8s, de rectification, d\u2019effacement ou de portabilit\u00e9 de vos donn\u00e9es ou vous pouvez vous opposer au traitement de vos de donn\u00e9es (ou en demander la limitation), ou bien encore, vous pouvez d\u00e9finir le sort de vos donn\u00e9es post mortem.<\/p>\n<p>Ces droits peuvent \u00eatre exerc\u00e9es par courrier \u00e0 KEOL 1 rue de la For\u00eat 77140 St Pierre les Nemours ou par courrier \u00e9lectronique \u00e0 info@keol-services.com et ce, en justifiant de votre identit\u00e9<\/p>\n<p>Par ailleurs, vous pouvez activer ou d\u00e9sactiver les cookies en modifiant les param\u00e8tres dans votre navigateur :<\/p>\n<p><strong>Chrome<\/strong> <strong>:<\/strong> <a href=\"https:\/\/support.google.com\/chrome\/answer\/95647?hl=fr\">https:\/\/support.google.com\/chrome\/answer\/95647?hl=fr<\/a><\/p>\n<p><strong>Safari : <\/strong><a href=\"https:\/\/support.apple.com\/fr-afri\/guide\/safari\/sfri11471\/mac\">https:\/\/support.apple.com\/fr-afri\/guide\/safari\/sfri11471\/mac<\/a><\/p>\n<p><strong>Firefox<\/strong> <strong>:<\/strong> <a href=\"https:\/\/support.mozilla.org\/fr\/kb\/effacer-les-cookies-pour-supprimer-les-information\">https:\/\/support.mozilla.org\/fr\/kb\/effacer-les-cookies-pour-supprimer-les-<\/a> <a href=\"https:\/\/support.mozilla.org\/fr\/kb\/effacer-les-cookies-pour-supprimer-les-information\">information<\/a><\/p>\n<p><strong>Microsoft Edge <\/strong>: <a href=\"https:\/\/support.microsoft.com\/fr-fr\/microsoft-edge\/supprimer-les-cookies-dans-microsoft-edge-63947406-40ac-c3b8-57b9-2a946a29ae09\">https:\/\/support.microsoft.com\/fr-fr\/microsoft-edge\/supprimer-les-cookies-<\/a> <a href=\"https:\/\/support.microsoft.com\/fr-fr\/microsoft-edge\/supprimer-les-cookies-dans-microsoft-edge-63947406-40ac-c3b8-57b9-2a946a29ae09\">dans-microsoft-edge-63947406-40ac-c3b8-57b9-2a946a29ae09<\/a><\/p>\n<p><strong>Internet Explorer : <\/strong><a href=\"https:\/\/support.microsoft.com\/fr-be\/help\/17442\/windows-internet-explorer-delete-manage-cookies\">https:\/\/support.microsoft.com\/fr-be\/help\/17442\/windows-internet-<\/a> <a href=\"https:\/\/support.microsoft.com\/fr-be\/help\/17442\/windows-internet-explorer-delete-manage-cookies\">explorer-delete-manage-cookies<\/a><\/p>\n<p>&nbsp;<\/p>\n","protected":false},"excerpt":{"rendered":"Lors de la consultation du site www.keol-services.com , des cookies sont d\u00e9pos\u00e9s sur votre terminal. Vous pouvez vous informer sur la nature de ces cookies, les accepter, les refuser soit&#8230;","protected":false},"author":1,"featured_media":0,"parent":0,"menu_order":0,"comment_status":"closed","ping_status":"closed","template":"","meta":{"_acf_changed":false,"inline_featured_image":false,"footnotes":""},"tags":[],"class_list":["post-1423","page","type-page","status-publish","hentry"],"acf":[],"yoast_head":"<!-- This site is optimized with the Yoast SEO plugin v25.6 - https:\/\/yoast.com\/wordpress\/plugins\/seo\/ -->\n<title>Cookies - Keol<\/title>\n<meta name=\"robots\" content=\"noindex, nofollow\" \/>\n<meta property=\"og:locale\" content=\"fr_FR\" \/>\n<meta property=\"og:type\" content=\"article\" \/>\n<meta property=\"og:title\" content=\"Cookies - Keol\" \/>\n<meta property=\"og:description\" content=\"Lors de la consultation du site www.keol-services.com , des cookies sont d\u00e9pos\u00e9s sur votre terminal. Vous pouvez vous informer sur la nature de ces cookies, les accepter, les refuser soit...\" \/>\n<meta property=\"og:url\" content=\"https:\/\/keol.agencezebra.link\/fr\/cookies\/\" \/>\n<meta property=\"og:site_name\" content=\"Keol\" \/>\n<meta property=\"article:modified_time\" content=\"2022-01-09T12:19:29+00:00\" \/>\n<meta name=\"twitter:card\" content=\"summary_large_image\" \/>\n<meta name=\"twitter:label1\" content=\"Dur\u00e9e de lecture estim\u00e9e\" \/>\n\t<meta name=\"twitter:data1\" content=\"3 minutes\" \/>\n<script type=\"application\/ld+json\" class=\"yoast-schema-graph\">{\"@context\":\"https:\/\/schema.org\",\"@graph\":[{\"@type\":\"WebPage\",\"@id\":\"https:\/\/keol.agencezebra.link\/fr\/cookies\/\",\"url\":\"https:\/\/keol.agencezebra.link\/fr\/cookies\/\",\"name\":\"Cookies - Keol\",\"isPartOf\":{\"@id\":\"https:\/\/keol.agencezebra.link\/fr\/#website\"},\"datePublished\":\"2021-10-26T07:13:39+00:00\",\"dateModified\":\"2022-01-09T12:19:29+00:00\",\"inLanguage\":\"fr-FR\",\"potentialAction\":[{\"@type\":\"ReadAction\",\"target\":[\"https:\/\/keol.agencezebra.link\/fr\/cookies\/\"]}]},{\"@type\":\"WebSite\",\"@id\":\"https:\/\/keol.agencezebra.link\/fr\/#website\",\"url\":\"https:\/\/keol.agencezebra.link\/fr\/\",\"name\":\"Keol\",\"description\":\"Collage haute pr\u00e9cision\",\"potentialAction\":[{\"@type\":\"SearchAction\",\"target\":{\"@type\":\"EntryPoint\",\"urlTemplate\":\"https:\/\/keol.agencezebra.link\/fr\/?s={search_term_string}\"},\"query-input\":{\"@type\":\"PropertyValueSpecification\",\"valueRequired\":true,\"valueName\":\"search_term_string\"}}],\"inLanguage\":\"fr-FR\"}]}<\/script>\n<!-- \/ Yoast SEO plugin. -->","yoast_head_json":{"title":"Cookies - Keol","robots":{"index":"noindex","follow":"nofollow"},"og_locale":"fr_FR","og_type":"article","og_title":"Cookies - Keol","og_description":"Lors de la consultation du site www.keol-services.com , des cookies sont d\u00e9pos\u00e9s sur votre terminal. Vous pouvez vous informer sur la nature de ces cookies, les accepter, les refuser soit...","og_url":"https:\/\/keol.agencezebra.link\/fr\/cookies\/","og_site_name":"Keol","article_modified_time":"2022-01-09T12:19:29+00:00","twitter_card":"summary_large_image","twitter_misc":{"Dur\u00e9e de lecture estim\u00e9e":"3 minutes"},"schema":{"@context":"https:\/\/schema.org","@graph":[{"@type":"WebPage","@id":"https:\/\/keol.agencezebra.link\/fr\/cookies\/","url":"https:\/\/keol.agencezebra.link\/fr\/cookies\/","name":"Cookies - Keol","isPartOf":{"@id":"https:\/\/keol.agencezebra.link\/fr\/#website"},"datePublished":"2021-10-26T07:13:39+00:00","dateModified":"2022-01-09T12:19:29+00:00","inLanguage":"fr-FR","potentialAction":[{"@type":"ReadAction","target":["https:\/\/keol.agencezebra.link\/fr\/cookies\/"]}]},{"@type":"WebSite","@id":"https:\/\/keol.agencezebra.link\/fr\/#website","url":"https:\/\/keol.agencezebra.link\/fr\/","name":"Keol","description":"Collage haute pr\u00e9cision","potentialAction":[{"@type":"SearchAction","target":{"@type":"EntryPoint","urlTemplate":"https:\/\/keol.agencezebra.link\/fr\/?s={search_term_string}"},"query-input":{"@type":"PropertyValueSpecification","valueRequired":true,"valueName":"search_term_string"}}],"inLanguage":"fr-FR"}]}},"_links":{"self":[{"href":"https:\/\/keol.agencezebra.link\/fr\/wp-json\/wp\/v2\/pages\/1423"}],"collection":[{"href":"https:\/\/keol.agencezebra.link\/fr\/wp-json\/wp\/v2\/pages"}],"about":[{"href":"https:\/\/keol.agencezebra.link\/fr\/wp-json\/wp\/v2\/types\/page"}],"author":[{"embeddable":true,"href":"https:\/\/keol.agencezebra.link\/fr\/wp-json\/wp\/v2\/users\/1"}],"replies":[{"embeddable":true,"href":"https:\/\/keol.agencezebra.link\/fr\/wp-json\/wp\/v2\/comments?post=1423"}],"version-history":[{"count":6,"href":"https:\/\/keol.agencezebra.link\/fr\/wp-json\/wp\/v2\/pages\/1423\/revisions"}],"predecessor-version":[{"id":6128,"href":"https:\/\/keol.agencezebra.link\/fr\/wp-json\/wp\/v2\/pages\/1423\/revisions\/6128"}],"wp:attachment":[{"href":"https:\/\/keol.agencezebra.link\/fr\/wp-json\/wp\/v2\/media?parent=1423"}],"wp:term":[{"taxonomy":"post_tag","embeddable":true,"href":"https:\/\/keol.agencezebra.link\/fr\/wp-json\/wp\/v2\/tags?post=1423"}],"curies":[{"name":"wp","href":"https:\/\/api.w.org\/{rel}","templated":true}]}}