{"id":1419,"date":"2021-10-26T09:13:05","date_gmt":"2021-10-26T07:13:05","guid":{"rendered":"http:\/\/www.keol-services.com\/?page_id=1419"},"modified":"2022-01-09T13:19:47","modified_gmt":"2022-01-09T12:19:47","slug":"mentions-legales","status":"publish","type":"page","link":"https:\/\/keol.agencezebra.link\/fr\/mentions-legales\/","title":{"rendered":"Mentions l\u00e9gales"},"content":{"rendered":"\r\n<p>Conform\u00e9ment aux dispositions de la loi n\u00b02004-575 du 21 juin 2004 pour la confiance dans l\u2019\u00e9conomie num\u00e9rique (LCEN), il est pr\u00e9cis\u00e9 que le site web accessible \u00e0 l\u2019adresse www.keol-services.com est \u00e9dit\u00e9 par la soci\u00e9t\u00e9 \u00ab KEOL \u00bb, SAS au capital de 5.000\u20ac, dont le si\u00e8ge est fix\u00e9 \u00e0 1 rue de la For\u00eat \u2013 St Pierre les Nemours \u2013 77140 &#8211; France, dont le num\u00e9ro unique d\u2019identification est 800 188 245 00032, dont le num\u00e9ro e TVA intracommunautaire est FR17800188245 et dont le \u00a0directeur de publication est M.BRUNEL Christophe.<\/p>\r\n<p>Le site (c&rsquo;est-\u00e0-dire tout ce qui le compose savoir notamment la structure, les textes, les images, les son etc\u2026) est la propri\u00e9t\u00e9 de la soci\u00e9t\u00e9 ci-avant mentionn\u00e9e.<\/p>\r\n<p>Il est h\u00e9berg\u00e9 par la soci\u00e9t\u00e9 \u00ab OVH \u00bb, SAS au capital de 10.000.000\u20ac dont le si\u00e8ge social est fix\u00e9 \u00e0 ROUBAIX (59100) \u2013 2 rue KELLERMANN, dont le num\u00e9ro unique d\u2019identification est 424 761 419 RCS Tourcoing dont le num\u00e9ro de TVA intracommunautaire est FR 22 424 761 419 et dont le num\u00e9ro de t\u00e9l\u00e9phone est 09 72 10 10 07.<\/p>\r\n<p>La r\u00e9alisation graphique et le d\u00e9veloppement du site ont \u00e9t\u00e9 effectu\u00e9s par la soci\u00e9t\u00e9 \u00ab \u00ab ZEBRA COMMUNICATION \u00bb S.A.S.U au capital de 100.125\u20ac dont le si\u00e8ge est fix\u00e9 \u00e0 MORET SUR LOING (77250) &#8211; 10 rue des Jouvencelles, dont le num\u00e9ro unique d\u2019identification est 400 019 816 00034, dont le num\u00e9ro de TVA intracommunautaire est FR01400019816\u00a0 et dont les contacts sont <a href=\"mailto:contact@agencezebra.com\">contact@agencezebra.com <\/a>et dont le num\u00e9ro de t\u00e9l\u00e9phone est 01 60 70 14 03<\/p>\r\n<p><em>Cr\u00e9dits photos : Shutterstock, KEOL<\/em><\/p>\r\n\r\n\r\n\r\n<p><em>Avertissement : toute reproduction, repr\u00e9sentation, traduction, adaptation ou citation qu\u2019elle soit int\u00e9grale ou partielle, quel qu\u2019en soit le proc\u00e9d\u00e9, est strictement interdite sans autorisation de la soci\u00e9t\u00e9 \u00ab KEOL \u00bb, sauf cas pr\u00e9vus par l\u2019article L.112-5 du code de la propri\u00e9t\u00e9 intellectuelle.<\/em><\/p>\r\n","protected":false},"excerpt":{"rendered":"Conform\u00e9ment aux dispositions de la loi n\u00b02004-575 du 21 juin 2004 pour la confiance dans l\u2019\u00e9conomie num\u00e9rique (LCEN), il est pr\u00e9cis\u00e9 que le site web accessible \u00e0 l\u2019adresse www.keol-services.com est&#8230;","protected":false},"author":1,"featured_media":0,"parent":0,"menu_order":0,"comment_status":"closed","ping_status":"closed","template":"","meta":{"_acf_changed":false,"inline_featured_image":false,"footnotes":""},"tags":[],"class_list":["post-1419","page","type-page","status-publish","hentry"],"acf":[],"yoast_head":"<!-- This site is optimized with the Yoast SEO plugin v25.6 - https:\/\/yoast.com\/wordpress\/plugins\/seo\/ -->\n<title>Mentions l\u00e9gales - Keol<\/title>\n<meta name=\"robots\" content=\"noindex, nofollow\" \/>\n<meta property=\"og:locale\" content=\"fr_FR\" \/>\n<meta property=\"og:type\" content=\"article\" \/>\n<meta property=\"og:title\" content=\"Mentions l\u00e9gales - Keol\" \/>\n<meta property=\"og:description\" content=\"Conform\u00e9ment aux dispositions de la loi n\u00b02004-575 du 21 juin 2004 pour la confiance dans l\u2019\u00e9conomie num\u00e9rique (LCEN), il est pr\u00e9cis\u00e9 que le site web accessible \u00e0 l\u2019adresse www.keol-services.com est...\" \/>\n<meta property=\"og:url\" content=\"https:\/\/keol.agencezebra.link\/fr\/mentions-legales\/\" \/>\n<meta property=\"og:site_name\" content=\"Keol\" \/>\n<meta property=\"article:modified_time\" content=\"2022-01-09T12:19:47+00:00\" \/>\n<meta name=\"twitter:card\" content=\"summary_large_image\" \/>\n<meta name=\"twitter:label1\" content=\"Dur\u00e9e de lecture estim\u00e9e\" \/>\n\t<meta name=\"twitter:data1\" content=\"2 minutes\" \/>\n<script type=\"application\/ld+json\" class=\"yoast-schema-graph\">{\"@context\":\"https:\/\/schema.org\",\"@graph\":[{\"@type\":\"WebPage\",\"@id\":\"https:\/\/keol.agencezebra.link\/fr\/mentions-legales\/\",\"url\":\"https:\/\/keol.agencezebra.link\/fr\/mentions-legales\/\",\"name\":\"Mentions l\u00e9gales - Keol\",\"isPartOf\":{\"@id\":\"https:\/\/keol.agencezebra.link\/fr\/#website\"},\"datePublished\":\"2021-10-26T07:13:05+00:00\",\"dateModified\":\"2022-01-09T12:19:47+00:00\",\"inLanguage\":\"fr-FR\",\"potentialAction\":[{\"@type\":\"ReadAction\",\"target\":[\"https:\/\/keol.agencezebra.link\/fr\/mentions-legales\/\"]}]},{\"@type\":\"WebSite\",\"@id\":\"https:\/\/keol.agencezebra.link\/fr\/#website\",\"url\":\"https:\/\/keol.agencezebra.link\/fr\/\",\"name\":\"Keol\",\"description\":\"Collage haute pr\u00e9cision\",\"potentialAction\":[{\"@type\":\"SearchAction\",\"target\":{\"@type\":\"EntryPoint\",\"urlTemplate\":\"https:\/\/keol.agencezebra.link\/fr\/?s={search_term_string}\"},\"query-input\":{\"@type\":\"PropertyValueSpecification\",\"valueRequired\":true,\"valueName\":\"search_term_string\"}}],\"inLanguage\":\"fr-FR\"}]}<\/script>\n<!-- \/ Yoast SEO plugin. -->","yoast_head_json":{"title":"Mentions l\u00e9gales - Keol","robots":{"index":"noindex","follow":"nofollow"},"og_locale":"fr_FR","og_type":"article","og_title":"Mentions l\u00e9gales - Keol","og_description":"Conform\u00e9ment aux dispositions de la loi n\u00b02004-575 du 21 juin 2004 pour la confiance dans l\u2019\u00e9conomie num\u00e9rique (LCEN), il est pr\u00e9cis\u00e9 que le site web accessible \u00e0 l\u2019adresse www.keol-services.com est...","og_url":"https:\/\/keol.agencezebra.link\/fr\/mentions-legales\/","og_site_name":"Keol","article_modified_time":"2022-01-09T12:19:47+00:00","twitter_card":"summary_large_image","twitter_misc":{"Dur\u00e9e de lecture estim\u00e9e":"2 minutes"},"schema":{"@context":"https:\/\/schema.org","@graph":[{"@type":"WebPage","@id":"https:\/\/keol.agencezebra.link\/fr\/mentions-legales\/","url":"https:\/\/keol.agencezebra.link\/fr\/mentions-legales\/","name":"Mentions l\u00e9gales - Keol","isPartOf":{"@id":"https:\/\/keol.agencezebra.link\/fr\/#website"},"datePublished":"2021-10-26T07:13:05+00:00","dateModified":"2022-01-09T12:19:47+00:00","inLanguage":"fr-FR","potentialAction":[{"@type":"ReadAction","target":["https:\/\/keol.agencezebra.link\/fr\/mentions-legales\/"]}]},{"@type":"WebSite","@id":"https:\/\/keol.agencezebra.link\/fr\/#website","url":"https:\/\/keol.agencezebra.link\/fr\/","name":"Keol","description":"Collage haute pr\u00e9cision","potentialAction":[{"@type":"SearchAction","target":{"@type":"EntryPoint","urlTemplate":"https:\/\/keol.agencezebra.link\/fr\/?s={search_term_string}"},"query-input":{"@type":"PropertyValueSpecification","valueRequired":true,"valueName":"search_term_string"}}],"inLanguage":"fr-FR"}]}},"_links":{"self":[{"href":"https:\/\/keol.agencezebra.link\/fr\/wp-json\/wp\/v2\/pages\/1419"}],"collection":[{"href":"https:\/\/keol.agencezebra.link\/fr\/wp-json\/wp\/v2\/pages"}],"about":[{"href":"https:\/\/keol.agencezebra.link\/fr\/wp-json\/wp\/v2\/types\/page"}],"author":[{"embeddable":true,"href":"https:\/\/keol.agencezebra.link\/fr\/wp-json\/wp\/v2\/users\/1"}],"replies":[{"embeddable":true,"href":"https:\/\/keol.agencezebra.link\/fr\/wp-json\/wp\/v2\/comments?post=1419"}],"version-history":[{"count":4,"href":"https:\/\/keol.agencezebra.link\/fr\/wp-json\/wp\/v2\/pages\/1419\/revisions"}],"predecessor-version":[{"id":5890,"href":"https:\/\/keol.agencezebra.link\/fr\/wp-json\/wp\/v2\/pages\/1419\/revisions\/5890"}],"wp:attachment":[{"href":"https:\/\/keol.agencezebra.link\/fr\/wp-json\/wp\/v2\/media?parent=1419"}],"wp:term":[{"taxonomy":"post_tag","embeddable":true,"href":"https:\/\/keol.agencezebra.link\/fr\/wp-json\/wp\/v2\/tags?post=1419"}],"curies":[{"name":"wp","href":"https:\/\/api.w.org\/{rel}","templated":true}]}}