{"id":1072,"date":"2021-10-21T16:58:24","date_gmt":"2021-10-21T14:58:24","guid":{"rendered":"http:\/\/www.keol-services.com\/?page_id=1072"},"modified":"2022-02-23T15:15:08","modified_gmt":"2022-02-23T14:15:08","slug":"convoyeurs-uv-led","status":"publish","type":"page","link":"https:\/\/keol.agencezebra.link\/fr\/produits-keol\/convoyeurs-uv-led\/","title":{"rendered":"Convoyeurs UV LED"},"content":{"rendered":"<p>Le convoyeur UV est utilis\u00e9 pour la polym\u00e9risation des adh\u00e9sifs photosensibles UV, en production en ligne pour moyenne \u00e0 grande s\u00e9rie.<\/p>\n<p>Apr\u00e8s application de la colle UV par robot de d\u00e9pose sur ligne, les pi\u00e8ces encoll\u00e9es sont plac\u00e9es \u00e0 l\u2019entr\u00e9e du convoyeur qui, par un syst\u00e8me de tapis, d\u00e9file les pi\u00e8ces sous la lampe UV, permettant la polym\u00e9risation.<\/p>\n","protected":false},"excerpt":{"rendered":"Le convoyeur UV est utilis\u00e9 pour la polym\u00e9risation des adh\u00e9sifs photosensibles UV, en production en ligne pour moyenne \u00e0 grande s\u00e9rie. Apr\u00e8s application de la colle UV par robot de&#8230;","protected":false},"author":1,"featured_media":1733,"parent":897,"menu_order":0,"comment_status":"closed","ping_status":"closed","template":"page-templates\/page-produits-autres.php","meta":{"_acf_changed":false,"inline_featured_image":false,"footnotes":""},"tags":[],"class_list":["post-1072","page","type-page","status-publish","has-post-thumbnail","hentry"],"acf":[],"yoast_head":"<!-- This site is optimized with the Yoast SEO plugin v25.6 - https:\/\/yoast.com\/wordpress\/plugins\/seo\/ -->\n<title>Convoyeurs UV LED - Keol<\/title>\n<meta name=\"description\" content=\"Convoyeurs UV LED production en ligne pour moyenne \u00e0 grande s\u00e9rie. D\u00e9file les pi\u00e8ces sous la lampe UV.\" \/>\n<meta name=\"robots\" content=\"index, follow, max-snippet:-1, max-image-preview:large, max-video-preview:-1\" \/>\n<link rel=\"canonical\" href=\"https:\/\/keol.agencezebra.link\/fr\/produits-keol\/convoyeurs-uv-led\/\" \/>\n<meta property=\"og:locale\" content=\"fr_FR\" \/>\n<meta property=\"og:type\" content=\"article\" \/>\n<meta property=\"og:title\" content=\"Convoyeurs UV LED - Keol\" \/>\n<meta property=\"og:description\" content=\"Convoyeurs UV LED production en ligne pour moyenne \u00e0 grande s\u00e9rie. D\u00e9file les pi\u00e8ces sous la lampe UV.\" \/>\n<meta property=\"og:url\" content=\"https:\/\/keol.agencezebra.link\/fr\/produits-keol\/convoyeurs-uv-led\/\" \/>\n<meta property=\"og:site_name\" content=\"Keol\" \/>\n<meta property=\"article:modified_time\" content=\"2022-02-23T14:15:08+00:00\" \/>\n<meta property=\"og:image\" content=\"https:\/\/keol.agencezebra.link\/wp-content\/uploads\/2021\/11\/CONVOYEUR.jpg\" \/>\n\t<meta property=\"og:image:width\" content=\"455\" \/>\n\t<meta property=\"og:image:height\" content=\"303\" \/>\n\t<meta property=\"og:image:type\" content=\"image\/jpeg\" \/>\n<meta name=\"twitter:card\" content=\"summary_large_image\" \/>\n<script type=\"application\/ld+json\" class=\"yoast-schema-graph\">{\"@context\":\"https:\/\/schema.org\",\"@graph\":[{\"@type\":\"WebPage\",\"@id\":\"https:\/\/keol.agencezebra.link\/fr\/produits-keol\/convoyeurs-uv-led\/\",\"url\":\"https:\/\/keol.agencezebra.link\/fr\/produits-keol\/convoyeurs-uv-led\/\",\"name\":\"Convoyeurs UV LED - Keol\",\"isPartOf\":{\"@id\":\"https:\/\/keol.agencezebra.link\/fr\/#website\"},\"primaryImageOfPage\":{\"@id\":\"https:\/\/keol.agencezebra.link\/fr\/produits-keol\/convoyeurs-uv-led\/#primaryimage\"},\"image\":{\"@id\":\"https:\/\/keol.agencezebra.link\/fr\/produits-keol\/convoyeurs-uv-led\/#primaryimage\"},\"thumbnailUrl\":\"https:\/\/keol.agencezebra.link\/wp-content\/uploads\/2021\/11\/CONVOYEUR.jpg\",\"datePublished\":\"2021-10-21T14:58:24+00:00\",\"dateModified\":\"2022-02-23T14:15:08+00:00\",\"description\":\"Convoyeurs UV LED production en ligne pour moyenne \u00e0 grande s\u00e9rie. D\u00e9file les pi\u00e8ces sous la lampe UV.\",\"breadcrumb\":{\"@id\":\"https:\/\/keol.agencezebra.link\/fr\/produits-keol\/convoyeurs-uv-led\/#breadcrumb\"},\"inLanguage\":\"fr-FR\",\"potentialAction\":[{\"@type\":\"ReadAction\",\"target\":[\"https:\/\/keol.agencezebra.link\/fr\/produits-keol\/convoyeurs-uv-led\/\"]}]},{\"@type\":\"ImageObject\",\"inLanguage\":\"fr-FR\",\"@id\":\"https:\/\/keol.agencezebra.link\/fr\/produits-keol\/convoyeurs-uv-led\/#primaryimage\",\"url\":\"https:\/\/keol.agencezebra.link\/wp-content\/uploads\/2021\/11\/CONVOYEUR.jpg\",\"contentUrl\":\"https:\/\/keol.agencezebra.link\/wp-content\/uploads\/2021\/11\/CONVOYEUR.jpg\",\"width\":455,\"height\":303},{\"@type\":\"BreadcrumbList\",\"@id\":\"https:\/\/keol.agencezebra.link\/fr\/produits-keol\/convoyeurs-uv-led\/#breadcrumb\",\"itemListElement\":[{\"@type\":\"ListItem\",\"position\":1,\"name\":\"Produits\",\"item\":\"https:\/\/keol.agencezebra.link\/fr\/produits-keol\/\"},{\"@type\":\"ListItem\",\"position\":2,\"name\":\"Convoyeurs UV LED\"}]},{\"@type\":\"WebSite\",\"@id\":\"https:\/\/keol.agencezebra.link\/fr\/#website\",\"url\":\"https:\/\/keol.agencezebra.link\/fr\/\",\"name\":\"Keol\",\"description\":\"Collage haute pr\u00e9cision\",\"potentialAction\":[{\"@type\":\"SearchAction\",\"target\":{\"@type\":\"EntryPoint\",\"urlTemplate\":\"https:\/\/keol.agencezebra.link\/fr\/?s={search_term_string}\"},\"query-input\":{\"@type\":\"PropertyValueSpecification\",\"valueRequired\":true,\"valueName\":\"search_term_string\"}}],\"inLanguage\":\"fr-FR\"}]}<\/script>\n<!-- \/ Yoast SEO plugin. -->","yoast_head_json":{"title":"Convoyeurs UV LED - Keol","description":"Convoyeurs UV LED production en ligne pour moyenne \u00e0 grande s\u00e9rie. D\u00e9file les pi\u00e8ces sous la lampe UV.","robots":{"index":"index","follow":"follow","max-snippet":"max-snippet:-1","max-image-preview":"max-image-preview:large","max-video-preview":"max-video-preview:-1"},"canonical":"https:\/\/keol.agencezebra.link\/fr\/produits-keol\/convoyeurs-uv-led\/","og_locale":"fr_FR","og_type":"article","og_title":"Convoyeurs UV LED - Keol","og_description":"Convoyeurs UV LED production en ligne pour moyenne \u00e0 grande s\u00e9rie. D\u00e9file les pi\u00e8ces sous la lampe UV.","og_url":"https:\/\/keol.agencezebra.link\/fr\/produits-keol\/convoyeurs-uv-led\/","og_site_name":"Keol","article_modified_time":"2022-02-23T14:15:08+00:00","og_image":[{"width":455,"height":303,"url":"https:\/\/keol.agencezebra.link\/wp-content\/uploads\/2021\/11\/CONVOYEUR.jpg","type":"image\/jpeg"}],"twitter_card":"summary_large_image","schema":{"@context":"https:\/\/schema.org","@graph":[{"@type":"WebPage","@id":"https:\/\/keol.agencezebra.link\/fr\/produits-keol\/convoyeurs-uv-led\/","url":"https:\/\/keol.agencezebra.link\/fr\/produits-keol\/convoyeurs-uv-led\/","name":"Convoyeurs UV LED - Keol","isPartOf":{"@id":"https:\/\/keol.agencezebra.link\/fr\/#website"},"primaryImageOfPage":{"@id":"https:\/\/keol.agencezebra.link\/fr\/produits-keol\/convoyeurs-uv-led\/#primaryimage"},"image":{"@id":"https:\/\/keol.agencezebra.link\/fr\/produits-keol\/convoyeurs-uv-led\/#primaryimage"},"thumbnailUrl":"https:\/\/keol.agencezebra.link\/wp-content\/uploads\/2021\/11\/CONVOYEUR.jpg","datePublished":"2021-10-21T14:58:24+00:00","dateModified":"2022-02-23T14:15:08+00:00","description":"Convoyeurs UV LED production en ligne pour moyenne \u00e0 grande s\u00e9rie. D\u00e9file les pi\u00e8ces sous la lampe UV.","breadcrumb":{"@id":"https:\/\/keol.agencezebra.link\/fr\/produits-keol\/convoyeurs-uv-led\/#breadcrumb"},"inLanguage":"fr-FR","potentialAction":[{"@type":"ReadAction","target":["https:\/\/keol.agencezebra.link\/fr\/produits-keol\/convoyeurs-uv-led\/"]}]},{"@type":"ImageObject","inLanguage":"fr-FR","@id":"https:\/\/keol.agencezebra.link\/fr\/produits-keol\/convoyeurs-uv-led\/#primaryimage","url":"https:\/\/keol.agencezebra.link\/wp-content\/uploads\/2021\/11\/CONVOYEUR.jpg","contentUrl":"https:\/\/keol.agencezebra.link\/wp-content\/uploads\/2021\/11\/CONVOYEUR.jpg","width":455,"height":303},{"@type":"BreadcrumbList","@id":"https:\/\/keol.agencezebra.link\/fr\/produits-keol\/convoyeurs-uv-led\/#breadcrumb","itemListElement":[{"@type":"ListItem","position":1,"name":"Produits","item":"https:\/\/keol.agencezebra.link\/fr\/produits-keol\/"},{"@type":"ListItem","position":2,"name":"Convoyeurs UV LED"}]},{"@type":"WebSite","@id":"https:\/\/keol.agencezebra.link\/fr\/#website","url":"https:\/\/keol.agencezebra.link\/fr\/","name":"Keol","description":"Collage haute pr\u00e9cision","potentialAction":[{"@type":"SearchAction","target":{"@type":"EntryPoint","urlTemplate":"https:\/\/keol.agencezebra.link\/fr\/?s={search_term_string}"},"query-input":{"@type":"PropertyValueSpecification","valueRequired":true,"valueName":"search_term_string"}}],"inLanguage":"fr-FR"}]}},"_links":{"self":[{"href":"https:\/\/keol.agencezebra.link\/fr\/wp-json\/wp\/v2\/pages\/1072"}],"collection":[{"href":"https:\/\/keol.agencezebra.link\/fr\/wp-json\/wp\/v2\/pages"}],"about":[{"href":"https:\/\/keol.agencezebra.link\/fr\/wp-json\/wp\/v2\/types\/page"}],"author":[{"embeddable":true,"href":"https:\/\/keol.agencezebra.link\/fr\/wp-json\/wp\/v2\/users\/1"}],"replies":[{"embeddable":true,"href":"https:\/\/keol.agencezebra.link\/fr\/wp-json\/wp\/v2\/comments?post=1072"}],"version-history":[{"count":9,"href":"https:\/\/keol.agencezebra.link\/fr\/wp-json\/wp\/v2\/pages\/1072\/revisions"}],"predecessor-version":[{"id":3232,"href":"https:\/\/keol.agencezebra.link\/fr\/wp-json\/wp\/v2\/pages\/1072\/revisions\/3232"}],"up":[{"embeddable":true,"href":"https:\/\/keol.agencezebra.link\/fr\/wp-json\/wp\/v2\/pages\/897"}],"wp:featuredmedia":[{"embeddable":true,"href":"https:\/\/keol.agencezebra.link\/fr\/wp-json\/wp\/v2\/media\/1733"}],"wp:attachment":[{"href":"https:\/\/keol.agencezebra.link\/fr\/wp-json\/wp\/v2\/media?parent=1072"}],"wp:term":[{"taxonomy":"post_tag","embeddable":true,"href":"https:\/\/keol.agencezebra.link\/fr\/wp-json\/wp\/v2\/tags?post=1072"}],"curies":[{"name":"wp","href":"https:\/\/api.w.org\/{rel}","templated":true}]}}