{"id":1069,"date":"2021-10-21T16:57:16","date_gmt":"2021-10-21T14:57:16","guid":{"rendered":"http:\/\/www.keol-services.com\/?page_id=1069"},"modified":"2022-04-29T17:42:19","modified_gmt":"2022-04-29T15:42:19","slug":"four-uv-led","status":"publish","type":"page","link":"https:\/\/keol.agencezebra.link\/fr\/produits-keol\/four-uv-led\/","title":{"rendered":"Fours UV LED"},"content":{"rendered":"<p>L\u2019enceinte UV LED, plus particuli\u00e8rement appel\u00e9e four UV, est utilis\u00e9e pour la polym\u00e9risation des adh\u00e9sifs photosensibles UV.<\/p>\n<p>Apr\u00e8s application de la colle UV, les pi\u00e8ces encoll\u00e9es sont plac\u00e9es dans l\u2019enceinte du four UV selon le temps d\u00e9finis et la distance d\u2019insolation prescrit par rapport \u00e0 la colle UV, pour une polym\u00e9risation efficace et sans danger, et ce, en quelques secondes.<\/p>\n<p>Les fours UV sont utilis\u00e9s pour diff\u00e9rents types d\u2019applications, notamment en laboratoire, pour les prototypages ainsi que sur les lignes de production semi-automatiques.<\/p>\n","protected":false},"excerpt":{"rendered":"L\u2019enceinte UV LED, plus particuli\u00e8rement appel\u00e9e four UV, est utilis\u00e9e pour la polym\u00e9risation des adh\u00e9sifs photosensibles UV. Apr\u00e8s application de la colle UV, les pi\u00e8ces encoll\u00e9es sont plac\u00e9es dans l\u2019enceinte&#8230;","protected":false},"author":1,"featured_media":1734,"parent":897,"menu_order":0,"comment_status":"closed","ping_status":"closed","template":"page-templates\/page-produits-autres.php","meta":{"_acf_changed":false,"inline_featured_image":false,"footnotes":""},"tags":[],"class_list":["post-1069","page","type-page","status-publish","has-post-thumbnail","hentry"],"acf":[],"yoast_head":"<!-- This site is optimized with the Yoast SEO plugin v25.6 - https:\/\/yoast.com\/wordpress\/plugins\/seo\/ -->\n<title>Fours UV LED - Keol<\/title>\n<meta name=\"description\" content=\"Fours UV LED utilis\u00e9s pour diff\u00e9rents types d\u2019applications, laboratoire, prototypages et sur les lignes de production semi-automatiques.\" \/>\n<meta name=\"robots\" content=\"index, follow, max-snippet:-1, max-image-preview:large, max-video-preview:-1\" \/>\n<link rel=\"canonical\" href=\"https:\/\/keol.agencezebra.link\/fr\/produits-keol\/four-uv-led\/\" \/>\n<meta property=\"og:locale\" content=\"fr_FR\" \/>\n<meta property=\"og:type\" content=\"article\" \/>\n<meta property=\"og:title\" content=\"Fours UV LED - Keol\" \/>\n<meta property=\"og:description\" content=\"Fours UV LED utilis\u00e9s pour diff\u00e9rents types d\u2019applications, laboratoire, prototypages et sur les lignes de production semi-automatiques.\" \/>\n<meta property=\"og:url\" content=\"https:\/\/keol.agencezebra.link\/fr\/produits-keol\/four-uv-led\/\" \/>\n<meta property=\"og:site_name\" content=\"Keol\" \/>\n<meta property=\"article:modified_time\" content=\"2022-04-29T15:42:19+00:00\" \/>\n<meta property=\"og:image\" content=\"https:\/\/keol.agencezebra.link\/wp-content\/uploads\/2021\/11\/FOUR-EN-SITUATION.jpg\" \/>\n\t<meta property=\"og:image:width\" content=\"455\" \/>\n\t<meta property=\"og:image:height\" content=\"303\" \/>\n\t<meta property=\"og:image:type\" content=\"image\/jpeg\" \/>\n<meta name=\"twitter:card\" content=\"summary_large_image\" \/>\n<script type=\"application\/ld+json\" class=\"yoast-schema-graph\">{\"@context\":\"https:\/\/schema.org\",\"@graph\":[{\"@type\":\"WebPage\",\"@id\":\"https:\/\/keol.agencezebra.link\/fr\/produits-keol\/four-uv-led\/\",\"url\":\"https:\/\/keol.agencezebra.link\/fr\/produits-keol\/four-uv-led\/\",\"name\":\"Fours UV LED - Keol\",\"isPartOf\":{\"@id\":\"https:\/\/keol.agencezebra.link\/fr\/#website\"},\"primaryImageOfPage\":{\"@id\":\"https:\/\/keol.agencezebra.link\/fr\/produits-keol\/four-uv-led\/#primaryimage\"},\"image\":{\"@id\":\"https:\/\/keol.agencezebra.link\/fr\/produits-keol\/four-uv-led\/#primaryimage\"},\"thumbnailUrl\":\"https:\/\/keol.agencezebra.link\/wp-content\/uploads\/2021\/11\/FOUR-EN-SITUATION.jpg\",\"datePublished\":\"2021-10-21T14:57:16+00:00\",\"dateModified\":\"2022-04-29T15:42:19+00:00\",\"description\":\"Fours UV LED utilis\u00e9s pour diff\u00e9rents types d\u2019applications, laboratoire, prototypages et sur les lignes de production semi-automatiques.\",\"breadcrumb\":{\"@id\":\"https:\/\/keol.agencezebra.link\/fr\/produits-keol\/four-uv-led\/#breadcrumb\"},\"inLanguage\":\"fr-FR\",\"potentialAction\":[{\"@type\":\"ReadAction\",\"target\":[\"https:\/\/keol.agencezebra.link\/fr\/produits-keol\/four-uv-led\/\"]}]},{\"@type\":\"ImageObject\",\"inLanguage\":\"fr-FR\",\"@id\":\"https:\/\/keol.agencezebra.link\/fr\/produits-keol\/four-uv-led\/#primaryimage\",\"url\":\"https:\/\/keol.agencezebra.link\/wp-content\/uploads\/2021\/11\/FOUR-EN-SITUATION.jpg\",\"contentUrl\":\"https:\/\/keol.agencezebra.link\/wp-content\/uploads\/2021\/11\/FOUR-EN-SITUATION.jpg\",\"width\":455,\"height\":303,\"caption\":\"KEOL FOUR UV LED\"},{\"@type\":\"BreadcrumbList\",\"@id\":\"https:\/\/keol.agencezebra.link\/fr\/produits-keol\/four-uv-led\/#breadcrumb\",\"itemListElement\":[{\"@type\":\"ListItem\",\"position\":1,\"name\":\"Produits\",\"item\":\"https:\/\/keol.agencezebra.link\/fr\/produits-keol\/\"},{\"@type\":\"ListItem\",\"position\":2,\"name\":\"Fours UV LED\"}]},{\"@type\":\"WebSite\",\"@id\":\"https:\/\/keol.agencezebra.link\/fr\/#website\",\"url\":\"https:\/\/keol.agencezebra.link\/fr\/\",\"name\":\"Keol\",\"description\":\"Collage haute pr\u00e9cision\",\"potentialAction\":[{\"@type\":\"SearchAction\",\"target\":{\"@type\":\"EntryPoint\",\"urlTemplate\":\"https:\/\/keol.agencezebra.link\/fr\/?s={search_term_string}\"},\"query-input\":{\"@type\":\"PropertyValueSpecification\",\"valueRequired\":true,\"valueName\":\"search_term_string\"}}],\"inLanguage\":\"fr-FR\"}]}<\/script>\n<!-- \/ Yoast SEO plugin. -->","yoast_head_json":{"title":"Fours UV LED - Keol","description":"Fours UV LED utilis\u00e9s pour diff\u00e9rents types d\u2019applications, laboratoire, prototypages et sur les lignes de production semi-automatiques.","robots":{"index":"index","follow":"follow","max-snippet":"max-snippet:-1","max-image-preview":"max-image-preview:large","max-video-preview":"max-video-preview:-1"},"canonical":"https:\/\/keol.agencezebra.link\/fr\/produits-keol\/four-uv-led\/","og_locale":"fr_FR","og_type":"article","og_title":"Fours UV LED - Keol","og_description":"Fours UV LED utilis\u00e9s pour diff\u00e9rents types d\u2019applications, laboratoire, prototypages et sur les lignes de production semi-automatiques.","og_url":"https:\/\/keol.agencezebra.link\/fr\/produits-keol\/four-uv-led\/","og_site_name":"Keol","article_modified_time":"2022-04-29T15:42:19+00:00","og_image":[{"width":455,"height":303,"url":"https:\/\/keol.agencezebra.link\/wp-content\/uploads\/2021\/11\/FOUR-EN-SITUATION.jpg","type":"image\/jpeg"}],"twitter_card":"summary_large_image","schema":{"@context":"https:\/\/schema.org","@graph":[{"@type":"WebPage","@id":"https:\/\/keol.agencezebra.link\/fr\/produits-keol\/four-uv-led\/","url":"https:\/\/keol.agencezebra.link\/fr\/produits-keol\/four-uv-led\/","name":"Fours UV LED - Keol","isPartOf":{"@id":"https:\/\/keol.agencezebra.link\/fr\/#website"},"primaryImageOfPage":{"@id":"https:\/\/keol.agencezebra.link\/fr\/produits-keol\/four-uv-led\/#primaryimage"},"image":{"@id":"https:\/\/keol.agencezebra.link\/fr\/produits-keol\/four-uv-led\/#primaryimage"},"thumbnailUrl":"https:\/\/keol.agencezebra.link\/wp-content\/uploads\/2021\/11\/FOUR-EN-SITUATION.jpg","datePublished":"2021-10-21T14:57:16+00:00","dateModified":"2022-04-29T15:42:19+00:00","description":"Fours UV LED utilis\u00e9s pour diff\u00e9rents types d\u2019applications, laboratoire, prototypages et sur les lignes de production semi-automatiques.","breadcrumb":{"@id":"https:\/\/keol.agencezebra.link\/fr\/produits-keol\/four-uv-led\/#breadcrumb"},"inLanguage":"fr-FR","potentialAction":[{"@type":"ReadAction","target":["https:\/\/keol.agencezebra.link\/fr\/produits-keol\/four-uv-led\/"]}]},{"@type":"ImageObject","inLanguage":"fr-FR","@id":"https:\/\/keol.agencezebra.link\/fr\/produits-keol\/four-uv-led\/#primaryimage","url":"https:\/\/keol.agencezebra.link\/wp-content\/uploads\/2021\/11\/FOUR-EN-SITUATION.jpg","contentUrl":"https:\/\/keol.agencezebra.link\/wp-content\/uploads\/2021\/11\/FOUR-EN-SITUATION.jpg","width":455,"height":303,"caption":"KEOL FOUR UV LED"},{"@type":"BreadcrumbList","@id":"https:\/\/keol.agencezebra.link\/fr\/produits-keol\/four-uv-led\/#breadcrumb","itemListElement":[{"@type":"ListItem","position":1,"name":"Produits","item":"https:\/\/keol.agencezebra.link\/fr\/produits-keol\/"},{"@type":"ListItem","position":2,"name":"Fours UV LED"}]},{"@type":"WebSite","@id":"https:\/\/keol.agencezebra.link\/fr\/#website","url":"https:\/\/keol.agencezebra.link\/fr\/","name":"Keol","description":"Collage haute pr\u00e9cision","potentialAction":[{"@type":"SearchAction","target":{"@type":"EntryPoint","urlTemplate":"https:\/\/keol.agencezebra.link\/fr\/?s={search_term_string}"},"query-input":{"@type":"PropertyValueSpecification","valueRequired":true,"valueName":"search_term_string"}}],"inLanguage":"fr-FR"}]}},"_links":{"self":[{"href":"https:\/\/keol.agencezebra.link\/fr\/wp-json\/wp\/v2\/pages\/1069"}],"collection":[{"href":"https:\/\/keol.agencezebra.link\/fr\/wp-json\/wp\/v2\/pages"}],"about":[{"href":"https:\/\/keol.agencezebra.link\/fr\/wp-json\/wp\/v2\/types\/page"}],"author":[{"embeddable":true,"href":"https:\/\/keol.agencezebra.link\/fr\/wp-json\/wp\/v2\/users\/1"}],"replies":[{"embeddable":true,"href":"https:\/\/keol.agencezebra.link\/fr\/wp-json\/wp\/v2\/comments?post=1069"}],"version-history":[{"count":17,"href":"https:\/\/keol.agencezebra.link\/fr\/wp-json\/wp\/v2\/pages\/1069\/revisions"}],"predecessor-version":[{"id":6717,"href":"https:\/\/keol.agencezebra.link\/fr\/wp-json\/wp\/v2\/pages\/1069\/revisions\/6717"}],"up":[{"embeddable":true,"href":"https:\/\/keol.agencezebra.link\/fr\/wp-json\/wp\/v2\/pages\/897"}],"wp:featuredmedia":[{"embeddable":true,"href":"https:\/\/keol.agencezebra.link\/fr\/wp-json\/wp\/v2\/media\/1734"}],"wp:attachment":[{"href":"https:\/\/keol.agencezebra.link\/fr\/wp-json\/wp\/v2\/media?parent=1069"}],"wp:term":[{"taxonomy":"post_tag","embeddable":true,"href":"https:\/\/keol.agencezebra.link\/fr\/wp-json\/wp\/v2\/tags?post=1069"}],"curies":[{"name":"wp","href":"https:\/\/api.w.org\/{rel}","templated":true}]}}