{"id":1066,"date":"2021-10-21T16:56:12","date_gmt":"2021-10-21T14:56:12","guid":{"rendered":"http:\/\/www.keol-services.com\/?page_id=1066"},"modified":"2022-04-27T15:12:16","modified_gmt":"2022-04-27T13:12:16","slug":"lampes-surfaciques-led","status":"publish","type":"page","link":"https:\/\/keol.agencezebra.link\/fr\/produits-keol\/lampes-surfaciques-led\/","title":{"rendered":"Lampes surfaciques LED"},"content":{"rendered":"<p>Les lampes surfaciques d\u2019insolation UV \/ LED polym\u00e9risent de fa\u00e7on homog\u00e8ne les surfaces de collage en quelques secondes. Les lampes d&rsquo;insolation surfaciques conviennent particuli\u00e8rement aux lignes de production enti\u00e8rement automatis\u00e9es et permettent de r\u00e9duire les temps de cycle dans les process de production, ou de varier la largeur d\u2019insolation. Il existe une large gamme de puissances et longueurs d\u2019ondes disponibles. Les dimensions sont variables entre 20 x 20 mm et jusqu\u2019\u00e0 600 x 600 mm voir en lin\u00e9aire de 10 x 1500 mm.<\/p>\n","protected":false},"excerpt":{"rendered":"Les lampes surfaciques d\u2019insolation UV \/ LED polym\u00e9risent de fa\u00e7on homog\u00e8ne les surfaces de collage en quelques secondes. Les lampes d&rsquo;insolation surfaciques conviennent particuli\u00e8rement aux lignes de production enti\u00e8rement automatis\u00e9es&#8230;","protected":false},"author":1,"featured_media":2185,"parent":897,"menu_order":0,"comment_status":"closed","ping_status":"closed","template":"page-templates\/page-produits-autres.php","meta":{"_acf_changed":false,"inline_featured_image":false,"footnotes":""},"tags":[],"class_list":["post-1066","page","type-page","status-publish","has-post-thumbnail","hentry"],"acf":[],"yoast_head":"<!-- This site is optimized with the Yoast SEO plugin v25.6 - https:\/\/yoast.com\/wordpress\/plugins\/seo\/ -->\n<title>Lampes surfaciques LED - Keol<\/title>\n<meta name=\"description\" content=\"Lampes surfaciques LED polym\u00e9risent de fa\u00e7on homog\u00e8ne en quelques secondes. Large gamme de puissances et longueurs d\u2019ondes.\" \/>\n<meta name=\"robots\" content=\"index, follow, max-snippet:-1, max-image-preview:large, max-video-preview:-1\" \/>\n<link rel=\"canonical\" href=\"https:\/\/keol.agencezebra.link\/fr\/produits-keol\/lampes-surfaciques-led\/\" \/>\n<meta property=\"og:locale\" content=\"fr_FR\" \/>\n<meta property=\"og:type\" content=\"article\" \/>\n<meta property=\"og:title\" content=\"Lampes surfaciques LED - Keol\" \/>\n<meta property=\"og:description\" content=\"Lampes surfaciques LED polym\u00e9risent de fa\u00e7on homog\u00e8ne en quelques secondes. Large gamme de puissances et longueurs d\u2019ondes.\" \/>\n<meta property=\"og:url\" content=\"https:\/\/keol.agencezebra.link\/fr\/produits-keol\/lampes-surfaciques-led\/\" \/>\n<meta property=\"og:site_name\" content=\"Keol\" \/>\n<meta property=\"article:modified_time\" content=\"2022-04-27T13:12:16+00:00\" \/>\n<meta property=\"og:image\" content=\"https:\/\/keol.agencezebra.link\/wp-content\/uploads\/2021\/11\/lampes-surfaciques-led.jpg\" \/>\n\t<meta property=\"og:image:width\" content=\"600\" \/>\n\t<meta property=\"og:image:height\" content=\"400\" \/>\n\t<meta property=\"og:image:type\" content=\"image\/jpeg\" \/>\n<meta name=\"twitter:card\" content=\"summary_large_image\" \/>\n<meta name=\"twitter:label1\" content=\"Dur\u00e9e de lecture estim\u00e9e\" \/>\n\t<meta name=\"twitter:data1\" content=\"1 minute\" \/>\n<script type=\"application\/ld+json\" class=\"yoast-schema-graph\">{\"@context\":\"https:\/\/schema.org\",\"@graph\":[{\"@type\":\"WebPage\",\"@id\":\"https:\/\/keol.agencezebra.link\/fr\/produits-keol\/lampes-surfaciques-led\/\",\"url\":\"https:\/\/keol.agencezebra.link\/fr\/produits-keol\/lampes-surfaciques-led\/\",\"name\":\"Lampes surfaciques LED - Keol\",\"isPartOf\":{\"@id\":\"https:\/\/keol.agencezebra.link\/fr\/#website\"},\"primaryImageOfPage\":{\"@id\":\"https:\/\/keol.agencezebra.link\/fr\/produits-keol\/lampes-surfaciques-led\/#primaryimage\"},\"image\":{\"@id\":\"https:\/\/keol.agencezebra.link\/fr\/produits-keol\/lampes-surfaciques-led\/#primaryimage\"},\"thumbnailUrl\":\"https:\/\/keol.agencezebra.link\/wp-content\/uploads\/2021\/11\/lampes-surfaciques-led.jpg\",\"datePublished\":\"2021-10-21T14:56:12+00:00\",\"dateModified\":\"2022-04-27T13:12:16+00:00\",\"description\":\"Lampes surfaciques LED polym\u00e9risent de fa\u00e7on homog\u00e8ne en quelques secondes. Large gamme de puissances et longueurs d\u2019ondes.\",\"breadcrumb\":{\"@id\":\"https:\/\/keol.agencezebra.link\/fr\/produits-keol\/lampes-surfaciques-led\/#breadcrumb\"},\"inLanguage\":\"fr-FR\",\"potentialAction\":[{\"@type\":\"ReadAction\",\"target\":[\"https:\/\/keol.agencezebra.link\/fr\/produits-keol\/lampes-surfaciques-led\/\"]}]},{\"@type\":\"ImageObject\",\"inLanguage\":\"fr-FR\",\"@id\":\"https:\/\/keol.agencezebra.link\/fr\/produits-keol\/lampes-surfaciques-led\/#primaryimage\",\"url\":\"https:\/\/keol.agencezebra.link\/wp-content\/uploads\/2021\/11\/lampes-surfaciques-led.jpg\",\"contentUrl\":\"https:\/\/keol.agencezebra.link\/wp-content\/uploads\/2021\/11\/lampes-surfaciques-led.jpg\",\"width\":600,\"height\":400},{\"@type\":\"BreadcrumbList\",\"@id\":\"https:\/\/keol.agencezebra.link\/fr\/produits-keol\/lampes-surfaciques-led\/#breadcrumb\",\"itemListElement\":[{\"@type\":\"ListItem\",\"position\":1,\"name\":\"Produits\",\"item\":\"https:\/\/keol.agencezebra.link\/fr\/produits-keol\/\"},{\"@type\":\"ListItem\",\"position\":2,\"name\":\"Lampes surfaciques LED\"}]},{\"@type\":\"WebSite\",\"@id\":\"https:\/\/keol.agencezebra.link\/fr\/#website\",\"url\":\"https:\/\/keol.agencezebra.link\/fr\/\",\"name\":\"Keol\",\"description\":\"Collage haute pr\u00e9cision\",\"potentialAction\":[{\"@type\":\"SearchAction\",\"target\":{\"@type\":\"EntryPoint\",\"urlTemplate\":\"https:\/\/keol.agencezebra.link\/fr\/?s={search_term_string}\"},\"query-input\":{\"@type\":\"PropertyValueSpecification\",\"valueRequired\":true,\"valueName\":\"search_term_string\"}}],\"inLanguage\":\"fr-FR\"}]}<\/script>\n<!-- \/ Yoast SEO plugin. -->","yoast_head_json":{"title":"Lampes surfaciques LED - Keol","description":"Lampes surfaciques LED polym\u00e9risent de fa\u00e7on homog\u00e8ne en quelques secondes. Large gamme de puissances et longueurs d\u2019ondes.","robots":{"index":"index","follow":"follow","max-snippet":"max-snippet:-1","max-image-preview":"max-image-preview:large","max-video-preview":"max-video-preview:-1"},"canonical":"https:\/\/keol.agencezebra.link\/fr\/produits-keol\/lampes-surfaciques-led\/","og_locale":"fr_FR","og_type":"article","og_title":"Lampes surfaciques LED - Keol","og_description":"Lampes surfaciques LED polym\u00e9risent de fa\u00e7on homog\u00e8ne en quelques secondes. Large gamme de puissances et longueurs d\u2019ondes.","og_url":"https:\/\/keol.agencezebra.link\/fr\/produits-keol\/lampes-surfaciques-led\/","og_site_name":"Keol","article_modified_time":"2022-04-27T13:12:16+00:00","og_image":[{"width":600,"height":400,"url":"https:\/\/keol.agencezebra.link\/wp-content\/uploads\/2021\/11\/lampes-surfaciques-led.jpg","type":"image\/jpeg"}],"twitter_card":"summary_large_image","twitter_misc":{"Dur\u00e9e de lecture estim\u00e9e":"1 minute"},"schema":{"@context":"https:\/\/schema.org","@graph":[{"@type":"WebPage","@id":"https:\/\/keol.agencezebra.link\/fr\/produits-keol\/lampes-surfaciques-led\/","url":"https:\/\/keol.agencezebra.link\/fr\/produits-keol\/lampes-surfaciques-led\/","name":"Lampes surfaciques LED - Keol","isPartOf":{"@id":"https:\/\/keol.agencezebra.link\/fr\/#website"},"primaryImageOfPage":{"@id":"https:\/\/keol.agencezebra.link\/fr\/produits-keol\/lampes-surfaciques-led\/#primaryimage"},"image":{"@id":"https:\/\/keol.agencezebra.link\/fr\/produits-keol\/lampes-surfaciques-led\/#primaryimage"},"thumbnailUrl":"https:\/\/keol.agencezebra.link\/wp-content\/uploads\/2021\/11\/lampes-surfaciques-led.jpg","datePublished":"2021-10-21T14:56:12+00:00","dateModified":"2022-04-27T13:12:16+00:00","description":"Lampes surfaciques LED polym\u00e9risent de fa\u00e7on homog\u00e8ne en quelques secondes. Large gamme de puissances et longueurs d\u2019ondes.","breadcrumb":{"@id":"https:\/\/keol.agencezebra.link\/fr\/produits-keol\/lampes-surfaciques-led\/#breadcrumb"},"inLanguage":"fr-FR","potentialAction":[{"@type":"ReadAction","target":["https:\/\/keol.agencezebra.link\/fr\/produits-keol\/lampes-surfaciques-led\/"]}]},{"@type":"ImageObject","inLanguage":"fr-FR","@id":"https:\/\/keol.agencezebra.link\/fr\/produits-keol\/lampes-surfaciques-led\/#primaryimage","url":"https:\/\/keol.agencezebra.link\/wp-content\/uploads\/2021\/11\/lampes-surfaciques-led.jpg","contentUrl":"https:\/\/keol.agencezebra.link\/wp-content\/uploads\/2021\/11\/lampes-surfaciques-led.jpg","width":600,"height":400},{"@type":"BreadcrumbList","@id":"https:\/\/keol.agencezebra.link\/fr\/produits-keol\/lampes-surfaciques-led\/#breadcrumb","itemListElement":[{"@type":"ListItem","position":1,"name":"Produits","item":"https:\/\/keol.agencezebra.link\/fr\/produits-keol\/"},{"@type":"ListItem","position":2,"name":"Lampes surfaciques LED"}]},{"@type":"WebSite","@id":"https:\/\/keol.agencezebra.link\/fr\/#website","url":"https:\/\/keol.agencezebra.link\/fr\/","name":"Keol","description":"Collage haute pr\u00e9cision","potentialAction":[{"@type":"SearchAction","target":{"@type":"EntryPoint","urlTemplate":"https:\/\/keol.agencezebra.link\/fr\/?s={search_term_string}"},"query-input":{"@type":"PropertyValueSpecification","valueRequired":true,"valueName":"search_term_string"}}],"inLanguage":"fr-FR"}]}},"_links":{"self":[{"href":"https:\/\/keol.agencezebra.link\/fr\/wp-json\/wp\/v2\/pages\/1066"}],"collection":[{"href":"https:\/\/keol.agencezebra.link\/fr\/wp-json\/wp\/v2\/pages"}],"about":[{"href":"https:\/\/keol.agencezebra.link\/fr\/wp-json\/wp\/v2\/types\/page"}],"author":[{"embeddable":true,"href":"https:\/\/keol.agencezebra.link\/fr\/wp-json\/wp\/v2\/users\/1"}],"replies":[{"embeddable":true,"href":"https:\/\/keol.agencezebra.link\/fr\/wp-json\/wp\/v2\/comments?post=1066"}],"version-history":[{"count":10,"href":"https:\/\/keol.agencezebra.link\/fr\/wp-json\/wp\/v2\/pages\/1066\/revisions"}],"predecessor-version":[{"id":6703,"href":"https:\/\/keol.agencezebra.link\/fr\/wp-json\/wp\/v2\/pages\/1066\/revisions\/6703"}],"up":[{"embeddable":true,"href":"https:\/\/keol.agencezebra.link\/fr\/wp-json\/wp\/v2\/pages\/897"}],"wp:featuredmedia":[{"embeddable":true,"href":"https:\/\/keol.agencezebra.link\/fr\/wp-json\/wp\/v2\/media\/2185"}],"wp:attachment":[{"href":"https:\/\/keol.agencezebra.link\/fr\/wp-json\/wp\/v2\/media?parent=1066"}],"wp:term":[{"taxonomy":"post_tag","embeddable":true,"href":"https:\/\/keol.agencezebra.link\/fr\/wp-json\/wp\/v2\/tags?post=1066"}],"curies":[{"name":"wp","href":"https:\/\/api.w.org\/{rel}","templated":true}]}}