{"id":1047,"date":"2021-10-21T16:05:52","date_gmt":"2021-10-21T14:05:52","guid":{"rendered":"http:\/\/www.keol-services.com\/?page_id=1047"},"modified":"2022-02-23T11:48:56","modified_gmt":"2022-02-23T10:48:56","slug":"robots-de-depose","status":"publish","type":"page","link":"https:\/\/keol.agencezebra.link\/fr\/produits-keol\/robots-de-depose\/","title":{"rendered":"Robots de d\u00e9pose"},"content":{"rendered":"<p>Le robot de d\u00e9pose assure la pr\u00e9cision du dosage, la r\u00e9p\u00e9tabilit\u00e9 de la d\u00e9pose et l\u2019<strong>automatisation du process <\/strong>de collage ou d\u2019enrobage.<\/p>\n<p>La programmation des applications de d\u00e9pose r\u00e9duit consid\u00e9rablement les temps de production et garantit une gestion optimale des consommations de mati\u00e8res. Les syst\u00e8mes de d\u00e9pose multiaxes KEOL supportent des \u00e9quipements de dosage jusque 20 kg.<\/p>\n<p>\u00c9quipement de faible encombrement, le robot de d\u00e9pose industriel s\u2019int\u00e8gre facilement sur ligne de production ou en atelier laboratoire sur un support \u00e0 hauteur d\u2019homme pour un travail encore plus ergonomique.<\/p>\n","protected":false},"excerpt":{"rendered":"Le robot de d\u00e9pose assure la pr\u00e9cision du dosage, la r\u00e9p\u00e9tabilit\u00e9 de la d\u00e9pose et l\u2019automatisation du process de collage ou d\u2019enrobage. La programmation des applications de d\u00e9pose r\u00e9duit consid\u00e9rablement&#8230;","protected":false},"author":1,"featured_media":2181,"parent":897,"menu_order":0,"comment_status":"closed","ping_status":"closed","template":"page-templates\/page-produits-autres.php","meta":{"_acf_changed":false,"inline_featured_image":false,"footnotes":""},"tags":[],"class_list":["post-1047","page","type-page","status-publish","has-post-thumbnail","hentry"],"acf":[],"yoast_head":"<!-- This site is optimized with the Yoast SEO plugin v25.6 - https:\/\/yoast.com\/wordpress\/plugins\/seo\/ -->\n<title>Robots de d\u00e9pose - Keol<\/title>\n<meta name=\"description\" content=\"Les robots de d\u00e9pose assure la pr\u00e9cision du dosage, la r\u00e9p\u00e9tabilit\u00e9 de la d\u00e9pose et l\u2019automatisation du process de collage ou d\u2019enrobage.\" \/>\n<meta name=\"robots\" content=\"index, follow, max-snippet:-1, max-image-preview:large, max-video-preview:-1\" \/>\n<link rel=\"canonical\" href=\"https:\/\/keol.agencezebra.link\/fr\/produits-keol\/robots-de-depose\/\" \/>\n<meta property=\"og:locale\" content=\"fr_FR\" \/>\n<meta property=\"og:type\" content=\"article\" \/>\n<meta property=\"og:title\" content=\"Robots de d\u00e9pose - Keol\" \/>\n<meta property=\"og:description\" content=\"Les robots de d\u00e9pose assure la pr\u00e9cision du dosage, la r\u00e9p\u00e9tabilit\u00e9 de la d\u00e9pose et l\u2019automatisation du process de collage ou d\u2019enrobage.\" \/>\n<meta property=\"og:url\" content=\"https:\/\/keol.agencezebra.link\/fr\/produits-keol\/robots-de-depose\/\" \/>\n<meta property=\"og:site_name\" content=\"Keol\" \/>\n<meta property=\"article:modified_time\" content=\"2022-02-23T10:48:56+00:00\" \/>\n<meta property=\"og:image\" content=\"https:\/\/keol.agencezebra.link\/wp-content\/uploads\/2021\/11\/robots-de-depose.jpg\" \/>\n\t<meta property=\"og:image:width\" content=\"600\" \/>\n\t<meta property=\"og:image:height\" content=\"400\" \/>\n\t<meta property=\"og:image:type\" content=\"image\/jpeg\" \/>\n<meta name=\"twitter:card\" content=\"summary_large_image\" \/>\n<meta name=\"twitter:label1\" content=\"Dur\u00e9e de lecture estim\u00e9e\" \/>\n\t<meta name=\"twitter:data1\" content=\"1 minute\" \/>\n<script type=\"application\/ld+json\" class=\"yoast-schema-graph\">{\"@context\":\"https:\/\/schema.org\",\"@graph\":[{\"@type\":\"WebPage\",\"@id\":\"https:\/\/keol.agencezebra.link\/fr\/produits-keol\/robots-de-depose\/\",\"url\":\"https:\/\/keol.agencezebra.link\/fr\/produits-keol\/robots-de-depose\/\",\"name\":\"Robots de d\u00e9pose - Keol\",\"isPartOf\":{\"@id\":\"https:\/\/keol.agencezebra.link\/fr\/#website\"},\"primaryImageOfPage\":{\"@id\":\"https:\/\/keol.agencezebra.link\/fr\/produits-keol\/robots-de-depose\/#primaryimage\"},\"image\":{\"@id\":\"https:\/\/keol.agencezebra.link\/fr\/produits-keol\/robots-de-depose\/#primaryimage\"},\"thumbnailUrl\":\"https:\/\/keol.agencezebra.link\/wp-content\/uploads\/2021\/11\/robots-de-depose.jpg\",\"datePublished\":\"2021-10-21T14:05:52+00:00\",\"dateModified\":\"2022-02-23T10:48:56+00:00\",\"description\":\"Les robots de d\u00e9pose assure la pr\u00e9cision du dosage, la r\u00e9p\u00e9tabilit\u00e9 de la d\u00e9pose et l\u2019automatisation du process de collage ou d\u2019enrobage.\",\"breadcrumb\":{\"@id\":\"https:\/\/keol.agencezebra.link\/fr\/produits-keol\/robots-de-depose\/#breadcrumb\"},\"inLanguage\":\"fr-FR\",\"potentialAction\":[{\"@type\":\"ReadAction\",\"target\":[\"https:\/\/keol.agencezebra.link\/fr\/produits-keol\/robots-de-depose\/\"]}]},{\"@type\":\"ImageObject\",\"inLanguage\":\"fr-FR\",\"@id\":\"https:\/\/keol.agencezebra.link\/fr\/produits-keol\/robots-de-depose\/#primaryimage\",\"url\":\"https:\/\/keol.agencezebra.link\/wp-content\/uploads\/2021\/11\/robots-de-depose.jpg\",\"contentUrl\":\"https:\/\/keol.agencezebra.link\/wp-content\/uploads\/2021\/11\/robots-de-depose.jpg\",\"width\":600,\"height\":400},{\"@type\":\"BreadcrumbList\",\"@id\":\"https:\/\/keol.agencezebra.link\/fr\/produits-keol\/robots-de-depose\/#breadcrumb\",\"itemListElement\":[{\"@type\":\"ListItem\",\"position\":1,\"name\":\"Produits\",\"item\":\"https:\/\/keol.agencezebra.link\/fr\/produits-keol\/\"},{\"@type\":\"ListItem\",\"position\":2,\"name\":\"Robots de d\u00e9pose\"}]},{\"@type\":\"WebSite\",\"@id\":\"https:\/\/keol.agencezebra.link\/fr\/#website\",\"url\":\"https:\/\/keol.agencezebra.link\/fr\/\",\"name\":\"Keol\",\"description\":\"Collage haute pr\u00e9cision\",\"potentialAction\":[{\"@type\":\"SearchAction\",\"target\":{\"@type\":\"EntryPoint\",\"urlTemplate\":\"https:\/\/keol.agencezebra.link\/fr\/?s={search_term_string}\"},\"query-input\":{\"@type\":\"PropertyValueSpecification\",\"valueRequired\":true,\"valueName\":\"search_term_string\"}}],\"inLanguage\":\"fr-FR\"}]}<\/script>\n<!-- \/ Yoast SEO plugin. -->","yoast_head_json":{"title":"Robots de d\u00e9pose - Keol","description":"Les robots de d\u00e9pose assure la pr\u00e9cision du dosage, la r\u00e9p\u00e9tabilit\u00e9 de la d\u00e9pose et l\u2019automatisation du process de collage ou d\u2019enrobage.","robots":{"index":"index","follow":"follow","max-snippet":"max-snippet:-1","max-image-preview":"max-image-preview:large","max-video-preview":"max-video-preview:-1"},"canonical":"https:\/\/keol.agencezebra.link\/fr\/produits-keol\/robots-de-depose\/","og_locale":"fr_FR","og_type":"article","og_title":"Robots de d\u00e9pose - Keol","og_description":"Les robots de d\u00e9pose assure la pr\u00e9cision du dosage, la r\u00e9p\u00e9tabilit\u00e9 de la d\u00e9pose et l\u2019automatisation du process de collage ou d\u2019enrobage.","og_url":"https:\/\/keol.agencezebra.link\/fr\/produits-keol\/robots-de-depose\/","og_site_name":"Keol","article_modified_time":"2022-02-23T10:48:56+00:00","og_image":[{"width":600,"height":400,"url":"https:\/\/keol.agencezebra.link\/wp-content\/uploads\/2021\/11\/robots-de-depose.jpg","type":"image\/jpeg"}],"twitter_card":"summary_large_image","twitter_misc":{"Dur\u00e9e de lecture estim\u00e9e":"1 minute"},"schema":{"@context":"https:\/\/schema.org","@graph":[{"@type":"WebPage","@id":"https:\/\/keol.agencezebra.link\/fr\/produits-keol\/robots-de-depose\/","url":"https:\/\/keol.agencezebra.link\/fr\/produits-keol\/robots-de-depose\/","name":"Robots de d\u00e9pose - Keol","isPartOf":{"@id":"https:\/\/keol.agencezebra.link\/fr\/#website"},"primaryImageOfPage":{"@id":"https:\/\/keol.agencezebra.link\/fr\/produits-keol\/robots-de-depose\/#primaryimage"},"image":{"@id":"https:\/\/keol.agencezebra.link\/fr\/produits-keol\/robots-de-depose\/#primaryimage"},"thumbnailUrl":"https:\/\/keol.agencezebra.link\/wp-content\/uploads\/2021\/11\/robots-de-depose.jpg","datePublished":"2021-10-21T14:05:52+00:00","dateModified":"2022-02-23T10:48:56+00:00","description":"Les robots de d\u00e9pose assure la pr\u00e9cision du dosage, la r\u00e9p\u00e9tabilit\u00e9 de la d\u00e9pose et l\u2019automatisation du process de collage ou d\u2019enrobage.","breadcrumb":{"@id":"https:\/\/keol.agencezebra.link\/fr\/produits-keol\/robots-de-depose\/#breadcrumb"},"inLanguage":"fr-FR","potentialAction":[{"@type":"ReadAction","target":["https:\/\/keol.agencezebra.link\/fr\/produits-keol\/robots-de-depose\/"]}]},{"@type":"ImageObject","inLanguage":"fr-FR","@id":"https:\/\/keol.agencezebra.link\/fr\/produits-keol\/robots-de-depose\/#primaryimage","url":"https:\/\/keol.agencezebra.link\/wp-content\/uploads\/2021\/11\/robots-de-depose.jpg","contentUrl":"https:\/\/keol.agencezebra.link\/wp-content\/uploads\/2021\/11\/robots-de-depose.jpg","width":600,"height":400},{"@type":"BreadcrumbList","@id":"https:\/\/keol.agencezebra.link\/fr\/produits-keol\/robots-de-depose\/#breadcrumb","itemListElement":[{"@type":"ListItem","position":1,"name":"Produits","item":"https:\/\/keol.agencezebra.link\/fr\/produits-keol\/"},{"@type":"ListItem","position":2,"name":"Robots de d\u00e9pose"}]},{"@type":"WebSite","@id":"https:\/\/keol.agencezebra.link\/fr\/#website","url":"https:\/\/keol.agencezebra.link\/fr\/","name":"Keol","description":"Collage haute pr\u00e9cision","potentialAction":[{"@type":"SearchAction","target":{"@type":"EntryPoint","urlTemplate":"https:\/\/keol.agencezebra.link\/fr\/?s={search_term_string}"},"query-input":{"@type":"PropertyValueSpecification","valueRequired":true,"valueName":"search_term_string"}}],"inLanguage":"fr-FR"}]}},"_links":{"self":[{"href":"https:\/\/keol.agencezebra.link\/fr\/wp-json\/wp\/v2\/pages\/1047"}],"collection":[{"href":"https:\/\/keol.agencezebra.link\/fr\/wp-json\/wp\/v2\/pages"}],"about":[{"href":"https:\/\/keol.agencezebra.link\/fr\/wp-json\/wp\/v2\/types\/page"}],"author":[{"embeddable":true,"href":"https:\/\/keol.agencezebra.link\/fr\/wp-json\/wp\/v2\/users\/1"}],"replies":[{"embeddable":true,"href":"https:\/\/keol.agencezebra.link\/fr\/wp-json\/wp\/v2\/comments?post=1047"}],"version-history":[{"count":19,"href":"https:\/\/keol.agencezebra.link\/fr\/wp-json\/wp\/v2\/pages\/1047\/revisions"}],"predecessor-version":[{"id":2937,"href":"https:\/\/keol.agencezebra.link\/fr\/wp-json\/wp\/v2\/pages\/1047\/revisions\/2937"}],"up":[{"embeddable":true,"href":"https:\/\/keol.agencezebra.link\/fr\/wp-json\/wp\/v2\/pages\/897"}],"wp:featuredmedia":[{"embeddable":true,"href":"https:\/\/keol.agencezebra.link\/fr\/wp-json\/wp\/v2\/media\/2181"}],"wp:attachment":[{"href":"https:\/\/keol.agencezebra.link\/fr\/wp-json\/wp\/v2\/media?parent=1047"}],"wp:term":[{"taxonomy":"post_tag","embeddable":true,"href":"https:\/\/keol.agencezebra.link\/fr\/wp-json\/wp\/v2\/tags?post=1047"}],"curies":[{"name":"wp","href":"https:\/\/api.w.org\/{rel}","templated":true}]}}