{"id":1043,"date":"2021-10-21T15:59:09","date_gmt":"2021-10-21T13:59:09","guid":{"rendered":"http:\/\/www.keol-services.com\/?page_id=1043"},"modified":"2022-03-23T14:58:39","modified_gmt":"2022-03-23T13:58:39","slug":"melangeurs-planetaires-keol","status":"publish","type":"page","link":"https:\/\/keol.agencezebra.link\/fr\/produits-keol\/melangeurs-planetaires-keol\/","title":{"rendered":"M\u00e9langeurs plan\u00e9taires"},"content":{"rendered":"<h2>Syst\u00e8me de m\u00e9lange et d\u00e9gazage<\/h2>\n<p>Dans une installation de production industrielle par assemblage, un m\u00e9langeur plan\u00e9taire est la meilleure solution pour r\u00e9aliser des m\u00e9langes de produits bi-composants haute qualit\u00e9.<\/p>\n<p>Pour obtenir la garantie d\u2019un dosage parfait, le m\u00e9lange en amont se doit de l\u2019\u00eatre lui aussi.<\/p>\n<p>Le m\u00e9langeur plan\u00e9taire r\u00e9alise un m\u00e9lange sans bulle d\u2019air, homog\u00e8ne et uniforme quelles que soient les caract\u00e9ristiques des mati\u00e8res \u00e0 mixer : colles, r\u00e9sines silicones, liquides de plus ou moins grandes viscosit\u00e9 et densit\u00e9, mat\u00e9riaux charg\u00e9s en particules, avec colorants, etc.<\/p>\n<p>Non seulement le m\u00e9langeur plan\u00e9taire remplit l\u2019objectif premier de d\u00e9gazage des produits mais aussi favorise la reproductibilit\u00e9 du dosage !<\/p>\n","protected":false},"excerpt":{"rendered":"Syst\u00e8me de m\u00e9lange et d\u00e9gazage Dans une installation de production industrielle par assemblage, un m\u00e9langeur plan\u00e9taire est la meilleure solution pour r\u00e9aliser des m\u00e9langes de produits bi-composants haute qualit\u00e9. Pour&#8230;","protected":false},"author":1,"featured_media":2219,"parent":897,"menu_order":0,"comment_status":"closed","ping_status":"closed","template":"page-templates\/page-produits-autres.php","meta":{"_acf_changed":false,"inline_featured_image":false,"footnotes":""},"tags":[],"class_list":["post-1043","page","type-page","status-publish","has-post-thumbnail","hentry"],"acf":[],"yoast_head":"<!-- This site is optimized with the Yoast SEO plugin v25.6 - https:\/\/yoast.com\/wordpress\/plugins\/seo\/ -->\n<title>M\u00e9langeurs plan\u00e9taires KEOL<\/title>\n<meta name=\"description\" content=\"M\u00e9langeurs plan\u00e9taires KEOL. Un m\u00e9langeur plan\u00e9taire est la meilleure solution pour r\u00e9aliser des m\u00e9langes de produits bi-composants.\" \/>\n<meta name=\"robots\" content=\"index, follow, max-snippet:-1, max-image-preview:large, max-video-preview:-1\" \/>\n<link rel=\"canonical\" href=\"https:\/\/keol.agencezebra.link\/fr\/produits-keol\/melangeurs-planetaires-keol\/\" \/>\n<meta property=\"og:locale\" content=\"fr_FR\" \/>\n<meta property=\"og:type\" content=\"article\" \/>\n<meta property=\"og:title\" content=\"M\u00e9langeurs plan\u00e9taires KEOL\" \/>\n<meta property=\"og:description\" content=\"M\u00e9langeurs plan\u00e9taires KEOL. Un m\u00e9langeur plan\u00e9taire est la meilleure solution pour r\u00e9aliser des m\u00e9langes de produits bi-composants.\" \/>\n<meta property=\"og:url\" content=\"https:\/\/keol.agencezebra.link\/fr\/produits-keol\/melangeurs-planetaires-keol\/\" \/>\n<meta property=\"og:site_name\" content=\"Keol\" \/>\n<meta property=\"article:modified_time\" content=\"2022-03-23T13:58:39+00:00\" \/>\n<meta property=\"og:image\" content=\"https:\/\/keol.agencezebra.link\/wp-content\/uploads\/2021\/11\/melangeur-planetaire-1.jpg\" \/>\n\t<meta property=\"og:image:width\" content=\"600\" \/>\n\t<meta property=\"og:image:height\" content=\"516\" \/>\n\t<meta property=\"og:image:type\" content=\"image\/jpeg\" \/>\n<meta name=\"twitter:card\" content=\"summary_large_image\" \/>\n<meta name=\"twitter:label1\" content=\"Dur\u00e9e de lecture estim\u00e9e\" \/>\n\t<meta name=\"twitter:data1\" content=\"1 minute\" \/>\n<script type=\"application\/ld+json\" class=\"yoast-schema-graph\">{\"@context\":\"https:\/\/schema.org\",\"@graph\":[{\"@type\":\"WebPage\",\"@id\":\"https:\/\/keol.agencezebra.link\/fr\/produits-keol\/melangeurs-planetaires-keol\/\",\"url\":\"https:\/\/keol.agencezebra.link\/fr\/produits-keol\/melangeurs-planetaires-keol\/\",\"name\":\"M\u00e9langeurs plan\u00e9taires KEOL\",\"isPartOf\":{\"@id\":\"https:\/\/keol.agencezebra.link\/fr\/#website\"},\"primaryImageOfPage\":{\"@id\":\"https:\/\/keol.agencezebra.link\/fr\/produits-keol\/melangeurs-planetaires-keol\/#primaryimage\"},\"image\":{\"@id\":\"https:\/\/keol.agencezebra.link\/fr\/produits-keol\/melangeurs-planetaires-keol\/#primaryimage\"},\"thumbnailUrl\":\"https:\/\/keol.agencezebra.link\/wp-content\/uploads\/2021\/11\/melangeur-planetaire-1.jpg\",\"datePublished\":\"2021-10-21T13:59:09+00:00\",\"dateModified\":\"2022-03-23T13:58:39+00:00\",\"description\":\"M\u00e9langeurs plan\u00e9taires KEOL. Un m\u00e9langeur plan\u00e9taire est la meilleure solution pour r\u00e9aliser des m\u00e9langes de produits bi-composants.\",\"breadcrumb\":{\"@id\":\"https:\/\/keol.agencezebra.link\/fr\/produits-keol\/melangeurs-planetaires-keol\/#breadcrumb\"},\"inLanguage\":\"fr-FR\",\"potentialAction\":[{\"@type\":\"ReadAction\",\"target\":[\"https:\/\/keol.agencezebra.link\/fr\/produits-keol\/melangeurs-planetaires-keol\/\"]}]},{\"@type\":\"ImageObject\",\"inLanguage\":\"fr-FR\",\"@id\":\"https:\/\/keol.agencezebra.link\/fr\/produits-keol\/melangeurs-planetaires-keol\/#primaryimage\",\"url\":\"https:\/\/keol.agencezebra.link\/wp-content\/uploads\/2021\/11\/melangeur-planetaire-1.jpg\",\"contentUrl\":\"https:\/\/keol.agencezebra.link\/wp-content\/uploads\/2021\/11\/melangeur-planetaire-1.jpg\",\"width\":600,\"height\":516},{\"@type\":\"BreadcrumbList\",\"@id\":\"https:\/\/keol.agencezebra.link\/fr\/produits-keol\/melangeurs-planetaires-keol\/#breadcrumb\",\"itemListElement\":[{\"@type\":\"ListItem\",\"position\":1,\"name\":\"Produits\",\"item\":\"https:\/\/keol.agencezebra.link\/fr\/produits-keol\/\"},{\"@type\":\"ListItem\",\"position\":2,\"name\":\"M\u00e9langeurs plan\u00e9taires\"}]},{\"@type\":\"WebSite\",\"@id\":\"https:\/\/keol.agencezebra.link\/fr\/#website\",\"url\":\"https:\/\/keol.agencezebra.link\/fr\/\",\"name\":\"Keol\",\"description\":\"Collage haute pr\u00e9cision\",\"potentialAction\":[{\"@type\":\"SearchAction\",\"target\":{\"@type\":\"EntryPoint\",\"urlTemplate\":\"https:\/\/keol.agencezebra.link\/fr\/?s={search_term_string}\"},\"query-input\":{\"@type\":\"PropertyValueSpecification\",\"valueRequired\":true,\"valueName\":\"search_term_string\"}}],\"inLanguage\":\"fr-FR\"}]}<\/script>\n<!-- \/ Yoast SEO plugin. -->","yoast_head_json":{"title":"M\u00e9langeurs plan\u00e9taires KEOL","description":"M\u00e9langeurs plan\u00e9taires KEOL. Un m\u00e9langeur plan\u00e9taire est la meilleure solution pour r\u00e9aliser des m\u00e9langes de produits bi-composants.","robots":{"index":"index","follow":"follow","max-snippet":"max-snippet:-1","max-image-preview":"max-image-preview:large","max-video-preview":"max-video-preview:-1"},"canonical":"https:\/\/keol.agencezebra.link\/fr\/produits-keol\/melangeurs-planetaires-keol\/","og_locale":"fr_FR","og_type":"article","og_title":"M\u00e9langeurs plan\u00e9taires KEOL","og_description":"M\u00e9langeurs plan\u00e9taires KEOL. Un m\u00e9langeur plan\u00e9taire est la meilleure solution pour r\u00e9aliser des m\u00e9langes de produits bi-composants.","og_url":"https:\/\/keol.agencezebra.link\/fr\/produits-keol\/melangeurs-planetaires-keol\/","og_site_name":"Keol","article_modified_time":"2022-03-23T13:58:39+00:00","og_image":[{"width":600,"height":516,"url":"https:\/\/keol.agencezebra.link\/wp-content\/uploads\/2021\/11\/melangeur-planetaire-1.jpg","type":"image\/jpeg"}],"twitter_card":"summary_large_image","twitter_misc":{"Dur\u00e9e de lecture estim\u00e9e":"1 minute"},"schema":{"@context":"https:\/\/schema.org","@graph":[{"@type":"WebPage","@id":"https:\/\/keol.agencezebra.link\/fr\/produits-keol\/melangeurs-planetaires-keol\/","url":"https:\/\/keol.agencezebra.link\/fr\/produits-keol\/melangeurs-planetaires-keol\/","name":"M\u00e9langeurs plan\u00e9taires KEOL","isPartOf":{"@id":"https:\/\/keol.agencezebra.link\/fr\/#website"},"primaryImageOfPage":{"@id":"https:\/\/keol.agencezebra.link\/fr\/produits-keol\/melangeurs-planetaires-keol\/#primaryimage"},"image":{"@id":"https:\/\/keol.agencezebra.link\/fr\/produits-keol\/melangeurs-planetaires-keol\/#primaryimage"},"thumbnailUrl":"https:\/\/keol.agencezebra.link\/wp-content\/uploads\/2021\/11\/melangeur-planetaire-1.jpg","datePublished":"2021-10-21T13:59:09+00:00","dateModified":"2022-03-23T13:58:39+00:00","description":"M\u00e9langeurs plan\u00e9taires KEOL. Un m\u00e9langeur plan\u00e9taire est la meilleure solution pour r\u00e9aliser des m\u00e9langes de produits bi-composants.","breadcrumb":{"@id":"https:\/\/keol.agencezebra.link\/fr\/produits-keol\/melangeurs-planetaires-keol\/#breadcrumb"},"inLanguage":"fr-FR","potentialAction":[{"@type":"ReadAction","target":["https:\/\/keol.agencezebra.link\/fr\/produits-keol\/melangeurs-planetaires-keol\/"]}]},{"@type":"ImageObject","inLanguage":"fr-FR","@id":"https:\/\/keol.agencezebra.link\/fr\/produits-keol\/melangeurs-planetaires-keol\/#primaryimage","url":"https:\/\/keol.agencezebra.link\/wp-content\/uploads\/2021\/11\/melangeur-planetaire-1.jpg","contentUrl":"https:\/\/keol.agencezebra.link\/wp-content\/uploads\/2021\/11\/melangeur-planetaire-1.jpg","width":600,"height":516},{"@type":"BreadcrumbList","@id":"https:\/\/keol.agencezebra.link\/fr\/produits-keol\/melangeurs-planetaires-keol\/#breadcrumb","itemListElement":[{"@type":"ListItem","position":1,"name":"Produits","item":"https:\/\/keol.agencezebra.link\/fr\/produits-keol\/"},{"@type":"ListItem","position":2,"name":"M\u00e9langeurs plan\u00e9taires"}]},{"@type":"WebSite","@id":"https:\/\/keol.agencezebra.link\/fr\/#website","url":"https:\/\/keol.agencezebra.link\/fr\/","name":"Keol","description":"Collage haute pr\u00e9cision","potentialAction":[{"@type":"SearchAction","target":{"@type":"EntryPoint","urlTemplate":"https:\/\/keol.agencezebra.link\/fr\/?s={search_term_string}"},"query-input":{"@type":"PropertyValueSpecification","valueRequired":true,"valueName":"search_term_string"}}],"inLanguage":"fr-FR"}]}},"_links":{"self":[{"href":"https:\/\/keol.agencezebra.link\/fr\/wp-json\/wp\/v2\/pages\/1043"}],"collection":[{"href":"https:\/\/keol.agencezebra.link\/fr\/wp-json\/wp\/v2\/pages"}],"about":[{"href":"https:\/\/keol.agencezebra.link\/fr\/wp-json\/wp\/v2\/types\/page"}],"author":[{"embeddable":true,"href":"https:\/\/keol.agencezebra.link\/fr\/wp-json\/wp\/v2\/users\/1"}],"replies":[{"embeddable":true,"href":"https:\/\/keol.agencezebra.link\/fr\/wp-json\/wp\/v2\/comments?post=1043"}],"version-history":[{"count":36,"href":"https:\/\/keol.agencezebra.link\/fr\/wp-json\/wp\/v2\/pages\/1043\/revisions"}],"predecessor-version":[{"id":6150,"href":"https:\/\/keol.agencezebra.link\/fr\/wp-json\/wp\/v2\/pages\/1043\/revisions\/6150"}],"up":[{"embeddable":true,"href":"https:\/\/keol.agencezebra.link\/fr\/wp-json\/wp\/v2\/pages\/897"}],"wp:featuredmedia":[{"embeddable":true,"href":"https:\/\/keol.agencezebra.link\/fr\/wp-json\/wp\/v2\/media\/2219"}],"wp:attachment":[{"href":"https:\/\/keol.agencezebra.link\/fr\/wp-json\/wp\/v2\/media?parent=1043"}],"wp:term":[{"taxonomy":"post_tag","embeddable":true,"href":"https:\/\/keol.agencezebra.link\/fr\/wp-json\/wp\/v2\/tags?post=1043"}],"curies":[{"name":"wp","href":"https:\/\/api.w.org\/{rel}","templated":true}]}}